{"id":47939,"date":"2024-09-15T12:31:36","date_gmt":"2024-09-15T10:31:36","guid":{"rendered":"https:\/\/veganova.eu\/?post_type=product&#038;p=47939"},"modified":"2026-04-21T07:26:01","modified_gmt":"2026-04-21T05:26:01","slug":"kiki-health-ionic-electrolytes-liquid-concentrate-50-ml","status":"publish","type":"product","link":"https:\/\/veganova.eu\/es\/shop\/kiki-health-ionic-electrolytes-liquid-concentrate-50-ml\/","title":{"rendered":"Concentrado l\u00edquido de electrolitos i\u00f3nicos KIKI Health - 50 ml."},"content":{"rendered":"<h3>Concentrado l\u00edquido de electrolitos i\u00f3nicos KIKI Health - 50 ml.<\/h3>\n<p>A blend of 6 essential electrolyte minerals<br \/>\nHecho de 100% minerales naturales de la tierra<br \/>\nSimplemente mezclado con agua desionizada<br \/>\nDe r\u00e1pida absorci\u00f3n y 100% biodisponible<br \/>\nFavorece un equilibrio mineral \u00f3ptimo<br \/>\nNo requieren digesti\u00f3n, debido a su forma l\u00edquida<br \/>\nF\u00e1cil de usar, basta con a\u00f1adir unas gotas al agua<br \/>\nContains chromium to help maintain blood glucose levels<\/p>\n<p>Ionic electrolyte mineral drops provide essential minerals in a form that is easily absorbed by the body. These drops typically contain a mixture of trace minerals in an ionic form, which means they are in a charged state and can be readily taken up by cells.<\/p>\n<p>Ionic electrolyte mineral drops can help replenish electrolytes lost through sweat during exercise, particularly in athletes and individuals engaged in strenuous physical activity. They can also be used to support hydration, muscle function, and overall well-being.<\/p>\n<p>Nuestros minerales i\u00f3nicos naturales est\u00e1n dise\u00f1ados para restaurar los minerales a nivel celular.<\/p>\n<p>Cuando se a\u00f1aden al agua desionizada, estos concentrados l\u00edquidos i\u00f3nicos elaborados a partir de 100% minerales naturales de la tierra, ayudan a alcanzar un estado de \"mineralibrio\" o equilibrio mineral \u00f3ptimo de los tejidos.<\/p>\n<p>Su forma l\u00edquida los hace f\u00e1cilmente digeribles y totalmente biodisponibles para el organismo, ya que pueden absorberse r\u00e1pidamente sin ser digeridos, permiti\u00e9ndole cosechar sus beneficios sin demora.<\/p>\n<p>Utilizarlos es tan sencillo como a\u00f1adir unas gotas a un vaso de agua.<\/p>","protected":false},"excerpt":{"rendered":"<p>KIKI Health Ionic Electrolytes Liquid Concentrate is made of 100% earth made minerals. Blend of 6 essential electrolyte minerals is Rapidly absorbed and 100% bioavailable. Content: 50ml. Vegan, Gluten Free.<\/p>","protected":false},"featured_media":52065,"comment_status":"closed","ping_status":"closed","template":"","meta":{"advanced_seo_description":"","jetpack_seo_html_title":"","jetpack_seo_noindex":false},"pwb-brand":[166],"product_brand":[4573],"product_cat":[172,2598,132,152],"product_tag":[],"class_list":{"0":"post-47939","1":"product","2":"type-product","3":"status-publish","4":"has-post-thumbnail","6":"pwb-brand-kiki-health","7":"product_brand-kiki-health","8":"product_cat-minerals","9":"product_cat-recovery","10":"product_cat-sports-nutrition","11":"product_cat-vitamins-and-minerals","12":"brand_woo-kiki-health","14":"first","15":"instock","16":"featured","17":"taxable","18":"shipping-taxable","19":"purchasable","20":"product-type-simple"},"jetpack_sharing_enabled":true,"brands":[{"id":166,"name":"KIKI Salud","slug":"kiki-health"}],"_links":{"self":[{"href":"https:\/\/veganova.eu\/es\/wp-json\/wp\/v2\/product\/47939","targetHints":{"allow":["GET"]}}],"collection":[{"href":"https:\/\/veganova.eu\/es\/wp-json\/wp\/v2\/product"}],"about":[{"href":"https:\/\/veganova.eu\/es\/wp-json\/wp\/v2\/types\/product"}],"replies":[{"embeddable":true,"href":"https:\/\/veganova.eu\/es\/wp-json\/wp\/v2\/comments?post=47939"}],"version-history":[{"count":1,"href":"https:\/\/veganova.eu\/es\/wp-json\/wp\/v2\/product\/47939\/revisions"}],"predecessor-version":[{"id":59292,"href":"https:\/\/veganova.eu\/es\/wp-json\/wp\/v2\/product\/47939\/revisions\/59292"}],"wp:featuredmedia":[{"embeddable":true,"href":"https:\/\/veganova.eu\/es\/wp-json\/wp\/v2\/media\/52065"}],"wp:attachment":[{"href":"https:\/\/veganova.eu\/es\/wp-json\/wp\/v2\/media?parent=47939"}],"wp:term":[{"taxonomy":"pwb-brand","embeddable":true,"href":"https:\/\/veganova.eu\/es\/wp-json\/wp\/v2\/pwb-brand?post=47939"},{"taxonomy":"product_brand","embeddable":true,"href":"https:\/\/veganova.eu\/es\/wp-json\/wp\/v2\/product_brand?post=47939"},{"taxonomy":"product_cat","embeddable":true,"href":"https:\/\/veganova.eu\/es\/wp-json\/wp\/v2\/product_cat?post=47939"},{"taxonomy":"product_tag","embeddable":true,"href":"https:\/\/veganova.eu\/es\/wp-json\/wp\/v2\/product_tag?post=47939"}],"curies":[{"name":"wp","href":"https:\/\/api.w.org\/{rel}","templated":true}]}}