{"id":47985,"date":"2024-09-15T12:32:41","date_gmt":"2024-09-15T10:32:41","guid":{"rendered":"https:\/\/veganova.eu\/?post_type=product&#038;p=47985"},"modified":"2026-05-02T02:27:34","modified_gmt":"2026-05-02T00:27:34","slug":"swanson-magnesium-gummies-watermelon-120-gummies","status":"publish","type":"product","link":"https:\/\/veganova.eu\/es\/shop\/swanson-magnesium-gummies-watermelon-120-gummies\/","title":{"rendered":"Swanson Magnesio Gummies, Sand\u00eda - 120 gummies"},"content":{"rendered":"<h3>Swanson Magnesio Gummies, Sand\u00eda - 120 gummies<\/h3>\n<p>Ayuda para el estr\u00e9s, los m\u00fasculos y los huesos<br \/>\nVegano<br \/>\nSin gluten<br \/>\nSin OMG<br \/>\nSuplemento diet\u00e9tico<br \/>\nFavorece una respuesta sana al estr\u00e9s<br \/>\nEsencial para la salud del coraz\u00f3n, los huesos y los m\u00fasculos<br \/>\nFavorece la relajaci\u00f3n de la mente y el cuerpo<br \/>\nVegetariano<\/p>\n<p>El magnesio ha ocupado un lugar importante en los reg\u00edmenes de salud \u00f3sea durante d\u00e9cadas, pero est\u00e1 ganando popularidad para promover la relajaci\u00f3n mental y f\u00edsica. Para darle un toque sabroso a este mineral esencial, pruebe las Gominolas de Citrato de Magnesio Swanson. Estas gominolas veganas y sin gluten aportan 84 mg de suave citrato de magnesio en cada gominola con un jugoso sabor a sand\u00eda que seguro complacer\u00e1 a cualquier paladar.<\/p>","protected":false},"excerpt":{"rendered":"<p>Swanson Magnesium Gummies apoya la mente y el cuerpo. Contenido: 120 gomitas. Certificaci\u00f3n: vegano, sin gluten, no gmo.<\/p>","protected":false},"featured_media":52304,"comment_status":"closed","ping_status":"closed","template":"","meta":{"advanced_seo_description":"","jetpack_seo_html_title":"","jetpack_seo_noindex":false},"pwb-brand":[450],"product_brand":[4753],"product_cat":[172,2598,132,152],"product_tag":[],"class_list":{"0":"post-47985","1":"product","2":"type-product","3":"status-publish","4":"has-post-thumbnail","6":"pwb-brand-swanson","7":"product_brand-swanson","8":"product_cat-minerals","9":"product_cat-recovery","10":"product_cat-sports-nutrition","11":"product_cat-vitamins-and-minerals","12":"brand_woo-swanson","14":"first","15":"outofstock","16":"taxable","17":"shipping-taxable","18":"purchasable","19":"product-type-simple"},"jetpack_sharing_enabled":true,"brands":[{"id":450,"name":"Swanson","slug":"swanson"}],"_links":{"self":[{"href":"https:\/\/veganova.eu\/es\/wp-json\/wp\/v2\/product\/47985","targetHints":{"allow":["GET"]}}],"collection":[{"href":"https:\/\/veganova.eu\/es\/wp-json\/wp\/v2\/product"}],"about":[{"href":"https:\/\/veganova.eu\/es\/wp-json\/wp\/v2\/types\/product"}],"replies":[{"embeddable":true,"href":"https:\/\/veganova.eu\/es\/wp-json\/wp\/v2\/comments?post=47985"}],"version-history":[{"count":1,"href":"https:\/\/veganova.eu\/es\/wp-json\/wp\/v2\/product\/47985\/revisions"}],"predecessor-version":[{"id":59313,"href":"https:\/\/veganova.eu\/es\/wp-json\/wp\/v2\/product\/47985\/revisions\/59313"}],"wp:featuredmedia":[{"embeddable":true,"href":"https:\/\/veganova.eu\/es\/wp-json\/wp\/v2\/media\/52304"}],"wp:attachment":[{"href":"https:\/\/veganova.eu\/es\/wp-json\/wp\/v2\/media?parent=47985"}],"wp:term":[{"taxonomy":"pwb-brand","embeddable":true,"href":"https:\/\/veganova.eu\/es\/wp-json\/wp\/v2\/pwb-brand?post=47985"},{"taxonomy":"product_brand","embeddable":true,"href":"https:\/\/veganova.eu\/es\/wp-json\/wp\/v2\/product_brand?post=47985"},{"taxonomy":"product_cat","embeddable":true,"href":"https:\/\/veganova.eu\/es\/wp-json\/wp\/v2\/product_cat?post=47985"},{"taxonomy":"product_tag","embeddable":true,"href":"https:\/\/veganova.eu\/es\/wp-json\/wp\/v2\/product_tag?post=47985"}],"curies":[{"name":"wp","href":"https:\/\/api.w.org\/{rel}","templated":true}]}}