{"id":47989,"date":"2024-09-15T12:32:45","date_gmt":"2024-09-15T10:32:45","guid":{"rendered":"https:\/\/veganova.eu\/?post_type=product&#038;p=47989"},"modified":"2026-05-06T02:31:43","modified_gmt":"2026-05-06T00:31:43","slug":"enzymedica-magnesium-motion-60-caps","status":"publish","type":"product","link":"https:\/\/veganova.eu\/es\/shop\/enzymedica-magnesium-motion-60-caps\/","title":{"rendered":"Enzymedica Magnesio Motion - 60 c\u00e1ps."},"content":{"rendered":"<h3>Enzymedica Magnesio Motion - 60 c\u00e1ps.<\/h3>\n<p>\u00a1El dolor no es tu camino! Haga frente a los dolores y molestias ocasionales con tres formas de magnesio que le dar\u00e1n el impulso celular adicional necesario para estar en su mejor momento.<\/p>\n<p>ATA Mg, junto con el malato de magnesio y el glicinato de magnesio, contribuye al bienestar del cuerpo y la mente. Este tr\u00edo sin\u00e9rgico alivia los dolores cotidianos, favorece la funci\u00f3n muscular y la recuperaci\u00f3n, al tiempo que favorece la salud de los huesos y la funci\u00f3n cardiovascular.<\/p>\n<p>Es bien sabido que el glicinato de magnesio favorece el sue\u00f1o reparador, el sistema nervioso, la salud de los huesos y la funci\u00f3n cardiaca. El malato de magnesio alivia los dolores cotidianos y favorece la funci\u00f3n muscular y la recuperaci\u00f3n.<\/p>","protected":false},"excerpt":{"rendered":"<p>Magnesium Motion de Enzymedica favorece la funci\u00f3n muscular y la recuperaci\u00f3n, al tiempo que contribuye a la salud de los huesos y a la funci\u00f3n cardiovascular. Contenido: 60 c\u00e1psulas. Certificaci\u00f3n: vegano.<\/p>","protected":false},"featured_media":52316,"comment_status":"closed","ping_status":"closed","template":"","meta":{"advanced_seo_description":"","jetpack_seo_html_title":"","jetpack_seo_noindex":false},"pwb-brand":[467],"product_brand":[4767],"product_cat":[172,2598,132,152],"product_tag":[],"class_list":{"0":"post-47989","1":"product","2":"type-product","3":"status-publish","4":"has-post-thumbnail","6":"pwb-brand-enzymedica","7":"product_brand-enzymedica","8":"product_cat-minerals","9":"product_cat-recovery","10":"product_cat-sports-nutrition","11":"product_cat-vitamins-and-minerals","12":"brand_woo-enzymedica","14":"first","15":"instock","16":"taxable","17":"shipping-taxable","18":"purchasable","19":"product-type-simple"},"jetpack_sharing_enabled":true,"brands":[{"id":467,"name":"Enzymedica","slug":"enzymedica"}],"_links":{"self":[{"href":"https:\/\/veganova.eu\/es\/wp-json\/wp\/v2\/product\/47989","targetHints":{"allow":["GET"]}}],"collection":[{"href":"https:\/\/veganova.eu\/es\/wp-json\/wp\/v2\/product"}],"about":[{"href":"https:\/\/veganova.eu\/es\/wp-json\/wp\/v2\/types\/product"}],"replies":[{"embeddable":true,"href":"https:\/\/veganova.eu\/es\/wp-json\/wp\/v2\/comments?post=47989"}],"version-history":[{"count":1,"href":"https:\/\/veganova.eu\/es\/wp-json\/wp\/v2\/product\/47989\/revisions"}],"predecessor-version":[{"id":59315,"href":"https:\/\/veganova.eu\/es\/wp-json\/wp\/v2\/product\/47989\/revisions\/59315"}],"wp:featuredmedia":[{"embeddable":true,"href":"https:\/\/veganova.eu\/es\/wp-json\/wp\/v2\/media\/52316"}],"wp:attachment":[{"href":"https:\/\/veganova.eu\/es\/wp-json\/wp\/v2\/media?parent=47989"}],"wp:term":[{"taxonomy":"pwb-brand","embeddable":true,"href":"https:\/\/veganova.eu\/es\/wp-json\/wp\/v2\/pwb-brand?post=47989"},{"taxonomy":"product_brand","embeddable":true,"href":"https:\/\/veganova.eu\/es\/wp-json\/wp\/v2\/product_brand?post=47989"},{"taxonomy":"product_cat","embeddable":true,"href":"https:\/\/veganova.eu\/es\/wp-json\/wp\/v2\/product_cat?post=47989"},{"taxonomy":"product_tag","embeddable":true,"href":"https:\/\/veganova.eu\/es\/wp-json\/wp\/v2\/product_tag?post=47989"}],"curies":[{"name":"wp","href":"https:\/\/api.w.org\/{rel}","templated":true}]}}