{"id":47997,"date":"2024-09-15T12:32:52","date_gmt":"2024-09-15T10:32:52","guid":{"rendered":"https:\/\/veganova.eu\/?post_type=product&#038;p=47997"},"modified":"2026-04-21T07:26:03","modified_gmt":"2026-04-21T05:26:03","slug":"applied-nutrition-mct-oil-490-ml","status":"publish","type":"product","link":"https:\/\/veganova.eu\/es\/shop\/applied-nutrition-mct-oil-490-ml\/","title":{"rendered":"Applied Nutrition Aceite MCT - 490 ml."},"content":{"rendered":"<h3>Applied Nutrition Aceite MCT - 490 ml<\/h3>\n<p>ACEITE MCT - 100% TRIGLIC\u00c9RIDOS DE CADENA MEDIA<\/p>\n<p>490 ml | 35 raciones<\/p>\n<ul>\n<li>El aceite MCT de Applied Nutrition es un MCT de origen \u00fanico con un alto contenido en C8 y C10.<\/li>\n<li>Los triglic\u00e9ridos de cadena media representan una fuente beneficiosa de \u00e1cidos grasos que pueden a\u00f1adirse al caf\u00e9, a los batidos o a los alimentos<\/li>\n<\/ul>","protected":false},"excerpt":{"rendered":"<p>El Aceite MCT Applied Nutrition es perfecto para la dieta Keto. Se puede a\u00f1adir a su caf\u00e9, batido o comida. Contenido: 490 ml. Certificaci\u00f3n: vegano, halal.<\/p>","protected":false},"featured_media":52295,"comment_status":"closed","ping_status":"closed","template":"","meta":{"advanced_seo_description":"","jetpack_seo_html_title":"","jetpack_seo_noindex":false},"pwb-brand":[202],"product_brand":[4592],"product_cat":[2599,143,177],"product_tag":[],"class_list":{"0":"post-47997","1":"product","2":"type-product","3":"status-publish","4":"has-post-thumbnail","6":"pwb-brand-applied-nutrition","7":"product_brand-applied-nutrition","8":"product_cat-brain-and-memory","9":"product_cat-health-issues","10":"product_cat-weight-loss","11":"brand_woo-applied-nutrition","13":"first","14":"instock","15":"taxable","16":"shipping-taxable","17":"purchasable","18":"product-type-simple"},"jetpack_sharing_enabled":true,"brands":[{"id":202,"name":"Nutrici\u00f3n aplicada","slug":"applied-nutrition"}],"_links":{"self":[{"href":"https:\/\/veganova.eu\/es\/wp-json\/wp\/v2\/product\/47997","targetHints":{"allow":["GET"]}}],"collection":[{"href":"https:\/\/veganova.eu\/es\/wp-json\/wp\/v2\/product"}],"about":[{"href":"https:\/\/veganova.eu\/es\/wp-json\/wp\/v2\/types\/product"}],"replies":[{"embeddable":true,"href":"https:\/\/veganova.eu\/es\/wp-json\/wp\/v2\/comments?post=47997"}],"version-history":[{"count":1,"href":"https:\/\/veganova.eu\/es\/wp-json\/wp\/v2\/product\/47997\/revisions"}],"predecessor-version":[{"id":59316,"href":"https:\/\/veganova.eu\/es\/wp-json\/wp\/v2\/product\/47997\/revisions\/59316"}],"wp:featuredmedia":[{"embeddable":true,"href":"https:\/\/veganova.eu\/es\/wp-json\/wp\/v2\/media\/52295"}],"wp:attachment":[{"href":"https:\/\/veganova.eu\/es\/wp-json\/wp\/v2\/media?parent=47997"}],"wp:term":[{"taxonomy":"pwb-brand","embeddable":true,"href":"https:\/\/veganova.eu\/es\/wp-json\/wp\/v2\/pwb-brand?post=47997"},{"taxonomy":"product_brand","embeddable":true,"href":"https:\/\/veganova.eu\/es\/wp-json\/wp\/v2\/product_brand?post=47997"},{"taxonomy":"product_cat","embeddable":true,"href":"https:\/\/veganova.eu\/es\/wp-json\/wp\/v2\/product_cat?post=47997"},{"taxonomy":"product_tag","embeddable":true,"href":"https:\/\/veganova.eu\/es\/wp-json\/wp\/v2\/product_tag?post=47997"}],"curies":[{"name":"wp","href":"https:\/\/api.w.org\/{rel}","templated":true}]}}