{"id":48201,"date":"2024-09-15T12:36:34","date_gmt":"2024-09-15T10:36:34","guid":{"rendered":"https:\/\/veganova.eu\/?post_type=product&#038;p=48201"},"modified":"2026-04-27T02:22:34","modified_gmt":"2026-04-27T00:22:34","slug":"weider-vegan-protein-brownie-chocolate-750g","status":"publish","type":"product","link":"https:\/\/veganova.eu\/es\/shop\/weider-vegan-protein-brownie-chocolate-750g\/","title":{"rendered":"Prote\u00edna Vegana Weider, Brownie Chocolate - 750g"},"content":{"rendered":"<h3>Prote\u00edna Vegana Weider, Brownie Chocolate - 750g<\/h3>\n<p>LA ALTERNATIVA VEGETAL PARA EL ESTILO DE VIDA VEGANO<\/p>\n<p>Una delicia para una dieta vegana.<\/p>\n<ul>\n<li>Combination of pea and rice protein<\/li>\n<li>outrageously delicious in water or plant-based milk alternatives<\/li>\n<li>provides 21g of protein per serving (depending on flavor)<\/li>\n<\/ul>","protected":false},"excerpt":{"rendered":"<p>Weider Vegan Protein es una combinaci\u00f3n de prote\u00edna de arroz y guisante. Proporciona 21g de prote\u00edna por porci\u00f3n. Sabor: Brownie Chocolate. Contenido: 750g. Certificaci\u00f3n: vegano, sin gluten, sin az\u00facar.<\/p>","protected":false},"featured_media":51994,"comment_status":"closed","ping_status":"closed","template":"","meta":{"advanced_seo_description":"","jetpack_seo_html_title":"","jetpack_seo_noindex":false},"pwb-brand":[499],"product_brand":[4792],"product_cat":[132,133],"product_tag":[],"class_list":{"0":"post-48201","1":"product","2":"type-product","3":"status-publish","4":"has-post-thumbnail","6":"pwb-brand-weider","7":"product_brand-weider","8":"product_cat-sports-nutrition","9":"product_cat-vegan-proteins","10":"brand_woo-weider","12":"first","13":"instock","14":"featured","15":"taxable","16":"shipping-taxable","17":"purchasable","18":"product-type-simple"},"jetpack_sharing_enabled":true,"brands":[{"id":499,"name":"Weider","slug":"weider"}],"_links":{"self":[{"href":"https:\/\/veganova.eu\/es\/wp-json\/wp\/v2\/product\/48201","targetHints":{"allow":["GET"]}}],"collection":[{"href":"https:\/\/veganova.eu\/es\/wp-json\/wp\/v2\/product"}],"about":[{"href":"https:\/\/veganova.eu\/es\/wp-json\/wp\/v2\/types\/product"}],"replies":[{"embeddable":true,"href":"https:\/\/veganova.eu\/es\/wp-json\/wp\/v2\/comments?post=48201"}],"version-history":[{"count":1,"href":"https:\/\/veganova.eu\/es\/wp-json\/wp\/v2\/product\/48201\/revisions"}],"predecessor-version":[{"id":59391,"href":"https:\/\/veganova.eu\/es\/wp-json\/wp\/v2\/product\/48201\/revisions\/59391"}],"wp:featuredmedia":[{"embeddable":true,"href":"https:\/\/veganova.eu\/es\/wp-json\/wp\/v2\/media\/51994"}],"wp:attachment":[{"href":"https:\/\/veganova.eu\/es\/wp-json\/wp\/v2\/media?parent=48201"}],"wp:term":[{"taxonomy":"pwb-brand","embeddable":true,"href":"https:\/\/veganova.eu\/es\/wp-json\/wp\/v2\/pwb-brand?post=48201"},{"taxonomy":"product_brand","embeddable":true,"href":"https:\/\/veganova.eu\/es\/wp-json\/wp\/v2\/product_brand?post=48201"},{"taxonomy":"product_cat","embeddable":true,"href":"https:\/\/veganova.eu\/es\/wp-json\/wp\/v2\/product_cat?post=48201"},{"taxonomy":"product_tag","embeddable":true,"href":"https:\/\/veganova.eu\/es\/wp-json\/wp\/v2\/product_tag?post=48201"}],"curies":[{"name":"wp","href":"https:\/\/api.w.org\/{rel}","templated":true}]}}