{"id":48219,"date":"2024-09-15T12:36:51","date_gmt":"2024-09-15T10:36:51","guid":{"rendered":"https:\/\/veganova.eu\/?post_type=product&#038;p=48219"},"modified":"2026-04-21T07:26:12","modified_gmt":"2026-04-21T05:26:12","slug":"kiki-health-vitamin-b-complex-30-vcaps","status":"publish","type":"product","link":"https:\/\/veganova.eu\/es\/shop\/kiki-health-vitamin-b-complex-30-vcaps\/","title":{"rendered":"KIKI Health Complejo de Vitamina B - 30 c\u00e1psulas"},"content":{"rendered":"<h3>KIKI Health Complejo de Vitamina B - 30 c\u00e1psulas<\/h3>\n<ul>\n<li>Alto contenido en las 8 vitaminas B<\/li>\n<li>Derivado de 11 extractos de plantas diferentes<\/li>\n<li>Agua extra\u00edda con agua limpia y pura<\/li>\n<li>Sin soportes, aditivos, conservantes ni cargas<\/li>\n<\/ul>\n<p>Complejo vitam\u00ednico B completo de origen natural. El organismo lo reconoce sin esfuerzo y presenta una alta capacidad de absorci\u00f3n.<\/p>\n<p>Este complejo vitam\u00ednico B de origen vegetal y alta calidad contiene 11 extractos vegetales diferentes, entre ellos B1, B2, B3, B5, B6, B7, B9 y B12.<\/p>\n<p>La f\u00f3rmula \u00fanica se crea mediante un suave proceso de extracci\u00f3n con agua que no utiliza productos qu\u00edmicos, aditivos ni portadores.<\/p>\n<p>El resultado final es una mezcla pura, limpia y f\u00e1cilmente reconocible de las ocho vitaminas B.<\/p>","protected":false},"excerpt":{"rendered":"<p>El Complejo de Vitamina B de KIKI Health es un complejo de Vitamina B de alta calidad a base de plantas que contiene 11 extractos de plantas diferentes, incluyendo B1, B2, B3, B5, B6, B7, B9 y B12. Contenido: 30 c\u00e1psulas vegetales.<\/p>","protected":false},"featured_media":52016,"comment_status":"closed","ping_status":"closed","template":"","meta":{"advanced_seo_description":"","jetpack_seo_html_title":"","jetpack_seo_noindex":false},"pwb-brand":[166],"product_brand":[4573],"product_cat":[153,152],"product_tag":[],"class_list":{"0":"post-48219","1":"product","2":"type-product","3":"status-publish","4":"has-post-thumbnail","6":"pwb-brand-kiki-health","7":"product_brand-kiki-health","8":"product_cat-vitamins","9":"product_cat-vitamins-and-minerals","10":"brand_woo-kiki-health","12":"first","13":"instock","14":"taxable","15":"shipping-taxable","16":"purchasable","17":"product-type-simple"},"jetpack_sharing_enabled":true,"brands":[{"id":166,"name":"KIKI Salud","slug":"kiki-health"}],"_links":{"self":[{"href":"https:\/\/veganova.eu\/es\/wp-json\/wp\/v2\/product\/48219","targetHints":{"allow":["GET"]}}],"collection":[{"href":"https:\/\/veganova.eu\/es\/wp-json\/wp\/v2\/product"}],"about":[{"href":"https:\/\/veganova.eu\/es\/wp-json\/wp\/v2\/types\/product"}],"replies":[{"embeddable":true,"href":"https:\/\/veganova.eu\/es\/wp-json\/wp\/v2\/comments?post=48219"}],"version-history":[{"count":1,"href":"https:\/\/veganova.eu\/es\/wp-json\/wp\/v2\/product\/48219\/revisions"}],"predecessor-version":[{"id":59399,"href":"https:\/\/veganova.eu\/es\/wp-json\/wp\/v2\/product\/48219\/revisions\/59399"}],"wp:featuredmedia":[{"embeddable":true,"href":"https:\/\/veganova.eu\/es\/wp-json\/wp\/v2\/media\/52016"}],"wp:attachment":[{"href":"https:\/\/veganova.eu\/es\/wp-json\/wp\/v2\/media?parent=48219"}],"wp:term":[{"taxonomy":"pwb-brand","embeddable":true,"href":"https:\/\/veganova.eu\/es\/wp-json\/wp\/v2\/pwb-brand?post=48219"},{"taxonomy":"product_brand","embeddable":true,"href":"https:\/\/veganova.eu\/es\/wp-json\/wp\/v2\/product_brand?post=48219"},{"taxonomy":"product_cat","embeddable":true,"href":"https:\/\/veganova.eu\/es\/wp-json\/wp\/v2\/product_cat?post=48219"},{"taxonomy":"product_tag","embeddable":true,"href":"https:\/\/veganova.eu\/es\/wp-json\/wp\/v2\/product_tag?post=48219"}],"curies":[{"name":"wp","href":"https:\/\/api.w.org\/{rel}","templated":true}]}}