{"id":5156,"date":"2023-10-01T17:09:01","date_gmt":"2023-10-01T15:09:01","guid":{"rendered":"https:\/\/veganova.eu\/?post_type=product&#038;p=5156"},"modified":"2026-04-21T07:24:36","modified_gmt":"2026-04-21T05:24:36","slug":"kiki-health-reishi-maitake-mushroom-extract-organic-60-kaps","status":"publish","type":"product","link":"https:\/\/veganova.eu\/es\/shop\/kiki-health-reishi-maitake-mushroom-extract-organic-60-kaps\/","title":{"rendered":"KIKI Health Reishi &amp; Maitake Mushroom Extract Organic (60 c\u00e1ps.)"},"content":{"rendered":"<h3>KIKI Health Reishi &amp; Maitake Mushroom Extract Organic (60 c\u00e1ps.)<\/h3>\n<p>Contiene 50% Reishi y 50% Maitake<br \/>\nExtracto de setas de espectro completo<br \/>\nDe los cuerpos fruct\u00edferos 100%<br \/>\nCultivado en un sustrato rico en madera<br \/>\nEstandarizado a 50% polisac\u00e1ridos ricos en betaglucano<br \/>\nSin OMG<\/p>\n<p>Cultivamos nuestras setas certificadas en un sustrato rico en madera, produciendo un extracto potente y de alta calidad con los componentes m\u00e1s bioactivos disponibles.<\/p>\n<p>Cultivamos nuestros hongos reishi rojo y maitake en un sustrato rico en madera, donde crecen de forma natural, lo que da como resultado un extracto potente y de alta calidad con los componentes m\u00e1s bioactivos disponibles.<\/p>\n<p>Nuestro polvo de extracto de Reishi\/Maitake se obtiene por extracci\u00f3n de los cuerpos fruct\u00edferos del hongo, que han demostrado ser mucho m\u00e1s ricos en ingredientes inactivos y m\u00e1s abundantes en polisac\u00e1ridos ricos en beta-D-glucanos, que los hongos extra\u00eddos del micelio.<\/p>\n<p>La tecnolog\u00eda de doble extracci\u00f3n a temperatura controlada se utiliza para obtener los valiosos componentes funcionales que se encuentran en el interior de las c\u00e9lulas del hongo; el avanzado m\u00e9todo de producci\u00f3n permite capturar los niveles m\u00e1s altos de nutrientes activos.<\/p>\n<p>Nuestro extracto en polvo puro y concentrado est\u00e1 estandarizado por expertos con un impresionante contenido de polisac\u00e1ridos 50%.<\/p>\n<p>Contiene una cantidad significativa de triterpenos y polifenoles.<\/p>","protected":false},"excerpt":{"rendered":"<p>Suplemento nutricional vegano que contiene hongos medicinales KIKI Health Reishi &amp; Maitake en la forma m\u00e1s pura y concentrada. Contenido en polisac\u00e1ridos 50%. El paquete contiene: 60 c\u00e1psulas. Sin gluten, sin OGM.<\/p>","protected":false},"featured_media":52982,"comment_status":"closed","ping_status":"closed","template":"","meta":{"advanced_seo_description":"","jetpack_seo_html_title":"","jetpack_seo_noindex":false},"pwb-brand":[166],"product_brand":[4573],"product_cat":[2597,149],"product_tag":[1159,1164,860,1117,1063,1166],"class_list":{"0":"post-5156","1":"product","2":"type-product","3":"status-publish","4":"has-post-thumbnail","6":"pwb-brand-kiki-health","7":"product_brand-kiki-health","8":"product_cat-mushrooms","9":"product_cat-superfoods","10":"product_tag-aging","11":"product_tag-bacteria","12":"product_tag-energy","13":"product_tag-immunity","14":"product_tag-medicinal-mushrooms","15":"product_tag-viruses","16":"brand_woo-kiki-health","18":"first","19":"outofstock","20":"taxable","21":"shipping-taxable","22":"purchasable","23":"product-type-simple"},"jetpack_sharing_enabled":true,"brands":[{"id":166,"name":"KIKI Salud","slug":"kiki-health"}],"_links":{"self":[{"href":"https:\/\/veganova.eu\/es\/wp-json\/wp\/v2\/product\/5156","targetHints":{"allow":["GET"]}}],"collection":[{"href":"https:\/\/veganova.eu\/es\/wp-json\/wp\/v2\/product"}],"about":[{"href":"https:\/\/veganova.eu\/es\/wp-json\/wp\/v2\/types\/product"}],"replies":[{"embeddable":true,"href":"https:\/\/veganova.eu\/es\/wp-json\/wp\/v2\/comments?post=5156"}],"version-history":[{"count":1,"href":"https:\/\/veganova.eu\/es\/wp-json\/wp\/v2\/product\/5156\/revisions"}],"predecessor-version":[{"id":58266,"href":"https:\/\/veganova.eu\/es\/wp-json\/wp\/v2\/product\/5156\/revisions\/58266"}],"wp:featuredmedia":[{"embeddable":true,"href":"https:\/\/veganova.eu\/es\/wp-json\/wp\/v2\/media\/52982"}],"wp:attachment":[{"href":"https:\/\/veganova.eu\/es\/wp-json\/wp\/v2\/media?parent=5156"}],"wp:term":[{"taxonomy":"pwb-brand","embeddable":true,"href":"https:\/\/veganova.eu\/es\/wp-json\/wp\/v2\/pwb-brand?post=5156"},{"taxonomy":"product_brand","embeddable":true,"href":"https:\/\/veganova.eu\/es\/wp-json\/wp\/v2\/product_brand?post=5156"},{"taxonomy":"product_cat","embeddable":true,"href":"https:\/\/veganova.eu\/es\/wp-json\/wp\/v2\/product_cat?post=5156"},{"taxonomy":"product_tag","embeddable":true,"href":"https:\/\/veganova.eu\/es\/wp-json\/wp\/v2\/product_tag?post=5156"}],"curies":[{"name":"wp","href":"https:\/\/api.w.org\/{rel}","templated":true}]}}