{"id":5159,"date":"2023-10-01T17:09:04","date_gmt":"2023-10-01T15:09:04","guid":{"rendered":"https:\/\/veganova.eu\/?post_type=product&#038;p=5159"},"modified":"2026-04-21T07:24:37","modified_gmt":"2026-04-21T05:24:37","slug":"kiki-health-turmeric-powder-organic-150g","status":"publish","type":"product","link":"https:\/\/veganova.eu\/es\/shop\/kiki-health-turmeric-powder-organic-150g\/","title":{"rendered":"KIKI Health C\u00farcuma en Polvo Ecol\u00f3gica (150g)"},"content":{"rendered":"<h3>KIKI Health C\u00farcuma en Polvo Ecol\u00f3gica (150g)<\/h3>\n<p>Formalmente conocida como Curcuma longa. La c\u00farcuma es una planta perenne de la familia del jengibre originaria de la India. Tradicionalmente llamada \"azafr\u00e1n indio\", se utiliza mucho en remedios herbales por sus propiedades nutritivas. Nuestra c\u00farcuma en polvo tiene un c\u00e1lido sabor a jengibre y pimienta.<\/p>","protected":false},"excerpt":{"rendered":"<p>Suplemento nutricional vegano KIKI Health C\u00farcuma en Polvo Bio con extracto de c\u00farcuma en forma pura y concentrada. Para reforzar la inmunidad, con propiedades antiinflamatorias. El envase contiene: 150g. Sin gluten, sin OGM.<\/p>","protected":false},"featured_media":52974,"comment_status":"closed","ping_status":"closed","template":"","meta":{"advanced_seo_description":"","jetpack_seo_html_title":"","jetpack_seo_noindex":false},"pwb-brand":[166],"product_brand":[4573],"product_cat":[2592,597,2600,149],"product_tag":[1067,1117,1155],"class_list":{"0":"post-5159","1":"product","2":"type-product","3":"status-publish","4":"has-post-thumbnail","6":"pwb-brand-kiki-health","7":"product_brand-kiki-health","8":"product_cat-detox","9":"product_cat-body-immunity","10":"product_cat-inflammation","11":"product_cat-superfoods","12":"product_tag-digestion","13":"product_tag-immunity","14":"product_tag-inflammation","15":"brand_woo-kiki-health","17":"first","18":"instock","19":"taxable","20":"shipping-taxable","21":"purchasable","22":"product-type-simple"},"jetpack_sharing_enabled":true,"brands":[{"id":166,"name":"KIKI Salud","slug":"kiki-health"}],"_links":{"self":[{"href":"https:\/\/veganova.eu\/es\/wp-json\/wp\/v2\/product\/5159","targetHints":{"allow":["GET"]}}],"collection":[{"href":"https:\/\/veganova.eu\/es\/wp-json\/wp\/v2\/product"}],"about":[{"href":"https:\/\/veganova.eu\/es\/wp-json\/wp\/v2\/types\/product"}],"replies":[{"embeddable":true,"href":"https:\/\/veganova.eu\/es\/wp-json\/wp\/v2\/comments?post=5159"}],"version-history":[{"count":1,"href":"https:\/\/veganova.eu\/es\/wp-json\/wp\/v2\/product\/5159\/revisions"}],"predecessor-version":[{"id":58269,"href":"https:\/\/veganova.eu\/es\/wp-json\/wp\/v2\/product\/5159\/revisions\/58269"}],"wp:featuredmedia":[{"embeddable":true,"href":"https:\/\/veganova.eu\/es\/wp-json\/wp\/v2\/media\/52974"}],"wp:attachment":[{"href":"https:\/\/veganova.eu\/es\/wp-json\/wp\/v2\/media?parent=5159"}],"wp:term":[{"taxonomy":"pwb-brand","embeddable":true,"href":"https:\/\/veganova.eu\/es\/wp-json\/wp\/v2\/pwb-brand?post=5159"},{"taxonomy":"product_brand","embeddable":true,"href":"https:\/\/veganova.eu\/es\/wp-json\/wp\/v2\/product_brand?post=5159"},{"taxonomy":"product_cat","embeddable":true,"href":"https:\/\/veganova.eu\/es\/wp-json\/wp\/v2\/product_cat?post=5159"},{"taxonomy":"product_tag","embeddable":true,"href":"https:\/\/veganova.eu\/es\/wp-json\/wp\/v2\/product_tag?post=5159"}],"curies":[{"name":"wp","href":"https:\/\/api.w.org\/{rel}","templated":true}]}}