{"id":54551,"date":"2025-05-17T15:59:55","date_gmt":"2025-05-17T13:59:55","guid":{"rendered":"https:\/\/veganova.eu\/?post_type=product&#038;p=54551"},"modified":"2026-04-21T07:26:23","modified_gmt":"2026-04-21T05:26:23","slug":"hr-labs-defib-v3-advanced-pre-workout-catalyst-american-cream-soda-limited-edition-420g","status":"publish","type":"product","link":"https:\/\/veganova.eu\/es\/shop\/hr-labs-defib-v3-advanced-pre-workout-catalyst-american-cream-soda-limited-edition-420g\/","title":{"rendered":"HR Labs Defib V3 &#8211; Advanced Pre Workout Catalyst, American Cream Soda (Limited Edition) &#8211; 420g"},"content":{"rendered":"<h3>HR Labs Defib V3 &#8211; Advanced Pre Workout Catalyst, American Cream Soda (Limited Edition) &#8211; 420g<\/h3>\n<p>No nos detenemos. Defib lo trajo con la OG, subi\u00f3 de nivel con la V2 y est\u00e1 aqu\u00ed para tomar el relevo con la V3.<\/p>\n<p>Estamos \"hechos para el progreso\". Dos a\u00f1os en la industria de los suplementos es mucho tiempo. Las innovaciones en los ingredientes brindan nuevas oportunidades para mejorar las f\u00f3rmulas existentes de maneras que no eran posibles hace tan solo unos meses.<\/p>\n<p>Defib V2 se volvi\u00f3 loco de amor. El preentrenamiento de alto rendimiento y de uso diario de los atletas, era el preferido de miles de personas. \u00bfTriste por su desaparici\u00f3n? No lo est\u00e9s. Con la V3, aprovechamos la oportunidad de mejorar, y lo hicimos.<\/p>\n<p>Defib V3: \u00a1Poder Saiyan, Energ\u00eda Extrema, Concentraci\u00f3n L\u00e1ser, Zero Crash y Dosificado a la Perfecci\u00f3n!<\/p>\n<p>Defib V3 lo est\u00e1 trayendo, sin duda. Leg\u00edtimamente uno de los m\u00e1s completos conductores diarios en el mercado y lo llamaremos ahora, LA mejor degustaci\u00f3n. Es una afirmaci\u00f3n atrevida, pero creemos que est\u00e1 totalmente justificada. Hemos adoptado un enfoque multifac\u00e9tico y sin\u00e9rgico al enigma del pre-entrenamiento y \u00a1hemos descifrado el c\u00f3digo!<\/p>\n<p>La categor\u00eda de preentrenamiento es un campo de minas. Las f\u00f3rmulas anticuadas e irreflexivas y los productos baratos, poco dosificados e ineficaces ocupan demasiado espacio en las estanter\u00edas. Si a esto le a\u00f1adimos los productos del \"mercado negro\" que son tan conformistas como transparentes, no es de extra\u00f1ar que la gente no sepa qu\u00e9 utilizar.<\/p>\n<p>Afortunadamente, las tendencias est\u00e1n cambiando. Los consumidores est\u00e1n cada vez m\u00e1s informados y, con raz\u00f3n, exigen m\u00e1s a los brands. Cada vez hay m\u00e1s brands que hacen las cosas bien, y nosotros somos uno de ellos. Defib V3 fue dise\u00f1ado por personas que entrenan, para personas que entrenan. S\u00f3lo formulamos productos que nos dedicamos a usar nosotros mismos - \u00a1nuestras ganancias son tus ganancias!<\/p>\n<p>La f\u00f3rmula de Defib V3, impulsada por la investigaci\u00f3n, utiliza dosis \u00f3ptimas de ingredientes eficaces, es totalmente transparente y est\u00e1 cargada para ofrecer resultados puntuales en todo momento. \u00a1Hecho para el progreso!<\/p>","protected":false},"excerpt":{"rendered":"<p>HR Labs Defib V3 &#8211; Advanced Pre Workout Catalyst, American Cream Soda (Limited Edition) &#8211; 420g We don\u2019t stop. Defib brought it with the OG, levelled up with V2 and is here to take over with V3. We are \u2018Made for Progress\u2019. Two years in the supplement industry is a long time. New ingredient innovations [&hellip;]<\/p>\n","protected":false},"featured_media":55874,"comment_status":"closed","ping_status":"closed","template":"","meta":{"advanced_seo_description":"","jetpack_seo_html_title":"","jetpack_seo_noindex":false},"pwb-brand":[2181],"product_brand":[4952],"product_cat":[203,132],"product_tag":[],"class_list":{"0":"post-54551","1":"product","2":"type-product","3":"status-publish","4":"has-post-thumbnail","6":"pwb-brand-hr-labs","7":"product_brand-hr-labs","8":"product_cat-pre-workout","9":"product_cat-sports-nutrition","10":"brand_woo-hr-labs","12":"first","13":"outofstock","14":"taxable","15":"shipping-taxable","16":"purchasable","17":"product-type-simple"},"jetpack_sharing_enabled":true,"brands":[{"id":2181,"name":"Laboratorios de RRHH","slug":"hr-labs"}],"_links":{"self":[{"href":"https:\/\/veganova.eu\/es\/wp-json\/wp\/v2\/product\/54551","targetHints":{"allow":["GET"]}}],"collection":[{"href":"https:\/\/veganova.eu\/es\/wp-json\/wp\/v2\/product"}],"about":[{"href":"https:\/\/veganova.eu\/es\/wp-json\/wp\/v2\/types\/product"}],"replies":[{"embeddable":true,"href":"https:\/\/veganova.eu\/es\/wp-json\/wp\/v2\/comments?post=54551"}],"version-history":[{"count":3,"href":"https:\/\/veganova.eu\/es\/wp-json\/wp\/v2\/product\/54551\/revisions"}],"predecessor-version":[{"id":59540,"href":"https:\/\/veganova.eu\/es\/wp-json\/wp\/v2\/product\/54551\/revisions\/59540"}],"wp:featuredmedia":[{"embeddable":true,"href":"https:\/\/veganova.eu\/es\/wp-json\/wp\/v2\/media\/55874"}],"wp:attachment":[{"href":"https:\/\/veganova.eu\/es\/wp-json\/wp\/v2\/media?parent=54551"}],"wp:term":[{"taxonomy":"pwb-brand","embeddable":true,"href":"https:\/\/veganova.eu\/es\/wp-json\/wp\/v2\/pwb-brand?post=54551"},{"taxonomy":"product_brand","embeddable":true,"href":"https:\/\/veganova.eu\/es\/wp-json\/wp\/v2\/product_brand?post=54551"},{"taxonomy":"product_cat","embeddable":true,"href":"https:\/\/veganova.eu\/es\/wp-json\/wp\/v2\/product_cat?post=54551"},{"taxonomy":"product_tag","embeddable":true,"href":"https:\/\/veganova.eu\/es\/wp-json\/wp\/v2\/product_tag?post=54551"}],"curies":[{"name":"wp","href":"https:\/\/api.w.org\/{rel}","templated":true}]}}