{"id":5749,"date":"2023-10-01T17:11:40","date_gmt":"2023-10-01T15:11:40","guid":{"rendered":"https:\/\/veganova.eu\/?post_type=product&#038;p=5749"},"modified":"2026-04-21T07:24:57","modified_gmt":"2026-04-21T05:24:57","slug":"garden-of-life-sport-organic-plant-based-protein-chocolate-840g","status":"publish","type":"product","link":"https:\/\/veganova.eu\/es\/shop\/garden-of-life-sport-organic-plant-based-protein-chocolate-840g\/","title":{"rendered":"Garden of Life Sport Prote\u00edna Vegetal Ecol\u00f3gica, Chocolate - 840g"},"content":{"rendered":"<h3>Garden of Life Sport Prote\u00edna Vegetal Ecol\u00f3gica, Chocolate - 840g<\/h3>\n<p>Plant-Based Protein is the cleanest protein available having quadruple, third-party certifications saying so. Not only is it Certified USDA and Non-GMO Project Verified, Plant-Based Protein takes it to the next level for sport by being NSF Certified for Sport and Informed-Choice for Sport Certified. This ensures there are no banned athletic substances\u2014just whole clean nutrients.<\/p>\n<p>Plant-Based Protein offers a blend of certified proteins from multiple sources, featuring U.S. grown peas, to give it a great smooth and creamy texture. Then we added other quality proteins such as garbanzo beans, navy beans, lentils and cranberry seed protein. One serving delivers 30g of complete protein providing a full profile of all the essential amino acids, 5.5g BCAAs and 5g glutamine, which are important to help reduce recovery time after exercise. There are no synthetic branched chain amino acids\u2014they all come from the ingredients.<\/p>\n<p>The Muscle Recovery Blend includes Tart Cherries, Apples, Turmeric, Gogi berries and Blueberries\u2014these antioxidants are known to promote faster recovery. Because many sports participants compromise their immune systems due to intense training programs, we added 2 billion CFU of a specially-selected, clinically studied probiotic that has been shown to support immune health during intensive workouts.<\/p>","protected":false},"excerpt":{"rendered":"<p>Garden of Life Sport Organic Plant-Based Protein provides 30g of pure protein per serving, a complete profile of essential amino acids, 5.5g of BCAA and 5g of glutamine. GMO-free and gluten-free. Vegan certification. Flavor: chocolate. Contents: 840g.<\/p>","protected":false},"featured_media":52860,"comment_status":"closed","ping_status":"closed","template":"","meta":{"advanced_seo_description":"","jetpack_seo_html_title":"","jetpack_seo_noindex":false},"pwb-brand":[303],"product_brand":[4625],"product_cat":[132,133],"product_tag":[1467,1468,1378,1469],"class_list":{"0":"post-5749","1":"product","2":"type-product","3":"status-publish","4":"has-post-thumbnail","6":"pwb-brand-garden-of-life","7":"product_brand-garden-of-life","8":"product_cat-sports-nutrition","9":"product_cat-vegan-proteins","10":"product_tag-certified-vegan-protein","11":"product_tag-gluten-free-protein","12":"product_tag-protein-with-amino-acids","13":"product_tag-vegan-protein-for-athletes","14":"brand_woo-garden-of-life","16":"first","17":"instock","18":"sale","19":"taxable","20":"shipping-taxable","21":"purchasable","22":"product-type-simple"},"jetpack_sharing_enabled":true,"brands":[{"id":303,"name":"Jard\u00edn de la vida","slug":"garden-of-life"}],"_links":{"self":[{"href":"https:\/\/veganova.eu\/es\/wp-json\/wp\/v2\/product\/5749","targetHints":{"allow":["GET"]}}],"collection":[{"href":"https:\/\/veganova.eu\/es\/wp-json\/wp\/v2\/product"}],"about":[{"href":"https:\/\/veganova.eu\/es\/wp-json\/wp\/v2\/types\/product"}],"replies":[{"embeddable":true,"href":"https:\/\/veganova.eu\/es\/wp-json\/wp\/v2\/comments?post=5749"}],"version-history":[{"count":1,"href":"https:\/\/veganova.eu\/es\/wp-json\/wp\/v2\/product\/5749\/revisions"}],"predecessor-version":[{"id":58547,"href":"https:\/\/veganova.eu\/es\/wp-json\/wp\/v2\/product\/5749\/revisions\/58547"}],"wp:featuredmedia":[{"embeddable":true,"href":"https:\/\/veganova.eu\/es\/wp-json\/wp\/v2\/media\/52860"}],"wp:attachment":[{"href":"https:\/\/veganova.eu\/es\/wp-json\/wp\/v2\/media?parent=5749"}],"wp:term":[{"taxonomy":"pwb-brand","embeddable":true,"href":"https:\/\/veganova.eu\/es\/wp-json\/wp\/v2\/pwb-brand?post=5749"},{"taxonomy":"product_brand","embeddable":true,"href":"https:\/\/veganova.eu\/es\/wp-json\/wp\/v2\/product_brand?post=5749"},{"taxonomy":"product_cat","embeddable":true,"href":"https:\/\/veganova.eu\/es\/wp-json\/wp\/v2\/product_cat?post=5749"},{"taxonomy":"product_tag","embeddable":true,"href":"https:\/\/veganova.eu\/es\/wp-json\/wp\/v2\/product_tag?post=5749"}],"curies":[{"name":"wp","href":"https:\/\/api.w.org\/{rel}","templated":true}]}}