{"id":8390,"date":"2023-10-01T17:09:50","date_gmt":"2023-10-01T15:09:50","guid":{"rendered":"https:\/\/veganova.eu\/?post_type=product&#038;p=8390"},"modified":"2026-04-21T07:25:00","modified_gmt":"2026-04-21T05:25:00","slug":"san-rawfusion-vanilla-bean-933g","status":"publish","type":"product","link":"https:\/\/veganova.eu\/es\/shop\/san-rawfusion-vanilla-bean-933g\/","title":{"rendered":"SAN RawFusion, Vainilla en grano (933g)"},"content":{"rendered":"<h3>SAN RawFusion<\/h3>\n<ul>\n<li>Una nueva generaci\u00f3n de prote\u00ednas vegetales<\/li>\n<li>M\u00e1s de un a\u00f1o de vigorosa investigaci\u00f3n y desarrollo en tecnolog\u00edas de extrusi\u00f3n en fr\u00edo ha dado como resultado una f\u00f3rmula proteica sin igual, aprobada para veganos por SAN.<\/li>\n<li>RAWFUSION no s\u00f3lo es una fuente de prote\u00edna de origen vegetal, totalmente natural y libre de al\u00e9rgenos, sino que tambi\u00e9n ofrece la friolera de 21 gramos de nuestra propia prote\u00edna bio-fermentada por porci\u00f3n - por lo que es perfecto para todos.<\/li>\n<li>La mezcla exclusiva de RAWFUSION de aislado de prote\u00edna de guisante, concentrado de prote\u00edna de arroz integral germinado, concentrado de prote\u00edna de alcachofa y matriz de aceite de girasol rica en EFA proporciona esta f\u00f3rmula patentada que es ideal para veganos y una opci\u00f3n rica en prote\u00ednas y sensata tambi\u00e9n para no veganos.<\/li>\n<li>De hecho, con m\u00e1s de 4,5 gramos de BCAA por porci\u00f3n, el perfil de amino\u00e1cidos de RAWFUSION rivaliza con el de la prote\u00edna l\u00e1ctea, pero sin ninguna de las desventajas de la prote\u00edna l\u00e1ctea o animal.<\/li>\n<\/ul>","protected":false},"excerpt":{"rendered":"<p>Vegan nutritional supplement containing vegetable protein and amino acids SAN RawFusion is a mixture of peas, brown rice, artichokes and sunflower oil. Contains 21g of protein and 4.5g of BCAA per serving. Flavor: Vanilla Bean, package contains: 933g. Gluten-free, GMO-free.<\/p>","protected":false},"featured_media":51538,"comment_status":"closed","ping_status":"closed","template":"","meta":{"advanced_seo_description":"","jetpack_seo_html_title":"","jetpack_seo_noindex":false},"pwb-brand":[431],"product_brand":[4740],"product_cat":[132,133],"product_tag":[1445,1378,1443],"class_list":{"0":"post-8390","1":"product","2":"type-product","3":"status-publish","4":"has-post-thumbnail","6":"pwb-brand-san","7":"product_brand-san","8":"product_cat-sports-nutrition","9":"product_cat-vegan-proteins","10":"product_tag-protein-for-men","11":"product_tag-protein-with-amino-acids","12":"product_tag-vegetable-protein","13":"brand_woo-san","15":"first","16":"instock","17":"sale","18":"taxable","19":"shipping-taxable","20":"purchasable","21":"product-type-simple"},"jetpack_sharing_enabled":true,"brands":[{"id":431,"name":"SAN","slug":"san"}],"_links":{"self":[{"href":"https:\/\/veganova.eu\/es\/wp-json\/wp\/v2\/product\/8390","targetHints":{"allow":["GET"]}}],"collection":[{"href":"https:\/\/veganova.eu\/es\/wp-json\/wp\/v2\/product"}],"about":[{"href":"https:\/\/veganova.eu\/es\/wp-json\/wp\/v2\/types\/product"}],"replies":[{"embeddable":true,"href":"https:\/\/veganova.eu\/es\/wp-json\/wp\/v2\/comments?post=8390"}],"version-history":[{"count":1,"href":"https:\/\/veganova.eu\/es\/wp-json\/wp\/v2\/product\/8390\/revisions"}],"predecessor-version":[{"id":58593,"href":"https:\/\/veganova.eu\/es\/wp-json\/wp\/v2\/product\/8390\/revisions\/58593"}],"wp:featuredmedia":[{"embeddable":true,"href":"https:\/\/veganova.eu\/es\/wp-json\/wp\/v2\/media\/51538"}],"wp:attachment":[{"href":"https:\/\/veganova.eu\/es\/wp-json\/wp\/v2\/media?parent=8390"}],"wp:term":[{"taxonomy":"pwb-brand","embeddable":true,"href":"https:\/\/veganova.eu\/es\/wp-json\/wp\/v2\/pwb-brand?post=8390"},{"taxonomy":"product_brand","embeddable":true,"href":"https:\/\/veganova.eu\/es\/wp-json\/wp\/v2\/product_brand?post=8390"},{"taxonomy":"product_cat","embeddable":true,"href":"https:\/\/veganova.eu\/es\/wp-json\/wp\/v2\/product_cat?post=8390"},{"taxonomy":"product_tag","embeddable":true,"href":"https:\/\/veganova.eu\/es\/wp-json\/wp\/v2\/product_tag?post=8390"}],"curies":[{"name":"wp","href":"https:\/\/api.w.org\/{rel}","templated":true}]}}