{"id":8666,"date":"2023-10-01T17:12:04","date_gmt":"2023-10-01T15:12:04","guid":{"rendered":"https:\/\/veganova.eu\/?post_type=product&#038;p=8666"},"modified":"2026-04-21T07:25:03","modified_gmt":"2026-04-21T05:25:03","slug":"applied-nutrition-abe-all-black-everything-gel-candy-ice-blast-20-x-60g","status":"publish","type":"product","link":"https:\/\/veganova.eu\/es\/shop\/applied-nutrition-abe-all-black-everything-gel-candy-ice-blast-20-x-60g\/","title":{"rendered":"Applied Nutrition ABE - All Black Everything Gel, Candy Ice Blast - 20 x 60g"},"content":{"rendered":"<h3>Applied Nutrition ABE - All Black Everything Gel, Candy Ice Blast - 20 x 60g<\/h3>\n<p>Gel ABE (All Black Everything)<br \/>\nGEL PRE-ENTRENAMIENTO DEFINITIVO, ADVERTENCIA EXTREMADAMENTE POTENTE<br \/>\nCOMPLEMENTO ALIMENTICIO<br \/>\nABE Ultimate Pre-Workout Gels proporciona una mezcla \u00fanica de los ingredientes activos m\u00e1s vitales e investigados, conocidos por reducir el cansancio y la fatiga y proporcionar una concentraci\u00f3n continua durante todo el entrenamiento, maximizando el rendimiento del ejercicio.<\/p>","protected":false},"excerpt":{"rendered":"<p>Pre-entrenamiento vegano en forma de gel Applied Nutrition ABE All Black Everything Gel suministrar\u00e1 energ\u00eda para el entrenamiento y todas las sustancias necesarias para los atletas, sabor: Candy Ice Blast (sabor a caramelo). El paquete contiene: 20 unidades de 60g.<\/p>","protected":false},"featured_media":52820,"comment_status":"closed","ping_status":"closed","template":"","meta":{"advanced_seo_description":"","jetpack_seo_html_title":"","jetpack_seo_noindex":false},"pwb-brand":[202],"product_brand":[4592],"product_cat":[203,132],"product_tag":[1195,860,1180],"class_list":{"0":"post-8666","1":"product","2":"type-product","3":"status-publish","4":"has-post-thumbnail","6":"pwb-brand-applied-nutrition","7":"product_brand-applied-nutrition","8":"product_cat-pre-workout","9":"product_cat-sports-nutrition","10":"product_tag-athletic-performance","11":"product_tag-energy","12":"product_tag-energy-gel","13":"brand_woo-applied-nutrition","15":"first","16":"instock","17":"taxable","18":"shipping-taxable","19":"purchasable","20":"product-type-simple"},"jetpack_sharing_enabled":true,"brands":[{"id":202,"name":"Nutrici\u00f3n aplicada","slug":"applied-nutrition"}],"_links":{"self":[{"href":"https:\/\/veganova.eu\/es\/wp-json\/wp\/v2\/product\/8666","targetHints":{"allow":["GET"]}}],"collection":[{"href":"https:\/\/veganova.eu\/es\/wp-json\/wp\/v2\/product"}],"about":[{"href":"https:\/\/veganova.eu\/es\/wp-json\/wp\/v2\/types\/product"}],"replies":[{"embeddable":true,"href":"https:\/\/veganova.eu\/es\/wp-json\/wp\/v2\/comments?post=8666"}],"version-history":[{"count":1,"href":"https:\/\/veganova.eu\/es\/wp-json\/wp\/v2\/product\/8666\/revisions"}],"predecessor-version":[{"id":58612,"href":"https:\/\/veganova.eu\/es\/wp-json\/wp\/v2\/product\/8666\/revisions\/58612"}],"wp:featuredmedia":[{"embeddable":true,"href":"https:\/\/veganova.eu\/es\/wp-json\/wp\/v2\/media\/52820"}],"wp:attachment":[{"href":"https:\/\/veganova.eu\/es\/wp-json\/wp\/v2\/media?parent=8666"}],"wp:term":[{"taxonomy":"pwb-brand","embeddable":true,"href":"https:\/\/veganova.eu\/es\/wp-json\/wp\/v2\/pwb-brand?post=8666"},{"taxonomy":"product_brand","embeddable":true,"href":"https:\/\/veganova.eu\/es\/wp-json\/wp\/v2\/product_brand?post=8666"},{"taxonomy":"product_cat","embeddable":true,"href":"https:\/\/veganova.eu\/es\/wp-json\/wp\/v2\/product_cat?post=8666"},{"taxonomy":"product_tag","embeddable":true,"href":"https:\/\/veganova.eu\/es\/wp-json\/wp\/v2\/product_tag?post=8666"}],"curies":[{"name":"wp","href":"https:\/\/api.w.org\/{rel}","templated":true}]}}