{"id":8988,"date":"2023-10-01T17:13:31","date_gmt":"2023-10-01T15:13:31","guid":{"rendered":"https:\/\/veganova.eu\/?post_type=product&#038;p=8988"},"modified":"2026-04-21T07:25:14","modified_gmt":"2026-04-21T05:25:14","slug":"garden-of-life-mykind-organics-extra-strength-turmeric-60-vegan-tabs","status":"publish","type":"product","link":"https:\/\/veganova.eu\/es\/shop\/garden-of-life-mykind-organics-extra-strength-turmeric-60-vegan-tabs\/","title":{"rendered":"Garden of Life Mykind Organics C\u00farcuma Extra Fuerte - 60 tabletas veganas"},"content":{"rendered":"<h3>Garden of Life Mykind Organics C\u00farcuma Extra Fuerte - 60 tabletas veganas<\/h3>\n<p>Each Garden of Life mykind Herbal Turmeric Extra Strength Tablets capsule contains 100mg of curcumin, as well as whole turmeric and fermented ginger root.<\/p>\n<p>La gama Garden of Life mykind est\u00e1 compuesta por ingredientes vegetales cultivados sin pesticidas, herbicidas ni fungicidas, y no se utilizan productos qu\u00edmicos agresivos durante el proceso de extracci\u00f3n, por lo que puede estar seguro de que est\u00e1 nutriendo su cuerpo con ingredientes limpios e integrales.<\/p>\n<p>Principales ventajas<\/p>\n<p>Contains live bacteria and black pepper extract to enhance digestion<br \/>\nEach Tablets contains 100mg of Curcumin<br \/>\nContains Whole Turmeric and Ginger roots fermented.<\/p>\n<p>Detalles diet\u00e9ticos :<\/p>\n<p>Sin gluten<br \/>\nVegano<br \/>\nSin l\u00e1cteos<br \/>\nSin soja<\/p>","protected":false},"excerpt":{"rendered":"<p>Nutritional supplement containing turmeric in the strongest and purest form Garden of Life Mykind Organics Extra Strength Turmeric. Content: 60 vegan tablets.<\/p>","protected":false},"featured_media":52632,"comment_status":"closed","ping_status":"closed","template":"","meta":{"advanced_seo_description":"","jetpack_seo_html_title":"","jetpack_seo_noindex":false},"pwb-brand":[303],"product_brand":[4625],"product_cat":[596,2596,597,2600,149],"product_tag":[1413],"class_list":{"0":"post-8988","1":"product","2":"type-product","3":"status-publish","4":"has-post-thumbnail","6":"pwb-brand-garden-of-life","7":"product_brand-garden-of-life","8":"product_cat-digestion","9":"product_cat-herbs","10":"product_cat-body-immunity","11":"product_cat-inflammation","12":"product_cat-superfoods","13":"product_tag-inflammations","14":"brand_woo-garden-of-life","16":"first","17":"instock","18":"taxable","19":"shipping-taxable","20":"purchasable","21":"product-type-simple"},"jetpack_sharing_enabled":true,"brands":[{"id":303,"name":"Jard\u00edn de la vida","slug":"garden-of-life"}],"_links":{"self":[{"href":"https:\/\/veganova.eu\/es\/wp-json\/wp\/v2\/product\/8988","targetHints":{"allow":["GET"]}}],"collection":[{"href":"https:\/\/veganova.eu\/es\/wp-json\/wp\/v2\/product"}],"about":[{"href":"https:\/\/veganova.eu\/es\/wp-json\/wp\/v2\/types\/product"}],"replies":[{"embeddable":true,"href":"https:\/\/veganova.eu\/es\/wp-json\/wp\/v2\/comments?post=8988"}],"version-history":[{"count":1,"href":"https:\/\/veganova.eu\/es\/wp-json\/wp\/v2\/product\/8988\/revisions"}],"predecessor-version":[{"id":58757,"href":"https:\/\/veganova.eu\/es\/wp-json\/wp\/v2\/product\/8988\/revisions\/58757"}],"wp:featuredmedia":[{"embeddable":true,"href":"https:\/\/veganova.eu\/es\/wp-json\/wp\/v2\/media\/52632"}],"wp:attachment":[{"href":"https:\/\/veganova.eu\/es\/wp-json\/wp\/v2\/media?parent=8988"}],"wp:term":[{"taxonomy":"pwb-brand","embeddable":true,"href":"https:\/\/veganova.eu\/es\/wp-json\/wp\/v2\/pwb-brand?post=8988"},{"taxonomy":"product_brand","embeddable":true,"href":"https:\/\/veganova.eu\/es\/wp-json\/wp\/v2\/product_brand?post=8988"},{"taxonomy":"product_cat","embeddable":true,"href":"https:\/\/veganova.eu\/es\/wp-json\/wp\/v2\/product_cat?post=8988"},{"taxonomy":"product_tag","embeddable":true,"href":"https:\/\/veganova.eu\/es\/wp-json\/wp\/v2\/product_tag?post=8988"}],"curies":[{"name":"wp","href":"https:\/\/api.w.org\/{rel}","templated":true}]}}