{"id":14665,"date":"2023-11-13T19:30:04","date_gmt":"2023-11-13T18:30:04","guid":{"rendered":"https:\/\/veganova.eu\/?post_type=product&#038;p=14665"},"modified":"2026-04-21T07:25:28","modified_gmt":"2026-04-21T05:25:28","slug":"allnutrition-flex-all-complete-cherry-400g","status":"publish","type":"product","link":"https:\/\/veganova.eu\/et\/shop\/allnutrition-flex-all-complete-cherry-400g\/","title":{"rendered":"Allnutrition Flex All Complete, kirss - 400g"},"content":{"rendered":"<h3>Allnutrition Flex All Complete, kirss - 400g<\/h3>\n<p>Liigesk\u00f5hre nimetatakse k\u00f5hrekoeks ja see takistab omavahel kokkupuutuvate luude h\u00f5\u00f5rdumist. Vanemas eas ei ole liigesek\u00f5hre enam v\u00f5imeline taastuma, mist\u00f5ttu on v\u00f5imalik, et see kaob.<\/p>\n<p>T\u00e4nu FLEX ALL COMPLETE'ile saate kiirendada regenereerimist ja toetada kahjustatud k\u00f5hre struktuuri taastamist, mis stimuleerib kollageeni tootmist ja taastab liigeste elastsuse. Selle regeneratsiooniprotsessi jaoks on k\u00f5ige t\u00f5husamad kergesti seeditavad koostisosad, mis on saadaval pulbrina.<\/p>\n<p>FLEX ALL COMPLETE on toode, mis p\u00f5hineb peamiselt kollageenil. Kollageen on valk, mis aitab s\u00e4ilitada terveid luid. Lisaks on selles mitmeid toetavaid koostisosi. Nende hulka kuulub C-vitamiin, mis aitab kaasa kollageeni n\u00f5uetekohasele tootmisele, et tagada k\u00f5hre ja naha n\u00f5uetekohane toimimine.<\/p>","protected":false},"excerpt":{"rendered":"<p>Ilu ja tervise toidulisand Allnutrition Flex All Complete Sisaldab h\u00fcdrol\u00fc\u00fcsitud veiseliha kollageeni, L-proliini, gl\u00fckosamiini, MSM, C-vitamiini, magneesiumi ja B6. Maitse: Kirss. Sisu: Kirss: 400g.<\/p>","protected":false},"featured_media":53753,"comment_status":"closed","ping_status":"closed","template":"","meta":{"advanced_seo_description":"","jetpack_seo_html_title":"","jetpack_seo_noindex":false},"pwb-brand":[475],"product_brand":[4774],"product_cat":[688,684],"product_tag":[],"class_list":{"0":"post-14665","1":"product","2":"type-product","3":"status-publish","4":"has-post-thumbnail","6":"pwb-brand-allnutrition","7":"product_brand-allnutrition","8":"product_cat-beauty-supplements","9":"product_cat-clean-beauty","10":"brand_woo-allnutrition","12":"first","13":"outofstock","14":"taxable","15":"shipping-taxable","16":"purchasable","17":"product-type-simple"},"jetpack_sharing_enabled":true,"brands":[{"id":475,"name":"Allnutrition","slug":"allnutrition"}],"_links":{"self":[{"href":"https:\/\/veganova.eu\/et\/wp-json\/wp\/v2\/product\/14665","targetHints":{"allow":["GET"]}}],"collection":[{"href":"https:\/\/veganova.eu\/et\/wp-json\/wp\/v2\/product"}],"about":[{"href":"https:\/\/veganova.eu\/et\/wp-json\/wp\/v2\/types\/product"}],"replies":[{"embeddable":true,"href":"https:\/\/veganova.eu\/et\/wp-json\/wp\/v2\/comments?post=14665"}],"version-history":[{"count":1,"href":"https:\/\/veganova.eu\/et\/wp-json\/wp\/v2\/product\/14665\/revisions"}],"predecessor-version":[{"id":58918,"href":"https:\/\/veganova.eu\/et\/wp-json\/wp\/v2\/product\/14665\/revisions\/58918"}],"wp:featuredmedia":[{"embeddable":true,"href":"https:\/\/veganova.eu\/et\/wp-json\/wp\/v2\/media\/53753"}],"wp:attachment":[{"href":"https:\/\/veganova.eu\/et\/wp-json\/wp\/v2\/media?parent=14665"}],"wp:term":[{"taxonomy":"pwb-brand","embeddable":true,"href":"https:\/\/veganova.eu\/et\/wp-json\/wp\/v2\/pwb-brand?post=14665"},{"taxonomy":"product_brand","embeddable":true,"href":"https:\/\/veganova.eu\/et\/wp-json\/wp\/v2\/product_brand?post=14665"},{"taxonomy":"product_cat","embeddable":true,"href":"https:\/\/veganova.eu\/et\/wp-json\/wp\/v2\/product_cat?post=14665"},{"taxonomy":"product_tag","embeddable":true,"href":"https:\/\/veganova.eu\/et\/wp-json\/wp\/v2\/product_tag?post=14665"}],"curies":[{"name":"wp","href":"https:\/\/api.w.org\/{rel}","templated":true}]}}