{"id":14721,"date":"2023-11-13T19:30:32","date_gmt":"2023-11-13T18:30:32","guid":{"rendered":"https:\/\/veganova.eu\/?post_type=product&#038;p=14721"},"modified":"2026-04-25T02:20:32","modified_gmt":"2026-04-25T00:20:32","slug":"dorian-yates-liquid-collagen-vitamin-c-hyaluronic-acid-orange-500-ml","status":"publish","type":"product","link":"https:\/\/veganova.eu\/et\/shop\/dorian-yates-liquid-collagen-vitamin-c-hyaluronic-acid-orange-500-ml\/","title":{"rendered":"Dorian Yates vedel kollageen + C-vitamiin + h\u00fcaluroonhape, oran\u017e - 500 ml."},"content":{"rendered":"<h3>Dorian Yates vedel kollageen + C-vitamiin + h\u00fcaluroonhape, oran\u017e - 500 ml.<\/h3>\n<p>Vedel kollageeni ja h\u00fcaluroonhapet, B6-vitamiini ja C-vitamiini sisaldav toiduaine sportlastele koos magusainetega.<br \/>\nVitamiin B6 aitab kaasa normaalsele energiat andvale ainevahetusele, v\u00e4simuse ja v\u00e4simuse v\u00e4hendamisele ning immuuns\u00fcsteemi normaalsele toimimisele.<br \/>\nC-vitamiin aitab kaasa normaalsele kollageeni moodustumisele.<\/p>\n<ul>\n<li>veresoonte normaalne toimimine<\/li>\n<li>luude normaalne funktsioneerimine<\/li>\n<li>k\u00f5hre normaalne funktsioon<\/li>\n<li>igemete normaalne funktsioneerimine<\/li>\n<\/ul>","protected":false},"excerpt":{"rendered":"<p>Ilu ja tervise toidulisand Dorian Yates Liquid Collagen koos C-vitamiini, h\u00fcaluroonhappe, B6-vitamiini, kollageeni, gl\u00fctsiini, L-arginiini, mineraalide Mohai, naatriumi, pottasiumi, kaltsiumi, magneesiumi ja rauaga. Ideaalne sportlastele t\u00e4iendavaks liigeste toetuseks. Sobib ideaalselt ka immuuns\u00fcsteemile, veresoontele, luudele ja nahale. Sisaldab: 500ml.<\/p>","protected":false},"featured_media":52379,"comment_status":"closed","ping_status":"closed","template":"","meta":{"advanced_seo_description":"","jetpack_seo_html_title":"","jetpack_seo_noindex":false},"pwb-brand":[737],"product_brand":[4873],"product_cat":[688,684],"product_tag":[],"class_list":{"0":"post-14721","1":"product","2":"type-product","3":"status-publish","4":"has-post-thumbnail","6":"pwb-brand-dorian-yates","7":"product_brand-dorian-yates","8":"product_cat-beauty-supplements","9":"product_cat-clean-beauty","10":"brand_woo-dorian-yates","12":"first","13":"instock","14":"taxable","15":"shipping-taxable","16":"purchasable","17":"product-type-simple"},"jetpack_sharing_enabled":true,"brands":[{"id":737,"name":"Dorian Yates","slug":"dorian-yates"}],"_links":{"self":[{"href":"https:\/\/veganova.eu\/et\/wp-json\/wp\/v2\/product\/14721","targetHints":{"allow":["GET"]}}],"collection":[{"href":"https:\/\/veganova.eu\/et\/wp-json\/wp\/v2\/product"}],"about":[{"href":"https:\/\/veganova.eu\/et\/wp-json\/wp\/v2\/types\/product"}],"replies":[{"embeddable":true,"href":"https:\/\/veganova.eu\/et\/wp-json\/wp\/v2\/comments?post=14721"}],"version-history":[{"count":1,"href":"https:\/\/veganova.eu\/et\/wp-json\/wp\/v2\/product\/14721\/revisions"}],"predecessor-version":[{"id":58938,"href":"https:\/\/veganova.eu\/et\/wp-json\/wp\/v2\/product\/14721\/revisions\/58938"}],"wp:featuredmedia":[{"embeddable":true,"href":"https:\/\/veganova.eu\/et\/wp-json\/wp\/v2\/media\/52379"}],"wp:attachment":[{"href":"https:\/\/veganova.eu\/et\/wp-json\/wp\/v2\/media?parent=14721"}],"wp:term":[{"taxonomy":"pwb-brand","embeddable":true,"href":"https:\/\/veganova.eu\/et\/wp-json\/wp\/v2\/pwb-brand?post=14721"},{"taxonomy":"product_brand","embeddable":true,"href":"https:\/\/veganova.eu\/et\/wp-json\/wp\/v2\/product_brand?post=14721"},{"taxonomy":"product_cat","embeddable":true,"href":"https:\/\/veganova.eu\/et\/wp-json\/wp\/v2\/product_cat?post=14721"},{"taxonomy":"product_tag","embeddable":true,"href":"https:\/\/veganova.eu\/et\/wp-json\/wp\/v2\/product_tag?post=14721"}],"curies":[{"name":"wp","href":"https:\/\/api.w.org\/{rel}","templated":true}]}}