{"id":14747,"date":"2023-11-13T19:30:41","date_gmt":"2023-11-13T18:30:41","guid":{"rendered":"https:\/\/veganova.eu\/?post_type=product&#038;p=14747"},"modified":"2026-04-21T07:25:31","modified_gmt":"2026-04-21T05:25:31","slug":"himalaya-mint-fresh-herbal-toothpaste-75-ml","status":"publish","type":"product","link":"https:\/\/veganova.eu\/et\/shop\/himalaya-mint-fresh-herbal-toothpaste-75-ml\/","title":{"rendered":"Himalaya Mint Fresh Herbal Toothpaste - 75 ml."},"content":{"rendered":"<h3>Himalaya Mint Fresh Herbal Toothpaste - 75 ml.<\/h3>\n<p>Himalaya Herbals Gum Expert hambapastade sarjas on Miswak ja looduslikud adstrigeerivad ained, mis tagavad teie igemete tervise ja kaitse. Himalaya Herbals Mint Fresh taimne hambapasta on varustatud v\u00e4rskendava piparm\u00fcndi ja India tilliga, mis aitavad v\u00e4ltida suuhaisu, tagades kauakestva v\u00e4rske hinge\u00f5hu. See taimne koostis pakub ka 12-tunnist kaitset kahjulike mikroobide ja hambakivi kogunemise eest.<\/p>\n<p>V\u00e4rske hinge\u00f5hk, terved igemed, emaili kaitse<br \/>\nFluoriidivaba<br \/>\n100% Taimetoitlane<\/p>","protected":false},"excerpt":{"rendered":"<p>Looduslik hambapasta Himalaya Mint Fresh Herbal on fluoriidivaba, 100% taimetoitlane. Sisaldab: 75ml.<\/p>","protected":false},"featured_media":52354,"comment_status":"closed","ping_status":"closed","template":"","meta":{"advanced_seo_description":"","jetpack_seo_html_title":"","jetpack_seo_noindex":false},"pwb-brand":[690],"product_brand":[4859],"product_cat":[684,689],"product_tag":[],"class_list":{"0":"post-14747","1":"product","2":"type-product","3":"status-publish","4":"has-post-thumbnail","6":"pwb-brand-himalaya","7":"product_brand-himalaya","8":"product_cat-clean-beauty","9":"product_cat-natural-cosmetics","10":"brand_woo-himalaya","12":"first","13":"instock","14":"taxable","15":"shipping-taxable","16":"purchasable","17":"product-type-simple"},"jetpack_sharing_enabled":true,"brands":[{"id":690,"name":"Himaalaja","slug":"himalaya"}],"_links":{"self":[{"href":"https:\/\/veganova.eu\/et\/wp-json\/wp\/v2\/product\/14747","targetHints":{"allow":["GET"]}}],"collection":[{"href":"https:\/\/veganova.eu\/et\/wp-json\/wp\/v2\/product"}],"about":[{"href":"https:\/\/veganova.eu\/et\/wp-json\/wp\/v2\/types\/product"}],"replies":[{"embeddable":true,"href":"https:\/\/veganova.eu\/et\/wp-json\/wp\/v2\/comments?post=14747"}],"version-history":[{"count":1,"href":"https:\/\/veganova.eu\/et\/wp-json\/wp\/v2\/product\/14747\/revisions"}],"predecessor-version":[{"id":58948,"href":"https:\/\/veganova.eu\/et\/wp-json\/wp\/v2\/product\/14747\/revisions\/58948"}],"wp:featuredmedia":[{"embeddable":true,"href":"https:\/\/veganova.eu\/et\/wp-json\/wp\/v2\/media\/52354"}],"wp:attachment":[{"href":"https:\/\/veganova.eu\/et\/wp-json\/wp\/v2\/media?parent=14747"}],"wp:term":[{"taxonomy":"pwb-brand","embeddable":true,"href":"https:\/\/veganova.eu\/et\/wp-json\/wp\/v2\/pwb-brand?post=14747"},{"taxonomy":"product_brand","embeddable":true,"href":"https:\/\/veganova.eu\/et\/wp-json\/wp\/v2\/product_brand?post=14747"},{"taxonomy":"product_cat","embeddable":true,"href":"https:\/\/veganova.eu\/et\/wp-json\/wp\/v2\/product_cat?post=14747"},{"taxonomy":"product_tag","embeddable":true,"href":"https:\/\/veganova.eu\/et\/wp-json\/wp\/v2\/product_tag?post=14747"}],"curies":[{"name":"wp","href":"https:\/\/api.w.org\/{rel}","templated":true}]}}