{"id":15441,"date":"2023-12-20T17:29:20","date_gmt":"2023-12-20T16:29:20","guid":{"rendered":"https:\/\/veganova.eu\/?post_type=product&#038;p=15441"},"modified":"2026-04-21T07:25:40","modified_gmt":"2026-04-21T05:25:40","slug":"garden-of-life-dr-formulated-magnesium-with-pre-probiotics-gummies-orange-creme-60-gummies","status":"publish","type":"product","link":"https:\/\/veganova.eu\/et\/shop\/garden-of-life-dr-formulated-magnesium-with-pre-probiotics-gummies-orange-creme-60-gummies\/","title":{"rendered":"Garden of Life Dr. Formulated Magnesium koos Pre &amp; Probiotics kummikutega, Orange Creme - 60 kummikutega"},"content":{"rendered":"<h3>Garden of Life Dr. Formulated Magnesium koos Pre &amp; Probiotics kummikutega<\/h3>\n<p><strong>Mis on magneesiumi kummikud?<\/strong><\/p>\n<p>Garden of Life Dr Formulated Magnesium Gummies on loodud suurendama magneesiumi taset, et aidata kaasa v\u00e4simuse ja v\u00e4simuse v\u00e4hendamisele ning toetada normaalset lihastegevust.<\/p>\n<p><strong>Mis on Dr Formulated Magnesium Gummies'is?<\/strong><\/p>\n<p>Meie magneesiumikommid pakuvad 400 mg biosaadavat magneesiumi 4 kommi kohta ja on saadaval maitsva vaarika maitsega.<\/p>\n<p>Meie magneesiumi kummikud, mis on valmistatud tsitruspektiiniga ja ilma lisatud suhkruta, sisaldavad 1 miljard CFU kliiniliselt uuritud kasulikku elavat bakterit \u00fche portsjoni kohta.<\/p>\n<p>Need magneesiumikommid on loodud selleks, et aidata kaasa normaalsetele ps\u00fchholoogilistele funktsioonidele, nagu stressi leevendamine, uni, s\u00fcdame tervis, normaalne lihastegevus ja luud. Need on ka GMO-vabad, NSF-sertifikaadiga gluteenivabad, vegan- ja kosher-s\u00f5bralikud.<\/p>\n<p><span style=\"text-decoration: underline;\"><strong>Magneesiumi kummikute eelised:<\/strong><\/span><\/p>\n<ul>\n<li>T\u00f5stab magneesiumitaset, pakkudes 400 mg magneesiumi (4 n\u00e4rimiskummide kohta).<\/li>\n<li>Pakub 1 miljard CFU mikroobikogumit \u00fche portsjoni kohta: Bacillus subtilis DE111<\/li>\n<li>Toetab normaalseid ps\u00fchholoogilisi funktsioone<\/li>\n<li>GMO-vaba, vegan ja ko\u0161\u0161er<\/li>\n<li>Gluteenivaba<\/li>\n<\/ul>","protected":false},"excerpt":{"rendered":"<p>Vegan toidulisand \"\u017eelatiinist\" kommide kujul Garden of Life Dr. Formulated Magnesium with Pre \u00b4n\u00b4Probiotics sisaldab k\u00f5rge biosaadavusega magneesiumi, mida on t\u00e4iendatud pre ja probiootikumidega. Ideaalne suurenenud f\u00fc\u00fcsilise ja vaimse koormuse perioodidel. Gluteenivaba, GMO-vaba. Maitse: Apelsinikreem. Pakendi sisu: 60 \u017eelatiini.<\/p>","protected":false},"featured_media":51349,"comment_status":"closed","ping_status":"closed","template":"","meta":{"advanced_seo_description":"","jetpack_seo_html_title":"","jetpack_seo_noindex":false},"pwb-brand":[303],"product_brand":[4625],"product_cat":[596,597,2598],"product_tag":[],"class_list":{"0":"post-15441","1":"product","2":"type-product","3":"status-publish","4":"has-post-thumbnail","6":"pwb-brand-garden-of-life","7":"product_brand-garden-of-life","8":"product_cat-digestion","9":"product_cat-body-immunity","10":"product_cat-recovery","11":"brand_woo-garden-of-life","13":"first","14":"instock","15":"taxable","16":"shipping-taxable","17":"purchasable","18":"product-type-simple"},"jetpack_sharing_enabled":true,"brands":[{"id":303,"name":"Elu aed","slug":"garden-of-life"}],"_links":{"self":[{"href":"https:\/\/veganova.eu\/et\/wp-json\/wp\/v2\/product\/15441","targetHints":{"allow":["GET"]}}],"collection":[{"href":"https:\/\/veganova.eu\/et\/wp-json\/wp\/v2\/product"}],"about":[{"href":"https:\/\/veganova.eu\/et\/wp-json\/wp\/v2\/types\/product"}],"replies":[{"embeddable":true,"href":"https:\/\/veganova.eu\/et\/wp-json\/wp\/v2\/comments?post=15441"}],"version-history":[{"count":1,"href":"https:\/\/veganova.eu\/et\/wp-json\/wp\/v2\/product\/15441\/revisions"}],"predecessor-version":[{"id":59056,"href":"https:\/\/veganova.eu\/et\/wp-json\/wp\/v2\/product\/15441\/revisions\/59056"}],"wp:featuredmedia":[{"embeddable":true,"href":"https:\/\/veganova.eu\/et\/wp-json\/wp\/v2\/media\/51349"}],"wp:attachment":[{"href":"https:\/\/veganova.eu\/et\/wp-json\/wp\/v2\/media?parent=15441"}],"wp:term":[{"taxonomy":"pwb-brand","embeddable":true,"href":"https:\/\/veganova.eu\/et\/wp-json\/wp\/v2\/pwb-brand?post=15441"},{"taxonomy":"product_brand","embeddable":true,"href":"https:\/\/veganova.eu\/et\/wp-json\/wp\/v2\/product_brand?post=15441"},{"taxonomy":"product_cat","embeddable":true,"href":"https:\/\/veganova.eu\/et\/wp-json\/wp\/v2\/product_cat?post=15441"},{"taxonomy":"product_tag","embeddable":true,"href":"https:\/\/veganova.eu\/et\/wp-json\/wp\/v2\/product_tag?post=15441"}],"curies":[{"name":"wp","href":"https:\/\/api.w.org\/{rel}","templated":true}]}}