{"id":15475,"date":"2023-12-20T17:29:48","date_gmt":"2023-12-20T16:29:48","guid":{"rendered":"https:\/\/veganova.eu\/?post_type=product&#038;p=15475"},"modified":"2026-04-21T07:25:41","modified_gmt":"2026-04-21T05:25:41","slug":"kiki-health-liquid-iron-50-ml","status":"publish","type":"product","link":"https:\/\/veganova.eu\/et\/shop\/kiki-health-liquid-iron-50-ml\/","title":{"rendered":"KIKI Health Liquid Iron - 50 ml."},"content":{"rendered":"<h3>KIKI Health Liquid Iron - 50 ml.<\/h3>\n<ul>\n<li>5mg rauda portsjoni kohta (36% soovitatav tarbimine)<\/li>\n<li>Valmistatud 100% looduslikest mineraalidest maast<\/li>\n<li>Lihtsalt segatakse de-ioniseeritud veega<\/li>\n<li>Kiiresti imenduv ja 100% biosaadav.<\/li>\n<li>Soodustab optimaalset mineraalide tasakaalu<\/li>\n<li>Ei vaja seedimist, kuna need on vedelad.<\/li>\n<li>Lihtne kasutada, lihtsalt lisada paar tilka vette<\/li>\n<\/ul>\n<p>Raud aitab kaasa normaalsele kognitiivsele funktsioonile, energiat andvale ainevahetusele, punaste vereliblede ja hemoglobiini moodustamisele ning hapnikutranspordile organismis. See leevendab v\u00e4simust ja v\u00e4simust, soodustab immuuns\u00fcsteemi normaalset toimimist ja aitab kaasa rakkude jagunemisele.<\/p>\n<p>Meie looduslikult esinevad ioonilised mineraalid on m\u00f5eldud mineraalide taastamiseks rakutasandil.<\/p>\n<p>Kui need ioonivaba veele lisatakse 100% looduslikult esinevatest mineraalidest valmistatud ioonilised vedelikukontsentraadid, aitavad need saavutada \"mineralibriumi\" ehk optimaalse koe-mineraalide tasakaalu.<\/p>\n<p>Nende vedel vorm muudab need kergesti seeditavaks ja organismile t\u00e4ielikult biosaadavaks, kuna need imenduvad kiiresti ilma seedimata, mis v\u00f5imaldab teil nende eeliseid viivitamatult kasutada.<\/p>\n<p>Nende kasutamine on nii lihtne kui m\u00f5ne tilga lisamine klaasi veega.<\/p>","protected":false},"excerpt":{"rendered":"<p>Vegan toidulisand rauaga vedelal kujul KIKI Health Liquid Iron sisaldab 5mg rauda \u00fche m\u00f5\u00f5tek\u00fchvli kohta (30 tilka\/2ml). 100% biosaadavus, raua looduslik vorm, kergesti seeditav. Gluteenivaba. Pakendi sisu: 50ml.<\/p>","protected":false},"featured_media":51351,"comment_status":"closed","ping_status":"closed","template":"","meta":{"advanced_seo_description":"","jetpack_seo_html_title":"","jetpack_seo_noindex":false},"pwb-brand":[166],"product_brand":[4573],"product_cat":[172],"product_tag":[],"class_list":{"0":"post-15475","1":"product","2":"type-product","3":"status-publish","4":"has-post-thumbnail","6":"pwb-brand-kiki-health","7":"product_brand-kiki-health","8":"product_cat-minerals","9":"brand_woo-kiki-health","11":"first","12":"outofstock","13":"taxable","14":"shipping-taxable","15":"purchasable","16":"product-type-simple"},"jetpack_sharing_enabled":true,"brands":[{"id":166,"name":"KIKI tervis","slug":"kiki-health"}],"_links":{"self":[{"href":"https:\/\/veganova.eu\/et\/wp-json\/wp\/v2\/product\/15475","targetHints":{"allow":["GET"]}}],"collection":[{"href":"https:\/\/veganova.eu\/et\/wp-json\/wp\/v2\/product"}],"about":[{"href":"https:\/\/veganova.eu\/et\/wp-json\/wp\/v2\/types\/product"}],"replies":[{"embeddable":true,"href":"https:\/\/veganova.eu\/et\/wp-json\/wp\/v2\/comments?post=15475"}],"version-history":[{"count":1,"href":"https:\/\/veganova.eu\/et\/wp-json\/wp\/v2\/product\/15475\/revisions"}],"predecessor-version":[{"id":59073,"href":"https:\/\/veganova.eu\/et\/wp-json\/wp\/v2\/product\/15475\/revisions\/59073"}],"wp:featuredmedia":[{"embeddable":true,"href":"https:\/\/veganova.eu\/et\/wp-json\/wp\/v2\/media\/51351"}],"wp:attachment":[{"href":"https:\/\/veganova.eu\/et\/wp-json\/wp\/v2\/media?parent=15475"}],"wp:term":[{"taxonomy":"pwb-brand","embeddable":true,"href":"https:\/\/veganova.eu\/et\/wp-json\/wp\/v2\/pwb-brand?post=15475"},{"taxonomy":"product_brand","embeddable":true,"href":"https:\/\/veganova.eu\/et\/wp-json\/wp\/v2\/product_brand?post=15475"},{"taxonomy":"product_cat","embeddable":true,"href":"https:\/\/veganova.eu\/et\/wp-json\/wp\/v2\/product_cat?post=15475"},{"taxonomy":"product_tag","embeddable":true,"href":"https:\/\/veganova.eu\/et\/wp-json\/wp\/v2\/product_tag?post=15475"}],"curies":[{"name":"wp","href":"https:\/\/api.w.org\/{rel}","templated":true}]}}