{"id":15671,"date":"2023-12-20T17:31:34","date_gmt":"2023-12-20T16:31:34","guid":{"rendered":"https:\/\/veganova.eu\/?post_type=product&#038;p=15671"},"modified":"2026-04-21T07:25:47","modified_gmt":"2026-04-21T05:25:47","slug":"holland-barrett-biotin-hair-1000mcg-60tabs","status":"publish","type":"product","link":"https:\/\/veganova.eu\/et\/shop\/holland-barrett-biotin-hair-1000mcg-60tabs\/","title":{"rendered":"Holland &amp; Barrett Biotin Hair - 1000mcg\/60tabs"},"content":{"rendered":"<h3><span class=\"HwtZe\" lang=\"en\"><span class=\"jCAhz ChMk0b\"><span class=\"ryNqvb\">Holland &amp; Barrett Biotin Hair<\/span><\/span><\/span> biotiin tervete juuste jaoks<\/h3>\n<ul>\n<li><span class=\"HwtZe\" lang=\"en\"><span class=\"jCAhz ChMk0b\"><span class=\"ryNqvb\">Holland &amp; Barrett Biotin tabletid annavad teile piisavas koguses biotiini, tuntud ka kui B7-vitamiin, mis kuulub B-vitamiinide r\u00fchma ja mida leidub looduslikes toiduainetes, nagu kaunviljad, p\u00e4hklid ja kala.<\/span><\/span>\u00a0<\/span><\/li>\n<li><span class=\"HwtZe\" lang=\"en\"><span class=\"jCAhz ChMk0b\"><span class=\"ryNqvb\">Biotiin toetab paljude muude kehaliste funktsioonide k\u00f5rval normaalse naha, juuste ja limaskestade s\u00e4ilimist.<\/span><\/span> <\/span><\/li>\n<li><span class=\"HwtZe\" lang=\"sk\"><span class=\"jCAhz ChMk0b\"><span class=\"ryNqvb\">Toetab normaalse naha, juuste ja limaskestade s\u00e4ilimist.<\/span><\/span> <\/span><\/li>\n<li><span class=\"HwtZe\" lang=\"en\"><span class=\"jCAhz ChMk0b\"><span class=\"ryNqvb\">Aitab kaasa normaalsele makrotoitainete ainevahetusele ja ps\u00fchholoogilistele funktsioonidele.<\/span><\/span> <\/span><\/li>\n<li><span class=\"HwtZe\" lang=\"en \"><span class=\"jCAhz ChMk0b\"><span class=\"ryNqvb\">Sobib taimetoitlastele ja veganitele<\/span><\/span> <\/span><\/li>\n<\/ul>\n<p><strong><span class=\"jCAhz ChMk0b\"><span class=\"ryNqvb\">Millised on selle plugina eelised?<\/span><\/span><br \/>\n<\/strong><\/p>\n<p><span class=\"HwtZe\" lang=\"en\"><span class=\"jCAhz ChMk0b\"><span class=\"ryNqvb\">Biotiin aitab kaasa normaalsete juuste s\u00e4ilitamisele, <strong>aitab teil s\u00e4ilitada terveid juukseid.<\/strong><\/span><\/span> <strong><span class=\"jCAhz ChMk0b\"><span class=\"ryNqvb\">Edendab ka tervislikku nahka;<\/span><\/span> <\/strong><span class=\"jCAhz ChMk0b\"><span class=\"ryNqvb\">Biotiin toetab organismi normaalse rasvatootmise s\u00e4ilitamisel ja aitab hoida meie nahka tervena.<\/span><\/span> <span class=\"jCAhz ChMk0b\"><span class=\"ryNqvb\"><strong>Biotiin toetab tervislikku ainevahetust:<\/strong> mitmed ens\u00fc\u00fcmid, mis on seotud toidu ja joogi muundamisega energiaks meie kehas, vajavad n\u00f5uetekohaseks toimimiseks biotiini tervislikku taset.<\/span> <span class=\"jCAhz ChMk0b\"><span class=\"ryNqvb\">Need ens\u00fc\u00fcmid aitavad organismil l\u00f5hustada toitaineid ja aminohappeid rasvadeks, s\u00fcsivesikuteks ja valkudeks.<\/span><\/span> <span class=\"jCAhz ChMk0b\"> <span class=\"ryNqvb\"><strong>Biotiin v\u00f5ib aidata hoida teie n\u00e4rvis\u00fcsteemi tervena<\/strong> ja toimib normaalselt.<\/span><\/span> <span class=\"jCAhz ChMk0b\"><span class=\"ryNqvb\">See on oluline, sest meie n\u00e4rvis\u00fcsteem vastutab paljude oluliste kehaliste protsesside eest, sealhulgas r\u00e4\u00e4kimise, k\u00f5ndimise, neelamise, \u00f5ppimise ja hingamise eest.<\/span><\/span><\/span><\/span><\/p>","protected":false},"excerpt":{"rendered":"<p>Biotiin (vitamiin B7) tablettidena <span class=\"HwtZe\" lang=\"sk\"><span class=\"jCAhz ChMk0b\"><span class=\"ryNqvb\">Holland &amp; Barrett Biotin Hair tervete juuste ja naha jaoks. Biotiin toetab tervislikku ainevahetust, loomulikku rasu tootmist ja on kasulik ka n\u00e4rvis\u00fcsteemile. Pakendi sisu: 60 tabletti. Sertifitseerimine: Vegan, Vege.<br \/>\n<\/span><\/span><\/span><\/p>","protected":false},"featured_media":51765,"comment_status":"closed","ping_status":"closed","template":"","meta":{"advanced_seo_description":"","jetpack_seo_html_title":"","jetpack_seo_noindex":false},"pwb-brand":[1087],"product_brand":[4936],"product_cat":[688,684,267,153,152],"product_tag":[1100,1058],"class_list":{"0":"post-15671","1":"product","2":"type-product","3":"status-publish","4":"has-post-thumbnail","6":"pwb-brand-holland-barrett","7":"product_brand-holland-barrett","8":"product_cat-beauty-supplements","9":"product_cat-clean-beauty","10":"product_cat-for-women","11":"product_cat-vitamins","12":"product_cat-vitamins-and-minerals","13":"product_tag-healthy-hair","14":"product_tag-healthy-skin","15":"brand_woo-holland-barrett","17":"first","18":"instock","19":"taxable","20":"shipping-taxable","21":"purchasable","22":"product-type-simple"},"jetpack_sharing_enabled":true,"brands":[{"id":1087,"name":"Holland &amp; Barrett","slug":"holland-barrett"}],"_links":{"self":[{"href":"https:\/\/veganova.eu\/et\/wp-json\/wp\/v2\/product\/15671","targetHints":{"allow":["GET"]}}],"collection":[{"href":"https:\/\/veganova.eu\/et\/wp-json\/wp\/v2\/product"}],"about":[{"href":"https:\/\/veganova.eu\/et\/wp-json\/wp\/v2\/types\/product"}],"replies":[{"embeddable":true,"href":"https:\/\/veganova.eu\/et\/wp-json\/wp\/v2\/comments?post=15671"}],"version-history":[{"count":1,"href":"https:\/\/veganova.eu\/et\/wp-json\/wp\/v2\/product\/15671\/revisions"}],"predecessor-version":[{"id":59153,"href":"https:\/\/veganova.eu\/et\/wp-json\/wp\/v2\/product\/15671\/revisions\/59153"}],"wp:featuredmedia":[{"embeddable":true,"href":"https:\/\/veganova.eu\/et\/wp-json\/wp\/v2\/media\/51765"}],"wp:attachment":[{"href":"https:\/\/veganova.eu\/et\/wp-json\/wp\/v2\/media?parent=15671"}],"wp:term":[{"taxonomy":"pwb-brand","embeddable":true,"href":"https:\/\/veganova.eu\/et\/wp-json\/wp\/v2\/pwb-brand?post=15671"},{"taxonomy":"product_brand","embeddable":true,"href":"https:\/\/veganova.eu\/et\/wp-json\/wp\/v2\/product_brand?post=15671"},{"taxonomy":"product_cat","embeddable":true,"href":"https:\/\/veganova.eu\/et\/wp-json\/wp\/v2\/product_cat?post=15671"},{"taxonomy":"product_tag","embeddable":true,"href":"https:\/\/veganova.eu\/et\/wp-json\/wp\/v2\/product_tag?post=15671"}],"curies":[{"name":"wp","href":"https:\/\/api.w.org\/{rel}","templated":true}]}}