{"id":2746,"date":"2023-10-01T17:01:17","date_gmt":"2023-10-01T15:01:17","guid":{"rendered":"https:\/\/veganova.eu\/?post_type=product&#038;p=2746"},"modified":"2026-04-21T07:23:24","modified_gmt":"2026-04-21T05:23:24","slug":"doctors-best-fully-active-b-complex-with-quatrefolic-60-kaps","status":"publish","type":"product","link":"https:\/\/veganova.eu\/et\/shop\/doctors-best-fully-active-b-complex-with-quatrefolic-60-kaps\/","title":{"rendered":"Doctor's Best T\u00e4ielikult aktiivne B-kompleks koos kvatrefoolikuga (60 kapslit)"},"content":{"rendered":"<h3>Doctor's Best t\u00e4ielikult aktiivne B-kompleks koos kvatrefoolikuga<\/h3>\n<ul>\n<li>Doctor's Best Fully Active B Complex annab energiat ja aitab toime tulla stressiga.<\/li>\n<li>B-vitamiinid on vajalikud toidust energia tootmiseks ning terve DNA, geenide, rakkude, kudede, organite ja ens\u00fc\u00fcmide funktsioonide loomiseks ja s\u00e4ilitamiseks.<\/li>\n<li>B-vitamiinid on elu alus; inimene ei saa neid ise valmistada, seega peame neid saama toidu kaudu.<\/li>\n<li>Doctor's Best Fully Active B Complex pakub ainult parimaid kasutatavaid B-vitamiini vorme. See sisaldab t\u00e4ielikult aktiivset folaati, mis on k\u00f5ige aktiivsem folaat organismis, ja MTHF (met\u00fc\u00fcl- tetra-h\u00fcdrofolaat). See annab t\u00e4ielikult aktiivset vitamiini B12 met\u00fc\u00fclkobalamiini (met\u00fc\u00fcl-B12) kujul, mis aitab tagada suurep\u00e4rase suukaudse imendumise.<\/li>\n<li>Best Fully Active B Complex on t\u00e4ieliku spektriga B-vitamiini toidulisand, mis on hoolikalt loodud optimaalseks imendumiseks ja kasutamiseks.<\/li>\n<li>See preparaat sisaldab B-vitamiine k\u00f5ige ohutumal, paremini talutaval ja biokeemiliselt aktiivsemal kujul.<\/li>\n<\/ul>","protected":false},"excerpt":{"rendered":"<p>Vegan nutrition supplement Doctor&#8217;s Best Fully Active B-Complex with Quatrefolic presents a complex of group B vitamins in their most active form. It does not contain gluten and is GMO-free. The package contains: 60 capsules.<\/p>","protected":false},"featured_media":53766,"comment_status":"closed","ping_status":"closed","template":"","meta":{"advanced_seo_description":"","jetpack_seo_html_title":"","jetpack_seo_noindex":false},"pwb-brand":[147],"product_brand":[4565],"product_cat":[153,152],"product_tag":[860,1094,1150],"class_list":{"0":"post-2746","1":"product","2":"type-product","3":"status-publish","4":"has-post-thumbnail","6":"pwb-brand-doctors-best","7":"product_brand-doctors-best","8":"product_cat-vitamins","9":"product_cat-vitamins-and-minerals","10":"product_tag-energy","11":"product_tag-metabolism","12":"product_tag-nervous-system","13":"brand_woo-doctors-best","15":"first","16":"instock","17":"taxable","18":"shipping-taxable","19":"purchasable","20":"product-type-simple"},"jetpack_sharing_enabled":true,"brands":[{"id":147,"name":"Doctor's Best","slug":"doctors-best"}],"_links":{"self":[{"href":"https:\/\/veganova.eu\/et\/wp-json\/wp\/v2\/product\/2746","targetHints":{"allow":["GET"]}}],"collection":[{"href":"https:\/\/veganova.eu\/et\/wp-json\/wp\/v2\/product"}],"about":[{"href":"https:\/\/veganova.eu\/et\/wp-json\/wp\/v2\/types\/product"}],"replies":[{"embeddable":true,"href":"https:\/\/veganova.eu\/et\/wp-json\/wp\/v2\/comments?post=2746"}],"version-history":[{"count":1,"href":"https:\/\/veganova.eu\/et\/wp-json\/wp\/v2\/product\/2746\/revisions"}],"predecessor-version":[{"id":57310,"href":"https:\/\/veganova.eu\/et\/wp-json\/wp\/v2\/product\/2746\/revisions\/57310"}],"wp:featuredmedia":[{"embeddable":true,"href":"https:\/\/veganova.eu\/et\/wp-json\/wp\/v2\/media\/53766"}],"wp:attachment":[{"href":"https:\/\/veganova.eu\/et\/wp-json\/wp\/v2\/media?parent=2746"}],"wp:term":[{"taxonomy":"pwb-brand","embeddable":true,"href":"https:\/\/veganova.eu\/et\/wp-json\/wp\/v2\/pwb-brand?post=2746"},{"taxonomy":"product_brand","embeddable":true,"href":"https:\/\/veganova.eu\/et\/wp-json\/wp\/v2\/product_brand?post=2746"},{"taxonomy":"product_cat","embeddable":true,"href":"https:\/\/veganova.eu\/et\/wp-json\/wp\/v2\/product_cat?post=2746"},{"taxonomy":"product_tag","embeddable":true,"href":"https:\/\/veganova.eu\/et\/wp-json\/wp\/v2\/product_tag?post=2746"}],"curies":[{"name":"wp","href":"https:\/\/api.w.org\/{rel}","templated":true}]}}