{"id":2934,"date":"2023-10-01T17:02:36","date_gmt":"2023-10-01T15:02:36","guid":{"rendered":"https:\/\/veganova.eu\/?post_type=product&#038;p=2934"},"modified":"2026-04-21T07:23:35","modified_gmt":"2026-04-21T05:23:35","slug":"doctors-best-high-absorption-coq10-with-bioperine-200mg-180-kaps","status":"publish","type":"product","link":"https:\/\/veganova.eu\/et\/shop\/doctors-best-high-absorption-coq10-with-bioperine-200mg-180-kaps\/","title":{"rendered":"Doctor's Best k\u00f5rge imendumisv\u00f5imega CoQ10 koos BioPerine'iga, 200mg (180 kapslit)"},"content":{"rendered":"<h3>Doctor's Best k\u00f5rge imendumisv\u00f5imega CoQ10 koos BioPerine'iga, 200mg (180 kapslit)<\/h3>\n<p>Doctor's Best High Absorption CoQ10 sisaldab puhast koens\u00fc\u00fcmi Q10 (ubikinooni) ja BioPerine'i. CoQ10 aitab toetada s\u00fcdametegevust ja on oluline ATP (adenosiintrifosfaadi) tootmiseks, eriti s\u00fcdames. Stress, vabad radikaalid, statiinravimid ja vananemine v\u00f5ivad m\u00f5jutada CoQ10 taset. CoQ10 on v\u00e4ga oluline energia loomiseks, lihaste kokkut\u00f5mbumiseks ja valkude s\u00fcnteesiks. Uuringud on n\u00e4idanud, et BioPerine suurendab CoQ10 imendumist.<\/p>\n<p>Aitab toetada s\u00fcdame tervist ja rakuenergiat.<br \/>\nAitab taastada CoQ10, mis v\u00f5ib vananemise ja statiinravimite t\u00f5ttu ammenduda.<br \/>\nKoostatud BioPerine musta pipra ekstraktiga, et suurendada imendumist ja biosaadavust.<\/p>","protected":false},"excerpt":{"rendered":"<p>nutrition supplement containing coenzyme Q10 Doctor&#8217;s Best High Absorption CoQ10 with BioPerine, 200mg to support a healthy heart and blood vessels. The package contains: 180 capsules. Gluten-free.<\/p>","protected":false},"featured_media":53233,"comment_status":"closed","ping_status":"closed","template":"","meta":{"advanced_seo_description":"","jetpack_seo_html_title":"","jetpack_seo_noindex":false},"pwb-brand":[147],"product_brand":[4565],"product_cat":[688,2600,2591,284,152],"product_tag":[1159,1167,1158,1052,1133],"class_list":{"0":"post-2934","1":"product","2":"type-product","3":"status-publish","4":"has-post-thumbnail","6":"pwb-brand-doctors-best","7":"product_brand-doctors-best","8":"product_cat-beauty-supplements","9":"product_cat-inflammation","10":"product_cat-liver","11":"product_cat-trace-elements","12":"product_cat-vitamins-and-minerals","13":"product_tag-aging","14":"product_tag-blood-vessels","15":"product_tag-heart","16":"product_tag-pigment-spots","17":"product_tag-wrinkles","18":"brand_woo-doctors-best","20":"first","21":"instock","22":"taxable","23":"shipping-taxable","24":"purchasable","25":"product-type-simple"},"jetpack_sharing_enabled":true,"brands":[{"id":147,"name":"Doctor's Best","slug":"doctors-best"}],"_links":{"self":[{"href":"https:\/\/veganova.eu\/et\/wp-json\/wp\/v2\/product\/2934","targetHints":{"allow":["GET"]}}],"collection":[{"href":"https:\/\/veganova.eu\/et\/wp-json\/wp\/v2\/product"}],"about":[{"href":"https:\/\/veganova.eu\/et\/wp-json\/wp\/v2\/types\/product"}],"replies":[{"embeddable":true,"href":"https:\/\/veganova.eu\/et\/wp-json\/wp\/v2\/comments?post=2934"}],"version-history":[{"count":1,"href":"https:\/\/veganova.eu\/et\/wp-json\/wp\/v2\/product\/2934\/revisions"}],"predecessor-version":[{"id":57471,"href":"https:\/\/veganova.eu\/et\/wp-json\/wp\/v2\/product\/2934\/revisions\/57471"}],"wp:featuredmedia":[{"embeddable":true,"href":"https:\/\/veganova.eu\/et\/wp-json\/wp\/v2\/media\/53233"}],"wp:attachment":[{"href":"https:\/\/veganova.eu\/et\/wp-json\/wp\/v2\/media?parent=2934"}],"wp:term":[{"taxonomy":"pwb-brand","embeddable":true,"href":"https:\/\/veganova.eu\/et\/wp-json\/wp\/v2\/pwb-brand?post=2934"},{"taxonomy":"product_brand","embeddable":true,"href":"https:\/\/veganova.eu\/et\/wp-json\/wp\/v2\/product_brand?post=2934"},{"taxonomy":"product_cat","embeddable":true,"href":"https:\/\/veganova.eu\/et\/wp-json\/wp\/v2\/product_cat?post=2934"},{"taxonomy":"product_tag","embeddable":true,"href":"https:\/\/veganova.eu\/et\/wp-json\/wp\/v2\/product_tag?post=2934"}],"curies":[{"name":"wp","href":"https:\/\/api.w.org\/{rel}","templated":true}]}}