{"id":3194,"date":"2023-10-01T17:04:05","date_gmt":"2023-10-01T15:04:05","guid":{"rendered":"https:\/\/veganova.eu\/?post_type=product&#038;p=3194"},"modified":"2026-04-21T07:23:49","modified_gmt":"2026-04-21T05:23:49","slug":"jarrow-formulas-same-400-30-tab","status":"publish","type":"product","link":"https:\/\/veganova.eu\/et\/shop\/jarrow-formulas-same-400-30-tab\/","title":{"rendered":"Jarrow Formulas SAMe 400 (30 tab)"},"content":{"rendered":"<h3>Jarrow Formulas SAMe 400 (30 tab)<\/h3>\n<p>Jarrow Formulas SAMe 200 annab 400 mg SAMe-tos\u00fclaatdisulfaadist t\u00e4is 200 mg SAMe (netotoodang). SAMe 200 toodetakse madalal temperatuuril ja madala niiskuse juures ning see on kaetud enterokattega, et tagada bioloogiliselt aktiivne toode.<\/p>\n<p>Bioloogiliselt aktiivse S,S- kui R,S-vormi sisaldusega.<br \/>\nSAMe, mida leidub k\u00f5igis elusrakkudes, on metioniini (oluline aminohape) metaboliit. SAMe on kiraalne molekul, mis koosneb kahest vormist: (S,S) SAMe ja (R,S) SAMe. Bioloogiliselt aktiivne vorm on (S,S)-struktuur, samas kui (R,S)-struktuur on bioloogiliselt mitteaktiivne. Jarrow Formulas SAMe valmistatakse mikrobioloogilise k\u00e4\u00e4ritamise teel ja seej\u00e4rel t\u00f6\u00f6deldakse ilma keemiliste lahustiteta, et s\u00e4ilitada 68-80% (S,S) SAMe.<\/p>\n<p>SAMe toetab:<\/p>\n<p>Aju ainevahetus ja meeleolu*<br \/>\nSAMe met\u00fc\u00fclimisreaktsioonid on seotud fosfatid\u00fc\u00fclkoliini s\u00fcnteesiga, mis on aju ja rakumembraanide oluline koostisosa.* Samuti on tehtud ettepanek, et see on seotud<br \/>\nneurotransmitterite moodustamisel v\u00f5i ainevahetuses, mis aitab kaasa<br \/>\ntoetada tasakaalustatud meeleolu.*<\/p>\n<p>Liigese tervis*<br \/>\nSAMe toetab terve sidekoe tootmist transsulfureerimise kaudu.* Selles transsulfureerimisprotsessis sulfateerivad SAMe metaboliidid sidekoe kriitilisi komponente, mida nimetatakse gl\u00fckosaminogl\u00fckaanideks (GAG), sealhulgas gl\u00fckosamiini ja kondroitiini, et saada sulfaatunud GAG-e, nagu gl\u00fckosamiinsulfaat ja kondroitiinsulfaat, mis on k\u00f5hre ehitusplokid.*<\/p>\n<p>Maksafunktsioon*<br \/>\nSAMe toetab glutatiooni (GSH) s\u00fcnteesi, mis on oluline antioks\u00fcdantide kaitseks ja maksa funktsioonide, sealhulgas II faasi detoksikatsiooni jaoks.*<\/p>\n<p>Jarrow Formulas SAMe 200 on stabiilsuse maksimeerimiseks fooliumisse blisterpakendis ja sisaldab 200 mg S-Adenos\u00fc\u00fclmetioniini, mis on saadud 400 mg SAMe Tos\u00fclaat Disulfaadist.<\/p>","protected":false},"excerpt":{"rendered":"<p>Vegan toidulisand Jarrow Formulas SAMe 400 sobib tervete liigeste, maksa detoksikatsiooni, ajufunktsioonide tugevdamise ja hea tuju toetamiseks. Pakend sisaldab: 30 tabletti.<\/p>","protected":false},"featured_media":11252,"comment_status":"closed","ping_status":"closed","template":"","meta":{"advanced_seo_description":"","jetpack_seo_html_title":"","jetpack_seo_noindex":false},"pwb-brand":[165],"product_brand":[4572],"product_cat":[294,143],"product_tag":[1146,1273,1272,1271],"class_list":{"0":"post-3194","1":"product","2":"type-product","3":"status-publish","4":"has-post-thumbnail","6":"pwb-brand-jarrow-formulas","7":"product_brand-jarrow-formulas","8":"product_cat-for-seniors","9":"product_cat-health-issues","10":"product_tag-good-mood","11":"product_tag-healthy-brain","12":"product_tag-healthy-joints","13":"product_tag-liver-detox","14":"brand_woo-jarrow-formulas","16":"first","17":"instock","18":"taxable","19":"shipping-taxable","20":"purchasable","21":"product-type-simple"},"jetpack_sharing_enabled":true,"brands":[{"id":165,"name":"Jarrow Formulad","slug":"jarrow-formulas"}],"_links":{"self":[{"href":"https:\/\/veganova.eu\/et\/wp-json\/wp\/v2\/product\/3194","targetHints":{"allow":["GET"]}}],"collection":[{"href":"https:\/\/veganova.eu\/et\/wp-json\/wp\/v2\/product"}],"about":[{"href":"https:\/\/veganova.eu\/et\/wp-json\/wp\/v2\/types\/product"}],"replies":[{"embeddable":true,"href":"https:\/\/veganova.eu\/et\/wp-json\/wp\/v2\/comments?post=3194"}],"version-history":[{"count":1,"href":"https:\/\/veganova.eu\/et\/wp-json\/wp\/v2\/product\/3194\/revisions"}],"predecessor-version":[{"id":57680,"href":"https:\/\/veganova.eu\/et\/wp-json\/wp\/v2\/product\/3194\/revisions\/57680"}],"wp:featuredmedia":[{"embeddable":true,"href":"https:\/\/veganova.eu\/et\/wp-json\/wp\/v2\/media\/11252"}],"wp:attachment":[{"href":"https:\/\/veganova.eu\/et\/wp-json\/wp\/v2\/media?parent=3194"}],"wp:term":[{"taxonomy":"pwb-brand","embeddable":true,"href":"https:\/\/veganova.eu\/et\/wp-json\/wp\/v2\/pwb-brand?post=3194"},{"taxonomy":"product_brand","embeddable":true,"href":"https:\/\/veganova.eu\/et\/wp-json\/wp\/v2\/product_brand?post=3194"},{"taxonomy":"product_cat","embeddable":true,"href":"https:\/\/veganova.eu\/et\/wp-json\/wp\/v2\/product_cat?post=3194"},{"taxonomy":"product_tag","embeddable":true,"href":"https:\/\/veganova.eu\/et\/wp-json\/wp\/v2\/product_tag?post=3194"}],"curies":[{"name":"wp","href":"https:\/\/api.w.org\/{rel}","templated":true}]}}