{"id":3206,"date":"2023-10-01T17:04:11","date_gmt":"2023-10-01T15:04:11","guid":{"rendered":"https:\/\/veganova.eu\/?post_type=product&#038;p=3206"},"modified":"2026-04-21T07:23:51","modified_gmt":"2026-04-21T05:23:51","slug":"kiki-health-activated-charcoal-300mg-50-kaps","status":"publish","type":"product","link":"https:\/\/veganova.eu\/et\/shop\/kiki-health-activated-charcoal-300mg-50-kaps\/","title":{"rendered":"KIKI Health Aktiivs\u00fcsi, 300mg (50 kapslit)"},"content":{"rendered":"<h3>KIKI Health Aktiivs\u00fcsi<\/h3>\n<ul>\n<li>KIKI Aktiivs\u00fcsi on valmistatud s\u00e4\u00e4stvatest kookosp\u00e4hklitest, mis on puhastatud auruga, et eemaldada k\u00f5ik saasteained.<\/li>\n<li>See on peenelt peenestatud pulber (5-10 mikronit), millel on suur pindala soovimatute ainete imendumiseks.<\/li>\n<li>Suukaudselt manustatuna v\u00f5i hammastele v\u00f5i nahale kantuna toimib see nagu k\u00e4sn, mis imab saasteained endasse.<\/li>\n<li>Aktiivs\u00fcsi aitab v\u00e4hendada liigset k\u00f5hupuhitust p\u00e4rast s\u00f6\u00f6ki.<\/li>\n<li>Kasulik m\u00f5ju saavutatakse 1 g, mida tuleks v\u00f5tta v\u00e4hemalt 30 minutit enne ja 1 g vahetult p\u00e4rast s\u00f6\u00f6ki.<\/li>\n<\/ul>","protected":false},"excerpt":{"rendered":"<p>Vegan toidulisand, mis sisaldab kookosp\u00e4hklitest saadud aktiivs\u00fctt KIKI Health Activated Charcoal seob toksiine ja saasteaineid. Sobib kasutamiseks seedeprobleemide ja liigse k\u00f5hupuhituse probleemide korral. Aktiivs\u00f6e sisaldus: 300mg, pakend sisaldab: 50 taimset kapslit.<\/p>","protected":false},"featured_media":53624,"comment_status":"closed","ping_status":"closed","template":"","meta":{"advanced_seo_description":"","jetpack_seo_html_title":"","jetpack_seo_noindex":false},"pwb-brand":[166],"product_brand":[4573],"product_cat":[2592,596,149],"product_tag":[1278,1277,1090],"class_list":{"0":"post-3206","1":"product","2":"type-product","3":"status-publish","4":"has-post-thumbnail","6":"pwb-brand-kiki-health","7":"product_brand-kiki-health","8":"product_cat-detox","9":"product_cat-digestion","10":"product_cat-superfoods","11":"product_tag-gas","12":"product_tag-intestinal-problems","13":"product_tag-toxins","14":"brand_woo-kiki-health","16":"first","17":"instock","18":"sale","19":"taxable","20":"shipping-taxable","21":"purchasable","22":"product-type-simple"},"jetpack_sharing_enabled":true,"brands":[{"id":166,"name":"KIKI tervis","slug":"kiki-health"}],"_links":{"self":[{"href":"https:\/\/veganova.eu\/et\/wp-json\/wp\/v2\/product\/3206","targetHints":{"allow":["GET"]}}],"collection":[{"href":"https:\/\/veganova.eu\/et\/wp-json\/wp\/v2\/product"}],"about":[{"href":"https:\/\/veganova.eu\/et\/wp-json\/wp\/v2\/types\/product"}],"replies":[{"embeddable":true,"href":"https:\/\/veganova.eu\/et\/wp-json\/wp\/v2\/comments?post=3206"}],"version-history":[{"count":1,"href":"https:\/\/veganova.eu\/et\/wp-json\/wp\/v2\/product\/3206\/revisions"}],"predecessor-version":[{"id":57692,"href":"https:\/\/veganova.eu\/et\/wp-json\/wp\/v2\/product\/3206\/revisions\/57692"}],"wp:featuredmedia":[{"embeddable":true,"href":"https:\/\/veganova.eu\/et\/wp-json\/wp\/v2\/media\/53624"}],"wp:attachment":[{"href":"https:\/\/veganova.eu\/et\/wp-json\/wp\/v2\/media?parent=3206"}],"wp:term":[{"taxonomy":"pwb-brand","embeddable":true,"href":"https:\/\/veganova.eu\/et\/wp-json\/wp\/v2\/pwb-brand?post=3206"},{"taxonomy":"product_brand","embeddable":true,"href":"https:\/\/veganova.eu\/et\/wp-json\/wp\/v2\/product_brand?post=3206"},{"taxonomy":"product_cat","embeddable":true,"href":"https:\/\/veganova.eu\/et\/wp-json\/wp\/v2\/product_cat?post=3206"},{"taxonomy":"product_tag","embeddable":true,"href":"https:\/\/veganova.eu\/et\/wp-json\/wp\/v2\/product_tag?post=3206"}],"curies":[{"name":"wp","href":"https:\/\/api.w.org\/{rel}","templated":true}]}}