{"id":3216,"date":"2023-10-01T17:04:15","date_gmt":"2023-10-01T15:04:15","guid":{"rendered":"https:\/\/veganova.eu\/?post_type=product&#038;p=3216"},"modified":"2026-04-21T07:23:51","modified_gmt":"2026-04-21T05:23:51","slug":"kiki-health-body-biotics-400mg-30-kaps","status":"publish","type":"product","link":"https:\/\/veganova.eu\/et\/shop\/kiki-health-body-biotics-400mg-30-kaps\/","title":{"rendered":"KIKI Health Body Biotics, 400mg (30 kapslit)"},"content":{"rendered":"<h3>KIKI Health Body Biotics<\/h3>\n<ul>\n<li>Body Biotics j\u00e4ljendab loodust, et pakkuda k\u00f5iki t\u00f5eliste bakterikultuuride eeliseid. GMO-vaba, toksiinivaba, kemikaalivaba, toitaineterikas peremees-substraat.<\/li>\n<li>Nad on looduslikult deh\u00fcdreeritud (mitte k\u00fclmkuivatatud), uinunud nagu looduses, oodates, et neid elustada vesilahusega.<br \/>\nNeil EI ole piiratud arvu.<\/li>\n<li>Kui vee v\u00f5i mahla abil aktiveeritakse need looduses v\u00e4lja\u00f5petatud ja k\u00f5ige karmimatele keskkondadele vastu pidama \u00f5ppinud organismid, \u00e4rkavad nad \u00fcles ja hakkavad kohe paljunema.<\/li>\n<li>Seega oleks CFU koguse lisamine Body Biotics'i etiketile ebat\u00e4pne ja eksitav.<\/li>\n<\/ul>","protected":false},"excerpt":{"rendered":"<p>Vegan toidulisand, mis sisaldab probiootikume KIKI Health Body Biotics, 400mg on ideaalne tervisliku soolestiku keskkonna toetamiseks, seedeprobleemide korral ja immuunsuse tugevdamiseks. Puhas vorm, ilma GMO-deta. Pakend sisaldab: 30 taimset kapslit.<\/p>","protected":false},"featured_media":53616,"comment_status":"closed","ping_status":"closed","template":"","meta":{"advanced_seo_description":"","jetpack_seo_html_title":"","jetpack_seo_noindex":false},"pwb-brand":[166],"product_brand":[4573],"product_cat":[596],"product_tag":[1191,1116,1117],"class_list":{"0":"post-3216","1":"product","2":"type-product","3":"status-publish","4":"has-post-thumbnail","6":"pwb-brand-kiki-health","7":"product_brand-kiki-health","8":"product_cat-digestion","9":"product_tag-digestive-problems","10":"product_tag-healthy-gut","11":"product_tag-immunity","12":"brand_woo-kiki-health","14":"first","15":"instock","16":"taxable","17":"shipping-taxable","18":"purchasable","19":"product-type-simple"},"jetpack_sharing_enabled":true,"brands":[{"id":166,"name":"KIKI tervis","slug":"kiki-health"}],"_links":{"self":[{"href":"https:\/\/veganova.eu\/et\/wp-json\/wp\/v2\/product\/3216","targetHints":{"allow":["GET"]}}],"collection":[{"href":"https:\/\/veganova.eu\/et\/wp-json\/wp\/v2\/product"}],"about":[{"href":"https:\/\/veganova.eu\/et\/wp-json\/wp\/v2\/types\/product"}],"replies":[{"embeddable":true,"href":"https:\/\/veganova.eu\/et\/wp-json\/wp\/v2\/comments?post=3216"}],"version-history":[{"count":1,"href":"https:\/\/veganova.eu\/et\/wp-json\/wp\/v2\/product\/3216\/revisions"}],"predecessor-version":[{"id":57702,"href":"https:\/\/veganova.eu\/et\/wp-json\/wp\/v2\/product\/3216\/revisions\/57702"}],"wp:featuredmedia":[{"embeddable":true,"href":"https:\/\/veganova.eu\/et\/wp-json\/wp\/v2\/media\/53616"}],"wp:attachment":[{"href":"https:\/\/veganova.eu\/et\/wp-json\/wp\/v2\/media?parent=3216"}],"wp:term":[{"taxonomy":"pwb-brand","embeddable":true,"href":"https:\/\/veganova.eu\/et\/wp-json\/wp\/v2\/pwb-brand?post=3216"},{"taxonomy":"product_brand","embeddable":true,"href":"https:\/\/veganova.eu\/et\/wp-json\/wp\/v2\/product_brand?post=3216"},{"taxonomy":"product_cat","embeddable":true,"href":"https:\/\/veganova.eu\/et\/wp-json\/wp\/v2\/product_cat?post=3216"},{"taxonomy":"product_tag","embeddable":true,"href":"https:\/\/veganova.eu\/et\/wp-json\/wp\/v2\/product_tag?post=3216"}],"curies":[{"name":"wp","href":"https:\/\/api.w.org\/{rel}","templated":true}]}}