{"id":3233,"date":"2023-10-01T17:04:22","date_gmt":"2023-10-01T15:04:22","guid":{"rendered":"https:\/\/veganova.eu\/?post_type=product&#038;p=3233"},"modified":"2026-04-21T07:23:52","modified_gmt":"2026-04-21T05:23:52","slug":"kiki-health-natures-living-superfood-organic-300g","status":"publish","type":"product","link":"https:\/\/veganova.eu\/et\/shop\/kiki-health-natures-living-superfood-organic-300g\/","title":{"rendered":"KIKI Health Nature's Living Superfood Organic (300g)"},"content":{"rendered":"<h3>KIKI Health Nature's Living Superfood Organic (300g)<\/h3>\n<p>Roheline toit<br \/>\nTaimemahlad<br \/>\nMeretaimed<br \/>\nVetikad<br \/>\nEns\u00fc\u00fcmid<br \/>\nBakterioloogilised kultuurid<br \/>\nSertifitseeritud<br \/>\nGluteenivaba<\/p>\n<p>Nature's Living Superfood on roheline leelistav t\u00e4istoidulisand. See on saadud terviklikust t\u00e4istoidusegust, sealhulgas leeliselisanditest maismaa- ja merek\u00f6\u00f6giviljadest, mikrovetikatest, ens\u00fc\u00fcmidest ja bakterikultuuridest. K\u00f5ik Nature's Living Superfood'i 32 k\u00fclmpressitud primaarset koostisosa on hoolikalt valitud, tasakaalustatud ja valmistatud, et tagada maksimaalne imendumine ja kasutamine organismis rakutasandil. Nature's Living Superfood on loodud toetama teie igap\u00e4evaseid toitumisvajadusi, kuna see on valmistatud eranditult taimsetest, t\u00e4istoitudest koostisosadest koos probiootikumide ja ens\u00fc\u00fcmidega, mis k\u00f5ik aitavad organismil vajalikke toitaineid omastada ja toetada seedetrakti tervist.<\/p>","protected":false},"excerpt":{"rendered":"<p>Vegan toidulisand KIKI Health Nature's Living Superfood Organic sisaldab supertoitude, vetikate puhast ekstrakti koos ens\u00fc\u00fcmide ja probiootiliste kultuuridega. Ideaalne toidulisand maksimaalse kasu saamiseks tervisele, tervislikule seedimisele ja immuunsuse tugevdamisele. Pakend sisaldab: 300g. Gluteenivaba.<\/p>","protected":false},"featured_media":53135,"comment_status":"closed","ping_status":"closed","template":"","meta":{"advanced_seo_description":"","jetpack_seo_html_title":"","jetpack_seo_noindex":false},"pwb-brand":[166],"product_brand":[4573],"product_cat":[149],"product_tag":[1167,1157,1037,1067,1117,1285],"class_list":{"0":"post-3233","1":"product","2":"type-product","3":"status-publish","4":"has-post-thumbnail","6":"pwb-brand-kiki-health","7":"product_brand-kiki-health","8":"product_cat-superfoods","9":"product_tag-blood-vessels","10":"product_tag-circulation","11":"product_tag-detox","12":"product_tag-digestion","13":"product_tag-immunity","14":"product_tag-intestines","15":"brand_woo-kiki-health","17":"first","18":"outofstock","19":"taxable","20":"shipping-taxable","21":"purchasable","22":"product-type-simple"},"jetpack_sharing_enabled":true,"brands":[{"id":166,"name":"KIKI tervis","slug":"kiki-health"}],"_links":{"self":[{"href":"https:\/\/veganova.eu\/et\/wp-json\/wp\/v2\/product\/3233","targetHints":{"allow":["GET"]}}],"collection":[{"href":"https:\/\/veganova.eu\/et\/wp-json\/wp\/v2\/product"}],"about":[{"href":"https:\/\/veganova.eu\/et\/wp-json\/wp\/v2\/types\/product"}],"replies":[{"embeddable":true,"href":"https:\/\/veganova.eu\/et\/wp-json\/wp\/v2\/comments?post=3233"}],"version-history":[{"count":1,"href":"https:\/\/veganova.eu\/et\/wp-json\/wp\/v2\/product\/3233\/revisions"}],"predecessor-version":[{"id":57718,"href":"https:\/\/veganova.eu\/et\/wp-json\/wp\/v2\/product\/3233\/revisions\/57718"}],"wp:featuredmedia":[{"embeddable":true,"href":"https:\/\/veganova.eu\/et\/wp-json\/wp\/v2\/media\/53135"}],"wp:attachment":[{"href":"https:\/\/veganova.eu\/et\/wp-json\/wp\/v2\/media?parent=3233"}],"wp:term":[{"taxonomy":"pwb-brand","embeddable":true,"href":"https:\/\/veganova.eu\/et\/wp-json\/wp\/v2\/pwb-brand?post=3233"},{"taxonomy":"product_brand","embeddable":true,"href":"https:\/\/veganova.eu\/et\/wp-json\/wp\/v2\/product_brand?post=3233"},{"taxonomy":"product_cat","embeddable":true,"href":"https:\/\/veganova.eu\/et\/wp-json\/wp\/v2\/product_cat?post=3233"},{"taxonomy":"product_tag","embeddable":true,"href":"https:\/\/veganova.eu\/et\/wp-json\/wp\/v2\/product_tag?post=3233"}],"curies":[{"name":"wp","href":"https:\/\/api.w.org\/{rel}","templated":true}]}}