{"id":3274,"date":"2023-10-01T17:04:27","date_gmt":"2023-10-01T15:04:27","guid":{"rendered":"https:\/\/veganova.eu\/?post_type=product&#038;p=3274"},"modified":"2026-04-21T07:23:53","modified_gmt":"2026-04-21T05:23:53","slug":"nordic-naturals-prenatal-dha-vegan-500mg-60-softgels","status":"publish","type":"product","link":"https:\/\/veganova.eu\/et\/shop\/nordic-naturals-prenatal-dha-vegan-500mg-60-softgels\/","title":{"rendered":"Nordic Naturals Prenatal DHA Vegan, 500mg (60 pehmendavat tabletti)"},"content":{"rendered":"<h3>Nordic Naturals Prenatal DHA Vegan<\/h3>\n<ul>\n<li>Oomega-3-rasvhape DHA m\u00e4ngib eriti olulist rolli raseduse ja rinnaga toitmise ajal, kuna see aitab toetada imikute optimaalset aju ja n\u00e4gemise arengut.<\/li>\n<li>Siiski v\u00f5ib vegan- ja taimetoitlastest emadel olla raske saada piisavalt DHA-d ainult taimsetest allikatest.<\/li>\n<li>Meie vegan DHA s\u00fcnnieelne valem annab emadele kasulikku DHA-d enne rasedust, raseduse ajal ja p\u00e4rast seda.<\/li>\n<li>Vegan Prenatal DHA, mis on saadud mikrovetikatest, pakub j\u00e4tkusuutlikku, kalavaba alternatiivi kala\u00f5li toidulisanditele taimetoitlastele, veganitele ja k\u00f5igile tulevastele emadele, kes ei s\u00f6\u00f6 kala.<\/li>\n<\/ul>","protected":false},"excerpt":{"rendered":"<p>Vegan toidulisand, mis on m\u00f5eldud rasedatele Nordic Naturals Prenatal DHA Vegan, 500 mg, mis sisaldab Omega 3 rasvhappeid, mis on olulised lapse n\u00f5uetekohaseks arenguks, eriti aju ja n\u00e4rvifunktsioonide jaoks. V\u00f5ib kasutada enne rasedust, raseduse ajal ja p\u00e4rast seda, samuti imetamise ajal. Pakend sisaldab: 60 pehmet tabletti.<\/p>","protected":false},"featured_media":53605,"comment_status":"closed","ping_status":"closed","template":"","meta":{"advanced_seo_description":"","jetpack_seo_html_title":"","jetpack_seo_noindex":false},"pwb-brand":[171],"product_brand":[4579],"product_cat":[267,143],"product_tag":[929,1292,1104],"class_list":{"0":"post-3274","1":"product","2":"type-product","3":"status-publish","4":"has-post-thumbnail","6":"pwb-brand-nordic-naturals","7":"product_brand-nordic-naturals","8":"product_cat-for-women","9":"product_cat-health-issues","10":"product_tag-for-women","11":"product_tag-healthy-baby-development","12":"product_tag-pregnancy","13":"brand_woo-nordic-naturals","15":"first","16":"outofstock","17":"taxable","18":"shipping-taxable","19":"purchasable","20":"product-type-simple"},"jetpack_sharing_enabled":true,"brands":[{"id":171,"name":"Nordic Naturals","slug":"nordic-naturals"}],"_links":{"self":[{"href":"https:\/\/veganova.eu\/et\/wp-json\/wp\/v2\/product\/3274","targetHints":{"allow":["GET"]}}],"collection":[{"href":"https:\/\/veganova.eu\/et\/wp-json\/wp\/v2\/product"}],"about":[{"href":"https:\/\/veganova.eu\/et\/wp-json\/wp\/v2\/types\/product"}],"replies":[{"embeddable":true,"href":"https:\/\/veganova.eu\/et\/wp-json\/wp\/v2\/comments?post=3274"}],"version-history":[{"count":1,"href":"https:\/\/veganova.eu\/et\/wp-json\/wp\/v2\/product\/3274\/revisions"}],"predecessor-version":[{"id":57727,"href":"https:\/\/veganova.eu\/et\/wp-json\/wp\/v2\/product\/3274\/revisions\/57727"}],"wp:featuredmedia":[{"embeddable":true,"href":"https:\/\/veganova.eu\/et\/wp-json\/wp\/v2\/media\/53605"}],"wp:attachment":[{"href":"https:\/\/veganova.eu\/et\/wp-json\/wp\/v2\/media?parent=3274"}],"wp:term":[{"taxonomy":"pwb-brand","embeddable":true,"href":"https:\/\/veganova.eu\/et\/wp-json\/wp\/v2\/pwb-brand?post=3274"},{"taxonomy":"product_brand","embeddable":true,"href":"https:\/\/veganova.eu\/et\/wp-json\/wp\/v2\/product_brand?post=3274"},{"taxonomy":"product_cat","embeddable":true,"href":"https:\/\/veganova.eu\/et\/wp-json\/wp\/v2\/product_cat?post=3274"},{"taxonomy":"product_tag","embeddable":true,"href":"https:\/\/veganova.eu\/et\/wp-json\/wp\/v2\/product_tag?post=3274"}],"curies":[{"name":"wp","href":"https:\/\/api.w.org\/{rel}","templated":true}]}}