{"id":3414,"date":"2023-10-01T17:05:30","date_gmt":"2023-10-01T15:05:30","guid":{"rendered":"https:\/\/veganova.eu\/?post_type=product&#038;p=3414"},"modified":"2026-04-21T07:24:04","modified_gmt":"2026-04-21T05:24:04","slug":"now-foods-curcubrain-400mg-50-kaps","status":"publish","type":"product","link":"https:\/\/veganova.eu\/et\/shop\/now-foods-curcubrain-400mg-50-kaps\/","title":{"rendered":"NOW Foods CurcuBrain, 400mg (50 kapslit)"},"content":{"rendered":"<h3>NOW Foods CurcuBrain<\/h3>\n<ul>\n<li>Longvida optimeeritud kurkumiin<\/li>\n<li>L\u00e4bib vere-aju barj\u00e4\u00e4ri<\/li>\n<li>Kurkumiin vabal kujul, millel on suurep\u00e4rane biosaadavus<\/li>\n<li>Kurkumiin on v\u00f5imas vabade radikaalide neutraliseerija, mis teadaolevalt toetab tasakaalustatud immuuns\u00fcsteemi toimimist, kuid on ka teadaolevalt halvasti biosaadav.<\/li>\n<li>N\u00fc\u00fcd sisaldab CurcuBrain Longvida optimeeritud kurkumiini, mis uuringutes n\u00e4itab kuni 65 korda suuremat vaba kurkuminoidide biosaadavust v\u00f5rreldes geneerilise kurkumiiniga.<\/li>\n<li>Longvida imendub seedetraktist ja j\u00f5uab \u00fclej\u00e4\u00e4nud organismi vaba kurkumina, mis on aktiivne vorm organismis.<\/li>\n<\/ul>","protected":false},"excerpt":{"rendered":"<p>Vegan toidulisand NOW Foods CurcuBrain, 400mg, mis sisaldab patenteeritud kurkumiini ekstrakti, mis tagab suurema imenduvuse ja kasutatavuse kui kurkumi tavap\u00e4rane kasutamine. Pakend sisaldab: 50 kapslit. Gluteenivaba, GMO-vaba.<\/p>","protected":false},"featured_media":53560,"comment_status":"closed","ping_status":"closed","template":"","meta":{"advanced_seo_description":"","jetpack_seo_html_title":"","jetpack_seo_noindex":false},"pwb-brand":[173],"product_brand":[4580],"product_cat":[2592,294,143,597,2600,2591],"product_tag":[1273,1117],"class_list":{"0":"post-3414","1":"product","2":"type-product","3":"status-publish","4":"has-post-thumbnail","6":"pwb-brand-now-foods","7":"product_brand-now-foods","8":"product_cat-detox","9":"product_cat-for-seniors","10":"product_cat-health-issues","11":"product_cat-body-immunity","12":"product_cat-inflammation","13":"product_cat-liver","14":"product_tag-healthy-brain","15":"product_tag-immunity","16":"brand_woo-now-foods","18":"first","19":"instock","20":"taxable","21":"shipping-taxable","22":"purchasable","23":"product-type-simple"},"jetpack_sharing_enabled":true,"brands":[{"id":173,"name":"NOW Foods","slug":"now-foods"}],"_links":{"self":[{"href":"https:\/\/veganova.eu\/et\/wp-json\/wp\/v2\/product\/3414","targetHints":{"allow":["GET"]}}],"collection":[{"href":"https:\/\/veganova.eu\/et\/wp-json\/wp\/v2\/product"}],"about":[{"href":"https:\/\/veganova.eu\/et\/wp-json\/wp\/v2\/types\/product"}],"replies":[{"embeddable":true,"href":"https:\/\/veganova.eu\/et\/wp-json\/wp\/v2\/comments?post=3414"}],"version-history":[{"count":1,"href":"https:\/\/veganova.eu\/et\/wp-json\/wp\/v2\/product\/3414\/revisions"}],"predecessor-version":[{"id":57845,"href":"https:\/\/veganova.eu\/et\/wp-json\/wp\/v2\/product\/3414\/revisions\/57845"}],"wp:featuredmedia":[{"embeddable":true,"href":"https:\/\/veganova.eu\/et\/wp-json\/wp\/v2\/media\/53560"}],"wp:attachment":[{"href":"https:\/\/veganova.eu\/et\/wp-json\/wp\/v2\/media?parent=3414"}],"wp:term":[{"taxonomy":"pwb-brand","embeddable":true,"href":"https:\/\/veganova.eu\/et\/wp-json\/wp\/v2\/pwb-brand?post=3414"},{"taxonomy":"product_brand","embeddable":true,"href":"https:\/\/veganova.eu\/et\/wp-json\/wp\/v2\/product_brand?post=3414"},{"taxonomy":"product_cat","embeddable":true,"href":"https:\/\/veganova.eu\/et\/wp-json\/wp\/v2\/product_cat?post=3414"},{"taxonomy":"product_tag","embeddable":true,"href":"https:\/\/veganova.eu\/et\/wp-json\/wp\/v2\/product_tag?post=3414"}],"curies":[{"name":"wp","href":"https:\/\/api.w.org\/{rel}","templated":true}]}}