{"id":3571,"date":"2023-10-01T17:06:40","date_gmt":"2023-10-01T15:06:40","guid":{"rendered":"https:\/\/veganova.eu\/?post_type=product&#038;p=3571"},"modified":"2026-04-21T07:24:15","modified_gmt":"2026-04-21T05:24:15","slug":"now-foods-magnesium-citrate-200mg-250-tablets","status":"publish","type":"product","link":"https:\/\/veganova.eu\/et\/shop\/now-foods-magnesium-citrate-200mg-250-tablets\/","title":{"rendered":"NOW Foods Magneesiumtsitraat, 200mg (250 tab)"},"content":{"rendered":"<h3>NOW Foods Magneesiumtsitraat, 200mg (250 tab)<\/h3>\n<p>Toetab energiatootmist<br \/>\nKriitiline ens\u00fc\u00fcmide toimimiseks<br \/>\nMagneesium on mineraal, mis on kriitilise t\u00e4htsusega energia tootmisel ja ainevahetuses, lihaste kokkut\u00f5mbumisel, n\u00e4rviimpulsside edastamisel ja luude mineraliseerumisel. See on vajalik kofaktor hinnanguliselt 300 ens\u00fc\u00fcmi jaoks. Nende ens\u00fc\u00fcmide poolt katal\u00fc\u00fcsitavate reaktsioonide hulka kuuluvad rasvhapete s\u00fcntees, valgus\u00fcntees ja gl\u00fckoosi ainevahetus. Magneesiumi staatus on oluline ka kaltsiumitasakaalu reguleerimisel, kuna see m\u00f5jutab k\u00f5rvalkilpn\u00e4\u00e4ret.<\/p>","protected":false},"excerpt":{"rendered":"<p>Vegan nutrition supplement NOW Foods Magnesium Citrate, 200 mg, package contains: 250 tablets. Gluten-free, GMO-free.<\/p>","protected":false},"featured_media":51692,"comment_status":"closed","ping_status":"closed","template":"","meta":{"advanced_seo_description":"","jetpack_seo_html_title":"","jetpack_seo_noindex":false},"pwb-brand":[173],"product_brand":[4580],"product_cat":[172,2598,2595,152],"product_tag":[1208,1197,1079,1126],"class_list":{"0":"post-3571","1":"product","2":"type-product","3":"status-publish","4":"has-post-thumbnail","6":"pwb-brand-now-foods","7":"product_brand-now-foods","8":"product_cat-minerals","9":"product_cat-recovery","10":"product_cat-stress","11":"product_cat-vitamins-and-minerals","12":"product_tag-muscles","13":"product_tag-regeneration","14":"product_tag-relaxation","15":"product_tag-stress","16":"brand_woo-now-foods","18":"first","19":"instock","20":"taxable","21":"shipping-taxable","22":"purchasable","23":"product-type-simple"},"jetpack_sharing_enabled":true,"brands":[{"id":173,"name":"NOW Foods","slug":"now-foods"}],"_links":{"self":[{"href":"https:\/\/veganova.eu\/et\/wp-json\/wp\/v2\/product\/3571","targetHints":{"allow":["GET"]}}],"collection":[{"href":"https:\/\/veganova.eu\/et\/wp-json\/wp\/v2\/product"}],"about":[{"href":"https:\/\/veganova.eu\/et\/wp-json\/wp\/v2\/types\/product"}],"replies":[{"embeddable":true,"href":"https:\/\/veganova.eu\/et\/wp-json\/wp\/v2\/comments?post=3571"}],"version-history":[{"count":1,"href":"https:\/\/veganova.eu\/et\/wp-json\/wp\/v2\/product\/3571\/revisions"}],"predecessor-version":[{"id":57986,"href":"https:\/\/veganova.eu\/et\/wp-json\/wp\/v2\/product\/3571\/revisions\/57986"}],"wp:featuredmedia":[{"embeddable":true,"href":"https:\/\/veganova.eu\/et\/wp-json\/wp\/v2\/media\/51692"}],"wp:attachment":[{"href":"https:\/\/veganova.eu\/et\/wp-json\/wp\/v2\/media?parent=3571"}],"wp:term":[{"taxonomy":"pwb-brand","embeddable":true,"href":"https:\/\/veganova.eu\/et\/wp-json\/wp\/v2\/pwb-brand?post=3571"},{"taxonomy":"product_brand","embeddable":true,"href":"https:\/\/veganova.eu\/et\/wp-json\/wp\/v2\/product_brand?post=3571"},{"taxonomy":"product_cat","embeddable":true,"href":"https:\/\/veganova.eu\/et\/wp-json\/wp\/v2\/product_cat?post=3571"},{"taxonomy":"product_tag","embeddable":true,"href":"https:\/\/veganova.eu\/et\/wp-json\/wp\/v2\/product_tag?post=3571"}],"curies":[{"name":"wp","href":"https:\/\/api.w.org\/{rel}","templated":true}]}}