{"id":3572,"date":"2023-10-01T17:06:41","date_gmt":"2023-10-01T15:06:41","guid":{"rendered":"https:\/\/veganova.eu\/?post_type=product&#038;p=3572"},"modified":"2026-04-21T07:24:15","modified_gmt":"2026-04-21T05:24:15","slug":"now-foods-magnesium-citrate-400mg-120-kaps","status":"publish","type":"product","link":"https:\/\/veganova.eu\/et\/shop\/now-foods-magnesium-citrate-400mg-120-kaps\/","title":{"rendered":"NOW Foods Magneesiumtsitraat, 400mg (120 kapslit)"},"content":{"rendered":"<h3>NOW Foods Magneesiumtsitraat, 400mg (120 kapslit)<\/h3>\n<p>Toetab energiatootmist<br \/>\nKriitiline ens\u00fc\u00fcmide toimimiseks<br \/>\nMagneesium on mineraal, mis on kriitilise t\u00e4htsusega energia tootmisel ja ainevahetuses, lihaste kokkut\u00f5mbumisel, n\u00e4rviimpulsside edastamisel ja luude mineraliseerumisel. See on vajalik kofaktor hinnanguliselt 300 ens\u00fc\u00fcmi jaoks. Nende ens\u00fc\u00fcmide poolt katal\u00fc\u00fcsitavate reaktsioonide hulka kuuluvad rasvhapete s\u00fcntees, valgus\u00fcntees ja gl\u00fckoosi ainevahetus. Magneesiumi staatus on oluline ka kaltsiumitasakaalu reguleerimisel, kuna see m\u00f5jutab k\u00f5rvalkilpn\u00e4\u00e4ret.<\/p>","protected":false},"excerpt":{"rendered":"<p>Vegan toidulisand NOW Foods Magneesiumtsitraat, 400 mg, pakend sisaldab: 120 tabletti. Gluteenivaba, GMO-vaba.<\/p>","protected":false},"featured_media":51380,"comment_status":"closed","ping_status":"closed","template":"","meta":{"advanced_seo_description":"","jetpack_seo_html_title":"","jetpack_seo_noindex":false},"pwb-brand":[173],"product_brand":[4580],"product_cat":[172,2598,152],"product_tag":[1208,1197,1079,1126],"class_list":{"0":"post-3572","1":"product","2":"type-product","3":"status-publish","4":"has-post-thumbnail","6":"pwb-brand-now-foods","7":"product_brand-now-foods","8":"product_cat-minerals","9":"product_cat-recovery","10":"product_cat-vitamins-and-minerals","11":"product_tag-muscles","12":"product_tag-regeneration","13":"product_tag-relaxation","14":"product_tag-stress","15":"brand_woo-now-foods","17":"first","18":"instock","19":"taxable","20":"shipping-taxable","21":"purchasable","22":"product-type-simple"},"jetpack_sharing_enabled":true,"brands":[{"id":173,"name":"NOW Foods","slug":"now-foods"}],"_links":{"self":[{"href":"https:\/\/veganova.eu\/et\/wp-json\/wp\/v2\/product\/3572","targetHints":{"allow":["GET"]}}],"collection":[{"href":"https:\/\/veganova.eu\/et\/wp-json\/wp\/v2\/product"}],"about":[{"href":"https:\/\/veganova.eu\/et\/wp-json\/wp\/v2\/types\/product"}],"replies":[{"embeddable":true,"href":"https:\/\/veganova.eu\/et\/wp-json\/wp\/v2\/comments?post=3572"}],"version-history":[{"count":1,"href":"https:\/\/veganova.eu\/et\/wp-json\/wp\/v2\/product\/3572\/revisions"}],"predecessor-version":[{"id":57987,"href":"https:\/\/veganova.eu\/et\/wp-json\/wp\/v2\/product\/3572\/revisions\/57987"}],"wp:featuredmedia":[{"embeddable":true,"href":"https:\/\/veganova.eu\/et\/wp-json\/wp\/v2\/media\/51380"}],"wp:attachment":[{"href":"https:\/\/veganova.eu\/et\/wp-json\/wp\/v2\/media?parent=3572"}],"wp:term":[{"taxonomy":"pwb-brand","embeddable":true,"href":"https:\/\/veganova.eu\/et\/wp-json\/wp\/v2\/pwb-brand?post=3572"},{"taxonomy":"product_brand","embeddable":true,"href":"https:\/\/veganova.eu\/et\/wp-json\/wp\/v2\/product_brand?post=3572"},{"taxonomy":"product_cat","embeddable":true,"href":"https:\/\/veganova.eu\/et\/wp-json\/wp\/v2\/product_cat?post=3572"},{"taxonomy":"product_tag","embeddable":true,"href":"https:\/\/veganova.eu\/et\/wp-json\/wp\/v2\/product_tag?post=3572"}],"curies":[{"name":"wp","href":"https:\/\/api.w.org\/{rel}","templated":true}]}}