{"id":3586,"date":"2023-10-01T17:06:45","date_gmt":"2023-10-01T15:06:45","guid":{"rendered":"https:\/\/veganova.eu\/?post_type=product&#038;p=3586"},"modified":"2026-04-21T07:24:15","modified_gmt":"2026-04-21T05:24:15","slug":"now-foods-melatonin-1mg-100-tab","status":"publish","type":"product","link":"https:\/\/veganova.eu\/et\/shop\/now-foods-melatonin-1mg-100-tab\/","title":{"rendered":"NOW Foods Melatoniin, 1mg (100 tab)"},"content":{"rendered":"<h3>NOW Foods Melatoniin, 1mg (100 tab)<\/h3>\n<p>Vabade radikaalide p\u00fc\u00fcdja<br \/>\nGastrointestinaalne toetus<br \/>\nMelatoniin on tugev vabade radikaalide p\u00fc\u00fcdja, mida toodetakse looduslikult k\u00e4bin\u00e4\u00e4rmes ja mida esineb seedetraktis suurtes kogustes. See osaleb paljudes keha, aju ja n\u00e4\u00e4rmete bioloogilistes funktsioonides, sealhulgas normaalse une\/\u00e4rkveloleku ts\u00fckli reguleerimises, immuuns\u00fcsteemi reguleerimises ja seedetrakti tervisliku limaskesta s\u00e4ilitamises.<\/p>","protected":false},"excerpt":{"rendered":"<p>Vegan toidulisand NOW Foods Melatoniin, 1mg, sobib ideaalselt vabade radikaalide vastu v\u00f5itlemiseks, tervisliku seedimise ja terve uner\u00fctmi toetamiseks. Pakend sisaldab: 100 tabletti. Gluteenivaba, GMO-vaba.<\/p>","protected":false},"featured_media":53088,"comment_status":"closed","ping_status":"closed","template":"","meta":{"advanced_seo_description":"","jetpack_seo_html_title":"","jetpack_seo_noindex":false},"pwb-brand":[173],"product_brand":[4580],"product_cat":[148,143,284,152],"product_tag":[1067,1235,1364],"class_list":{"0":"post-3586","1":"product","2":"type-product","3":"status-publish","4":"has-post-thumbnail","6":"pwb-brand-now-foods","7":"product_brand-now-foods","8":"product_cat-for-sleep","9":"product_cat-health-issues","10":"product_cat-trace-elements","11":"product_cat-vitamins-and-minerals","12":"product_tag-digestion","13":"product_tag-free-radical-scavenger","14":"product_tag-sleep-health","15":"brand_woo-now-foods","17":"first","18":"instock","19":"taxable","20":"shipping-taxable","21":"purchasable","22":"product-type-simple"},"jetpack_sharing_enabled":true,"brands":[{"id":173,"name":"NOW Foods","slug":"now-foods"}],"_links":{"self":[{"href":"https:\/\/veganova.eu\/et\/wp-json\/wp\/v2\/product\/3586","targetHints":{"allow":["GET"]}}],"collection":[{"href":"https:\/\/veganova.eu\/et\/wp-json\/wp\/v2\/product"}],"about":[{"href":"https:\/\/veganova.eu\/et\/wp-json\/wp\/v2\/types\/product"}],"replies":[{"embeddable":true,"href":"https:\/\/veganova.eu\/et\/wp-json\/wp\/v2\/comments?post=3586"}],"version-history":[{"count":1,"href":"https:\/\/veganova.eu\/et\/wp-json\/wp\/v2\/product\/3586\/revisions"}],"predecessor-version":[{"id":57995,"href":"https:\/\/veganova.eu\/et\/wp-json\/wp\/v2\/product\/3586\/revisions\/57995"}],"wp:featuredmedia":[{"embeddable":true,"href":"https:\/\/veganova.eu\/et\/wp-json\/wp\/v2\/media\/53088"}],"wp:attachment":[{"href":"https:\/\/veganova.eu\/et\/wp-json\/wp\/v2\/media?parent=3586"}],"wp:term":[{"taxonomy":"pwb-brand","embeddable":true,"href":"https:\/\/veganova.eu\/et\/wp-json\/wp\/v2\/pwb-brand?post=3586"},{"taxonomy":"product_brand","embeddable":true,"href":"https:\/\/veganova.eu\/et\/wp-json\/wp\/v2\/product_brand?post=3586"},{"taxonomy":"product_cat","embeddable":true,"href":"https:\/\/veganova.eu\/et\/wp-json\/wp\/v2\/product_cat?post=3586"},{"taxonomy":"product_tag","embeddable":true,"href":"https:\/\/veganova.eu\/et\/wp-json\/wp\/v2\/product_tag?post=3586"}],"curies":[{"name":"wp","href":"https:\/\/api.w.org\/{rel}","templated":true}]}}