{"id":3644,"date":"2023-10-01T17:07:07","date_gmt":"2023-10-01T15:07:07","guid":{"rendered":"https:\/\/veganova.eu\/?post_type=product&#038;p=3644"},"modified":"2026-04-21T07:24:19","modified_gmt":"2026-04-21T05:24:19","slug":"now-foods-policosanol-20mg-90-kaps","status":"publish","type":"product","link":"https:\/\/veganova.eu\/et\/shop\/now-foods-policosanol-20mg-90-kaps\/","title":{"rendered":"NOW Foods Policosanol, 20mg (90 kapslit)"},"content":{"rendered":"<h3>NOW Foods Policosanol, 20mg (90 kapslit)<\/h3>\n<p>Toetab tervislikku kolesteroolitaset, mis on juba normaalses vahemikus*.<br \/>\nPluss m\u00e4nni taimede steroidid ja Hawthorn<\/p>\n<p>Polikosanool on suhkruroost saadud pika ahelaga rasvaalkoholide segu. LCFA-d on looduslikult esinevad taimevahad. Uuringud n\u00e4itavad, et need taimevahad v\u00f5ivad aidata toetada kolesteroolitaset, mis on juba normaalses vahemikus.* See valem sisaldab ka taimseid steroide (m\u00e4nnist) ja pihlakamarja, mis pakuvad t\u00e4iendavat tuge.<\/p>\n<p>Selles ekstra tugevusega tootes on neli korda rohkem pol\u00fckosanooli (40 mg kapsli kohta) kui meie tavalise tugevusega tootes (10 mg kapsli kohta).<\/p>","protected":false},"excerpt":{"rendered":"<p>Vegan nutritional supplement NOW Foods Policosanol, 20mg, is suitable for balancing healthy cholesterol levels. The package contains: 90 capsules. Gluten-free, GMO-free.<\/p>","protected":false},"featured_media":51427,"comment_status":"closed","ping_status":"closed","template":"","meta":{"advanced_seo_description":"","jetpack_seo_html_title":"","jetpack_seo_noindex":false},"pwb-brand":[173],"product_brand":[4580],"product_cat":[289,152,177],"product_tag":[1040,1158,1153],"class_list":{"0":"post-3644","1":"product","2":"type-product","3":"status-publish","4":"has-post-thumbnail","6":"pwb-brand-now-foods","7":"product_brand-now-foods","8":"product_cat-heart-and-blood-vessels","9":"product_cat-vitamins-and-minerals","10":"product_cat-weight-loss","11":"product_tag-cholesterol","12":"product_tag-heart","13":"product_tag-vessels","14":"brand_woo-now-foods","16":"first","17":"instock","18":"taxable","19":"shipping-taxable","20":"purchasable","21":"product-type-simple"},"jetpack_sharing_enabled":true,"brands":[{"id":173,"name":"NOW Foods","slug":"now-foods"}],"_links":{"self":[{"href":"https:\/\/veganova.eu\/et\/wp-json\/wp\/v2\/product\/3644","targetHints":{"allow":["GET"]}}],"collection":[{"href":"https:\/\/veganova.eu\/et\/wp-json\/wp\/v2\/product"}],"about":[{"href":"https:\/\/veganova.eu\/et\/wp-json\/wp\/v2\/types\/product"}],"replies":[{"embeddable":true,"href":"https:\/\/veganova.eu\/et\/wp-json\/wp\/v2\/comments?post=3644"}],"version-history":[{"count":1,"href":"https:\/\/veganova.eu\/et\/wp-json\/wp\/v2\/product\/3644\/revisions"}],"predecessor-version":[{"id":58042,"href":"https:\/\/veganova.eu\/et\/wp-json\/wp\/v2\/product\/3644\/revisions\/58042"}],"wp:featuredmedia":[{"embeddable":true,"href":"https:\/\/veganova.eu\/et\/wp-json\/wp\/v2\/media\/51427"}],"wp:attachment":[{"href":"https:\/\/veganova.eu\/et\/wp-json\/wp\/v2\/media?parent=3644"}],"wp:term":[{"taxonomy":"pwb-brand","embeddable":true,"href":"https:\/\/veganova.eu\/et\/wp-json\/wp\/v2\/pwb-brand?post=3644"},{"taxonomy":"product_brand","embeddable":true,"href":"https:\/\/veganova.eu\/et\/wp-json\/wp\/v2\/product_brand?post=3644"},{"taxonomy":"product_cat","embeddable":true,"href":"https:\/\/veganova.eu\/et\/wp-json\/wp\/v2\/product_cat?post=3644"},{"taxonomy":"product_tag","embeddable":true,"href":"https:\/\/veganova.eu\/et\/wp-json\/wp\/v2\/product_tag?post=3644"}],"curies":[{"name":"wp","href":"https:\/\/api.w.org\/{rel}","templated":true}]}}