{"id":48121,"date":"2024-09-15T12:35:04","date_gmt":"2024-09-15T10:35:04","guid":{"rendered":"https:\/\/veganova.eu\/?post_type=product&#038;p=48121"},"modified":"2026-04-21T07:26:08","modified_gmt":"2026-04-21T05:26:08","slug":"jarrow-formulas-same-200-20-tabs","status":"publish","type":"product","link":"https:\/\/veganova.eu\/et\/shop\/jarrow-formulas-same-200-20-tabs\/","title":{"rendered":"Jarrow Formulas SAMe 200 - 20 tabletti"},"content":{"rendered":"<h3>Jarrow Formulas SAMe 200 - 20 tabletti<\/h3>\n<p>Jarrow Formulas SAMe 200 annab 400 mg SAMe-tos\u00fclaatdisulfaadist t\u00e4is 200 mg SAMe (netotoodang). SAMe 200 toodetakse madalal temperatuuril ja madala niiskuse juures ning see on kaetud enterokattega, et tagada bioloogiliselt aktiivne toode.<\/p>\n<p>Bioloogiliselt aktiivse S,S- kui R,S-vormi sisaldusega.<br \/>\nSAMe, mida leidub k\u00f5igis elusrakkudes, on metioniini (oluline aminohape) metaboliit. SAMe on kiraalne molekul, mis koosneb kahest vormist: (S,S) SAMe ja (R,S) SAMe. Bioloogiliselt aktiivne vorm on (S,S)-struktuur, samas kui (R,S)-struktuur on bioloogiliselt mitteaktiivne. Jarrow Formulas SAMe valmistatakse mikrobioloogilise k\u00e4\u00e4ritamise teel ja seej\u00e4rel t\u00f6\u00f6deldakse ilma keemiliste lahustiteta, et s\u00e4ilitada 68-80% (S,S) SAMe.<\/p>\n<p>SAMe toetab:<\/p>\n<p>Aju ainevahetus ja meeleolu*<br \/>\nSAMe met\u00fc\u00fclimisreaktsioonid on seotud fosfatid\u00fc\u00fclkoliini s\u00fcnteesiga, mis on aju ja rakumembraanide oluline koostisosa.* Samuti on tehtud ettepanek, et see on seotud<br \/>\nneurotransmitterite moodustamisel v\u00f5i ainevahetuses, mis aitab kaasa<br \/>\ntoetada tasakaalustatud meeleolu.*<\/p>\n<p>Liigese tervis*<br \/>\nSAMe toetab terve sidekoe tootmist transsulfureerimise kaudu.* Selles transsulfureerimisprotsessis sulfateerivad SAMe metaboliidid sidekoe kriitilisi komponente, mida nimetatakse gl\u00fckosaminogl\u00fckaanideks (GAG), sealhulgas gl\u00fckosamiini ja kondroitiini, et saada sulfaatunud GAG-e, nagu gl\u00fckosamiinsulfaat ja kondroitiinsulfaat, mis on k\u00f5hre ehitusplokid.*<\/p>\n<p>Maksafunktsioon*<br \/>\nSAMe toetab glutatiooni (GSH) s\u00fcnteesi, mis on oluline antioks\u00fcdantide kaitseks ja maksa funktsioonide, sealhulgas II faasi detoksikatsiooni jaoks.*<\/p>\n<p>Jarrow Formulas SAMe 200 on stabiilsuse maksimeerimiseks fooliumisse blisterpakendis ja sisaldab 200 mg S-Adenos\u00fc\u00fclmetioniini, mis on saadud 400 mg SAMe Tos\u00fclaat Disulfaadist.<\/p>","protected":false},"excerpt":{"rendered":"<p>Jarrow Formulas SAMe 200 toetab tervet maksa, liigeseid ja on meeleolu parandav.  20 tabletti. Sertifitseerimine: gluteenivaba, vegan.<\/p>","protected":false},"featured_media":51903,"comment_status":"closed","ping_status":"closed","template":"","meta":{"advanced_seo_description":"","jetpack_seo_html_title":"","jetpack_seo_noindex":false},"pwb-brand":[165],"product_brand":[4572],"product_cat":[2593,286,143,2591,152],"product_tag":[],"class_list":{"0":"post-48121","1":"product","2":"type-product","3":"status-publish","4":"has-post-thumbnail","6":"pwb-brand-jarrow-formulas","7":"product_brand-jarrow-formulas","8":"product_cat-antioxidants","9":"product_cat-for-a-better-mood","10":"product_cat-health-issues","11":"product_cat-liver","12":"product_cat-vitamins-and-minerals","13":"brand_woo-jarrow-formulas","15":"first","16":"outofstock","17":"taxable","18":"shipping-taxable","19":"purchasable","20":"product-type-simple"},"jetpack_sharing_enabled":true,"brands":[{"id":165,"name":"Jarrow Formulad","slug":"jarrow-formulas"}],"_links":{"self":[{"href":"https:\/\/veganova.eu\/et\/wp-json\/wp\/v2\/product\/48121","targetHints":{"allow":["GET"]}}],"collection":[{"href":"https:\/\/veganova.eu\/et\/wp-json\/wp\/v2\/product"}],"about":[{"href":"https:\/\/veganova.eu\/et\/wp-json\/wp\/v2\/types\/product"}],"replies":[{"embeddable":true,"href":"https:\/\/veganova.eu\/et\/wp-json\/wp\/v2\/comments?post=48121"}],"version-history":[{"count":1,"href":"https:\/\/veganova.eu\/et\/wp-json\/wp\/v2\/product\/48121\/revisions"}],"predecessor-version":[{"id":59357,"href":"https:\/\/veganova.eu\/et\/wp-json\/wp\/v2\/product\/48121\/revisions\/59357"}],"wp:featuredmedia":[{"embeddable":true,"href":"https:\/\/veganova.eu\/et\/wp-json\/wp\/v2\/media\/51903"}],"wp:attachment":[{"href":"https:\/\/veganova.eu\/et\/wp-json\/wp\/v2\/media?parent=48121"}],"wp:term":[{"taxonomy":"pwb-brand","embeddable":true,"href":"https:\/\/veganova.eu\/et\/wp-json\/wp\/v2\/pwb-brand?post=48121"},{"taxonomy":"product_brand","embeddable":true,"href":"https:\/\/veganova.eu\/et\/wp-json\/wp\/v2\/product_brand?post=48121"},{"taxonomy":"product_cat","embeddable":true,"href":"https:\/\/veganova.eu\/et\/wp-json\/wp\/v2\/product_cat?post=48121"},{"taxonomy":"product_tag","embeddable":true,"href":"https:\/\/veganova.eu\/et\/wp-json\/wp\/v2\/product_tag?post=48121"}],"curies":[{"name":"wp","href":"https:\/\/api.w.org\/{rel}","templated":true}]}}