{"id":48219,"date":"2024-09-15T12:36:51","date_gmt":"2024-09-15T10:36:51","guid":{"rendered":"https:\/\/veganova.eu\/?post_type=product&#038;p=48219"},"modified":"2026-04-21T07:26:12","modified_gmt":"2026-04-21T05:26:12","slug":"kiki-health-vitamin-b-complex-30-vcaps","status":"publish","type":"product","link":"https:\/\/veganova.eu\/et\/shop\/kiki-health-vitamin-b-complex-30-vcaps\/","title":{"rendered":"KIKI Health B-vitamiini kompleks - 30 kapslit"},"content":{"rendered":"<h3>KIKI Health B-vitamiini kompleks - 30 kapslit<\/h3>\n<ul>\n<li>K\u00f5rge k\u00f5igi 8 B-vitamiini sisaldus<\/li>\n<li>Saadud 11 erinevast taimeekstraktist<\/li>\n<li>Vesi, mis on ekstraheeritud puhta, puhta veega<\/li>\n<li>Ei sisalda kandjaid, lisaaineid, s\u00e4ilitusaineid ega t\u00e4iteaineid.<\/li>\n<\/ul>\n<p>T\u00e4ielik B-vitamiini kompleks, mis on valmistatud loodusest. Organism tunneb seda h\u00f5lpsasti \u00e4ra ja see on h\u00e4sti imenduv.<\/p>\n<p>See kvaliteetne taimne B-vitamiinikompleks sisaldab 11 erinevat taimeekstrakti, sealhulgas B1, B2, B3, B5, B6, B7, B9 ja B12.<\/p>\n<p>Ainulaadne koostis on loodud \u00f5rna vee ekstraheerimisprotsessi abil, milles ei kasutata kemikaale, lisaaineid ega kandjaid.<\/p>\n<p>L\u00f5pptulemus on puhas, puhas ja kergesti \u00e4ratuntav segu k\u00f5igist kaheksast B-vitamiinist.<\/p>","protected":false},"excerpt":{"rendered":"<p>KIKI Health Vitamin B Complex on kvaliteetne, taimne B-vitamiini kompleks, mis sisaldab 11 erinevat taimeekstrakti, sealhulgas B1, B2, B3, B5, B6, B7, B9 ja B12. Sisu: KIKI KIKI sisaldab: 1: 30 taimetoidulist kapslit.<\/p>","protected":false},"featured_media":52016,"comment_status":"closed","ping_status":"closed","template":"","meta":{"advanced_seo_description":"","jetpack_seo_html_title":"","jetpack_seo_noindex":false},"pwb-brand":[166],"product_brand":[4573],"product_cat":[153,152],"product_tag":[],"class_list":{"0":"post-48219","1":"product","2":"type-product","3":"status-publish","4":"has-post-thumbnail","6":"pwb-brand-kiki-health","7":"product_brand-kiki-health","8":"product_cat-vitamins","9":"product_cat-vitamins-and-minerals","10":"brand_woo-kiki-health","12":"first","13":"instock","14":"taxable","15":"shipping-taxable","16":"purchasable","17":"product-type-simple"},"jetpack_sharing_enabled":true,"brands":[{"id":166,"name":"KIKI tervis","slug":"kiki-health"}],"_links":{"self":[{"href":"https:\/\/veganova.eu\/et\/wp-json\/wp\/v2\/product\/48219","targetHints":{"allow":["GET"]}}],"collection":[{"href":"https:\/\/veganova.eu\/et\/wp-json\/wp\/v2\/product"}],"about":[{"href":"https:\/\/veganova.eu\/et\/wp-json\/wp\/v2\/types\/product"}],"replies":[{"embeddable":true,"href":"https:\/\/veganova.eu\/et\/wp-json\/wp\/v2\/comments?post=48219"}],"version-history":[{"count":1,"href":"https:\/\/veganova.eu\/et\/wp-json\/wp\/v2\/product\/48219\/revisions"}],"predecessor-version":[{"id":59399,"href":"https:\/\/veganova.eu\/et\/wp-json\/wp\/v2\/product\/48219\/revisions\/59399"}],"wp:featuredmedia":[{"embeddable":true,"href":"https:\/\/veganova.eu\/et\/wp-json\/wp\/v2\/media\/52016"}],"wp:attachment":[{"href":"https:\/\/veganova.eu\/et\/wp-json\/wp\/v2\/media?parent=48219"}],"wp:term":[{"taxonomy":"pwb-brand","embeddable":true,"href":"https:\/\/veganova.eu\/et\/wp-json\/wp\/v2\/pwb-brand?post=48219"},{"taxonomy":"product_brand","embeddable":true,"href":"https:\/\/veganova.eu\/et\/wp-json\/wp\/v2\/product_brand?post=48219"},{"taxonomy":"product_cat","embeddable":true,"href":"https:\/\/veganova.eu\/et\/wp-json\/wp\/v2\/product_cat?post=48219"},{"taxonomy":"product_tag","embeddable":true,"href":"https:\/\/veganova.eu\/et\/wp-json\/wp\/v2\/product_tag?post=48219"}],"curies":[{"name":"wp","href":"https:\/\/api.w.org\/{rel}","templated":true}]}}