{"id":5105,"date":"2023-10-01T17:08:40","date_gmt":"2023-10-01T15:08:40","guid":{"rendered":"https:\/\/veganova.eu\/?post_type=product&#038;p=5105"},"modified":"2026-04-21T07:24:32","modified_gmt":"2026-04-21T05:24:32","slug":"doctors-best-high-absorption-coq10-with-bioperine-100mg-120-kaps","status":"publish","type":"product","link":"https:\/\/veganova.eu\/et\/shop\/doctors-best-high-absorption-coq10-with-bioperine-100mg-120-kaps\/","title":{"rendered":"Doctor's Best k\u00f5rge imendumisv\u00f5imega CoQ10 koos BioPerine'iga, 100mg (120 kapslit)"},"content":{"rendered":"<h3>Doctor's Best k\u00f5rge imendumisv\u00f5imega CoQ10 koos BioPerine'iga, 100mg (120 kapslit)<\/h3>\n<p>Doctor's Best High Absorption CoQ10 sisaldab puhast koens\u00fc\u00fcmi Q10 (ubikinooni) ja BioPerine'i. CoQ10 aitab toetada s\u00fcdametegevust ja on oluline ATP (adenosiintrifosfaadi) tootmiseks, eriti s\u00fcdames. Stress, vabad radikaalid, statiinravimid ja vananemine v\u00f5ivad m\u00f5jutada CoQ10 taset. CoQ10 on v\u00e4ga oluline energia loomiseks, lihaste kokkut\u00f5mbumiseks ja valkude s\u00fcnteesiks. Uuringud on n\u00e4idanud, et BioPerine suurendab CoQ10 imendumist.<\/p>\n<p>Aitab toetada s\u00fcdame tervist ja rakuenergiat.<br \/>\nAitab taastada CoQ10, mis v\u00f5ib vananemise ja statiinravimite t\u00f5ttu ammenduda.<br \/>\nKoostatud BioPerine musta pipra ekstraktiga, et suurendada imendumist ja biosaadavust.<\/p>","protected":false},"excerpt":{"rendered":"<p>Vegetarian nutrition supplement Doctor&#8217;s Best High Absorption CoQ10 with BioPerine, 100mg is suitable for strengthening the heart and blood vessels. The package contains: 120 capsules. Gluten-free.<\/p>","protected":false},"featured_media":53011,"comment_status":"closed","ping_status":"closed","template":"","meta":{"advanced_seo_description":"","jetpack_seo_html_title":"","jetpack_seo_noindex":false},"pwb-brand":[147],"product_brand":[4565],"product_cat":[688,289,2591,284,152],"product_tag":[1159,1167,1158,1052,1133],"class_list":{"0":"post-5105","1":"product","2":"type-product","3":"status-publish","4":"has-post-thumbnail","6":"pwb-brand-doctors-best","7":"product_brand-doctors-best","8":"product_cat-beauty-supplements","9":"product_cat-heart-and-blood-vessels","10":"product_cat-liver","11":"product_cat-trace-elements","12":"product_cat-vitamins-and-minerals","13":"product_tag-aging","14":"product_tag-blood-vessels","15":"product_tag-heart","16":"product_tag-pigment-spots","17":"product_tag-wrinkles","18":"brand_woo-doctors-best","20":"first","21":"instock","22":"taxable","23":"shipping-taxable","24":"purchasable","25":"product-type-simple"},"jetpack_sharing_enabled":true,"brands":[{"id":147,"name":"Doctor's Best","slug":"doctors-best"}],"_links":{"self":[{"href":"https:\/\/veganova.eu\/et\/wp-json\/wp\/v2\/product\/5105","targetHints":{"allow":["GET"]}}],"collection":[{"href":"https:\/\/veganova.eu\/et\/wp-json\/wp\/v2\/product"}],"about":[{"href":"https:\/\/veganova.eu\/et\/wp-json\/wp\/v2\/types\/product"}],"replies":[{"embeddable":true,"href":"https:\/\/veganova.eu\/et\/wp-json\/wp\/v2\/comments?post=5105"}],"version-history":[{"count":1,"href":"https:\/\/veganova.eu\/et\/wp-json\/wp\/v2\/product\/5105\/revisions"}],"predecessor-version":[{"id":58218,"href":"https:\/\/veganova.eu\/et\/wp-json\/wp\/v2\/product\/5105\/revisions\/58218"}],"wp:featuredmedia":[{"embeddable":true,"href":"https:\/\/veganova.eu\/et\/wp-json\/wp\/v2\/media\/53011"}],"wp:attachment":[{"href":"https:\/\/veganova.eu\/et\/wp-json\/wp\/v2\/media?parent=5105"}],"wp:term":[{"taxonomy":"pwb-brand","embeddable":true,"href":"https:\/\/veganova.eu\/et\/wp-json\/wp\/v2\/pwb-brand?post=5105"},{"taxonomy":"product_brand","embeddable":true,"href":"https:\/\/veganova.eu\/et\/wp-json\/wp\/v2\/product_brand?post=5105"},{"taxonomy":"product_cat","embeddable":true,"href":"https:\/\/veganova.eu\/et\/wp-json\/wp\/v2\/product_cat?post=5105"},{"taxonomy":"product_tag","embeddable":true,"href":"https:\/\/veganova.eu\/et\/wp-json\/wp\/v2\/product_tag?post=5105"}],"curies":[{"name":"wp","href":"https:\/\/api.w.org\/{rel}","templated":true}]}}