{"id":5117,"date":"2023-10-01T17:08:46","date_gmt":"2023-10-01T15:08:46","guid":{"rendered":"https:\/\/veganova.eu\/?post_type=product&#038;p=5117"},"modified":"2026-04-21T07:24:34","modified_gmt":"2026-04-21T05:24:34","slug":"doctors-best-l-theanine-with-suntheanine-150mg-90-kaps","status":"publish","type":"product","link":"https:\/\/veganova.eu\/et\/shop\/doctors-best-l-theanine-with-suntheanine-150mg-90-kaps\/","title":{"rendered":"Doctor's Best L-Theanine koos Suntheanine'iga, 150mg (90 kapslit)"},"content":{"rendered":"<h3>Doctor's Best L-Theanine koos Suntheanine'iga<\/h3>\n<ul>\n<li>Doctor's Best L-Theanine with Suntheanine on L-teaniini patenteeritud aminohappe vorm.<\/li>\n<li>L-teaniin on rohelises tees leiduv aminohape, mis vastutab tee tarbimise l\u00f5\u00f5gastava m\u00f5ju eest.<\/li>\n<li>L-teaniin koos suntheaniiniga on n\u00e4idanud, et see soodustab \u00e4rkvelolekut ja l\u00f5\u00f5gastust.<\/li>\n<li>Seda iseloomustab alfa-aju lainete suurenemine (mis t\u00e4hendab l\u00f5dvestunud, \u00e4rkvelolevat seisundit) ja beeta-aju lainete v\u00e4henemine (mis n\u00e4itab valvsat, erutatud meeleseisundit).<\/li>\n<li>L-teaniin koos suntaaniiniga v\u00f5ib parandada une kvaliteeti, suurendada vaimset teravust ning rahustada pingeid ja n\u00e4rvilisust.<\/li>\n<li>Doctor's Best L-Theanine with Suntheanine sisaldab 100% suntheaniini ja on tuntud oma unikaalse v\u00f5ime poolest edendada l\u00f5\u00f5gastust ilma unisust tekitamata.<\/li>\n<li>L-teaniin on \u00fcks rohelise tee looduslikest tervist edendavatest \u00fchenditest.<\/li>\n<li>Uuringud n\u00e4itavad, et t\u00e4iendav L-teaniin l\u00e4bib vere-aju barj\u00e4\u00e4ri 30 minuti jooksul p\u00e4rast tarbimist ja on seega v\u00f5imeline avaldama oma m\u00f5ju otse ajule.<\/li>\n<\/ul>","protected":false},"excerpt":{"rendered":"<p>Vegan toidulisand Doctor's Best L-Theanine with Suntheanine, 150mg on aminohape, mis soodustab l\u00f5\u00f5gastumist ja rahulikkust. Pakend sisaldab: 90 kapslit. Gluteenivaba, GMO-vaba.<\/p>","protected":false},"featured_media":53379,"comment_status":"closed","ping_status":"closed","template":"","meta":{"advanced_seo_description":"","jetpack_seo_html_title":"","jetpack_seo_noindex":false},"pwb-brand":[147],"product_brand":[4565],"product_cat":[174,132],"product_tag":[1262,1240,1420,1126],"class_list":{"0":"post-5117","1":"product","2":"type-product","3":"status-publish","4":"has-post-thumbnail","6":"pwb-brand-doctors-best","7":"product_brand-doctors-best","8":"product_cat-amino-acids","9":"product_cat-sports-nutrition","10":"product_tag-calming","11":"product_tag-healthy-sleep","12":"product_tag-relax","13":"product_tag-stress","14":"brand_woo-doctors-best","16":"first","17":"instock","18":"taxable","19":"shipping-taxable","20":"purchasable","21":"product-type-simple"},"jetpack_sharing_enabled":true,"brands":[{"id":147,"name":"Doctor's Best","slug":"doctors-best"}],"_links":{"self":[{"href":"https:\/\/veganova.eu\/et\/wp-json\/wp\/v2\/product\/5117","targetHints":{"allow":["GET"]}}],"collection":[{"href":"https:\/\/veganova.eu\/et\/wp-json\/wp\/v2\/product"}],"about":[{"href":"https:\/\/veganova.eu\/et\/wp-json\/wp\/v2\/types\/product"}],"replies":[{"embeddable":true,"href":"https:\/\/veganova.eu\/et\/wp-json\/wp\/v2\/comments?post=5117"}],"version-history":[{"count":1,"href":"https:\/\/veganova.eu\/et\/wp-json\/wp\/v2\/product\/5117\/revisions"}],"predecessor-version":[{"id":58230,"href":"https:\/\/veganova.eu\/et\/wp-json\/wp\/v2\/product\/5117\/revisions\/58230"}],"wp:featuredmedia":[{"embeddable":true,"href":"https:\/\/veganova.eu\/et\/wp-json\/wp\/v2\/media\/53379"}],"wp:attachment":[{"href":"https:\/\/veganova.eu\/et\/wp-json\/wp\/v2\/media?parent=5117"}],"wp:term":[{"taxonomy":"pwb-brand","embeddable":true,"href":"https:\/\/veganova.eu\/et\/wp-json\/wp\/v2\/pwb-brand?post=5117"},{"taxonomy":"product_brand","embeddable":true,"href":"https:\/\/veganova.eu\/et\/wp-json\/wp\/v2\/product_brand?post=5117"},{"taxonomy":"product_cat","embeddable":true,"href":"https:\/\/veganova.eu\/et\/wp-json\/wp\/v2\/product_cat?post=5117"},{"taxonomy":"product_tag","embeddable":true,"href":"https:\/\/veganova.eu\/et\/wp-json\/wp\/v2\/product_tag?post=5117"}],"curies":[{"name":"wp","href":"https:\/\/api.w.org\/{rel}","templated":true}]}}