{"id":5131,"date":"2023-10-01T17:08:52","date_gmt":"2023-10-01T15:08:52","guid":{"rendered":"https:\/\/veganova.eu\/?post_type=product&#038;p=5131"},"modified":"2026-04-21T07:24:34","modified_gmt":"2026-04-21T05:24:34","slug":"doctors-best-pure-vitamin-c-powder-with-quali-c-250g","status":"publish","type":"product","link":"https:\/\/veganova.eu\/et\/shop\/doctors-best-pure-vitamin-c-powder-with-quali-c-250g\/","title":{"rendered":"Doctor's Best Puhas C-vitamiini pulber Quali-C-ga (250g)"},"content":{"rendered":"<h3>Doctor's Best Puhas C-vitamiini pulber koos Quali-C-ga<\/h3>\n<ul>\n<li>Doctor's Best C-vitamiin koos Quali-C-ga toetab immuunsust, s\u00fcdame-veresoonkonna s\u00fcsteemi ning on oluline liigeste ja muude sidekudede jaoks.<\/li>\n<li>Doctor's Best kasutab Quali-C, \u0160otimaal toodetud askorbiinhappe kaubam\u00e4rki, mida hinnatakse selle kvaliteedi ja usaldusv\u00e4\u00e4rsuse poolest.<\/li>\n<li>Askorbiinhape on organismi jaoks hindamatu v\u00e4\u00e4rtusega, sest see on elektronidoonor, mis toetab mitmeid ainevahetuse ens\u00fc\u00fcme ja suurendab lisaks sellele organismi \u00fcldist antioks\u00fcdantset potentsiaali.<\/li>\n<li>See on oluline kollageeni, karnitiini ja teatavate aju keemiliste transmitterite s\u00fcnteesi jaoks.<\/li>\n<li>Kliinilised uuringud kinnitavad, et C-vitamiin toetab oluliselt aju, silmi, s\u00fcdant ja vereringet, immuuns\u00fcsteemi ja k\u00f5iki teisi organeid.<\/li>\n<\/ul>","protected":false},"excerpt":{"rendered":"<p>Vegan toidulisand Doctor's Best Pure Vitamin C Powder with Quali-C annab teile kvaliteetse annuse puhast C-vitamiini, et toetada immuunsust ja v\u00e4hendada p\u00f5letikku. Pakend sisaldab: 250g (pulber). Gluteenivaba, GMO-vaba.<\/p>","protected":false},"featured_media":53367,"comment_status":"closed","ping_status":"closed","template":"","meta":{"advanced_seo_description":"","jetpack_seo_html_title":"","jetpack_seo_noindex":false},"pwb-brand":[147],"product_brand":[4565],"product_cat":[597,2600,153,152],"product_tag":[1167,854,860,1117,1155],"class_list":{"0":"post-5131","1":"product","2":"type-product","3":"status-publish","4":"has-post-thumbnail","6":"pwb-brand-doctors-best","7":"product_brand-doctors-best","8":"product_cat-body-immunity","9":"product_cat-inflammation","10":"product_cat-vitamins","11":"product_cat-vitamins-and-minerals","12":"product_tag-blood-vessels","13":"product_tag-collagen-booster","14":"product_tag-energy","15":"product_tag-immunity","16":"product_tag-inflammation","17":"brand_woo-doctors-best","19":"first","20":"instock","21":"taxable","22":"shipping-taxable","23":"purchasable","24":"product-type-simple"},"jetpack_sharing_enabled":true,"brands":[{"id":147,"name":"Doctor's Best","slug":"doctors-best"}],"_links":{"self":[{"href":"https:\/\/veganova.eu\/et\/wp-json\/wp\/v2\/product\/5131","targetHints":{"allow":["GET"]}}],"collection":[{"href":"https:\/\/veganova.eu\/et\/wp-json\/wp\/v2\/product"}],"about":[{"href":"https:\/\/veganova.eu\/et\/wp-json\/wp\/v2\/types\/product"}],"replies":[{"embeddable":true,"href":"https:\/\/veganova.eu\/et\/wp-json\/wp\/v2\/comments?post=5131"}],"version-history":[{"count":1,"href":"https:\/\/veganova.eu\/et\/wp-json\/wp\/v2\/product\/5131\/revisions"}],"predecessor-version":[{"id":58244,"href":"https:\/\/veganova.eu\/et\/wp-json\/wp\/v2\/product\/5131\/revisions\/58244"}],"wp:featuredmedia":[{"embeddable":true,"href":"https:\/\/veganova.eu\/et\/wp-json\/wp\/v2\/media\/53367"}],"wp:attachment":[{"href":"https:\/\/veganova.eu\/et\/wp-json\/wp\/v2\/media?parent=5131"}],"wp:term":[{"taxonomy":"pwb-brand","embeddable":true,"href":"https:\/\/veganova.eu\/et\/wp-json\/wp\/v2\/pwb-brand?post=5131"},{"taxonomy":"product_brand","embeddable":true,"href":"https:\/\/veganova.eu\/et\/wp-json\/wp\/v2\/product_brand?post=5131"},{"taxonomy":"product_cat","embeddable":true,"href":"https:\/\/veganova.eu\/et\/wp-json\/wp\/v2\/product_cat?post=5131"},{"taxonomy":"product_tag","embeddable":true,"href":"https:\/\/veganova.eu\/et\/wp-json\/wp\/v2\/product_tag?post=5131"}],"curies":[{"name":"wp","href":"https:\/\/api.w.org\/{rel}","templated":true}]}}