{"id":5162,"date":"2023-10-01T17:09:05","date_gmt":"2023-10-01T15:09:05","guid":{"rendered":"https:\/\/veganova.eu\/?post_type=product&#038;p=5162"},"modified":"2026-04-21T07:24:37","modified_gmt":"2026-04-21T05:24:37","slug":"kiki-health-zeolite-with-activated-charcoal-powder-60g","status":"publish","type":"product","link":"https:\/\/veganova.eu\/et\/shop\/kiki-health-zeolite-with-activated-charcoal-powder-60g\/","title":{"rendered":"KIKI Health Zeoliit aktiivs\u00f6epulbriga (60g)"},"content":{"rendered":"<h3>KIKI Health Zeoliit aktiivs\u00f6epulbriga (60g)<\/h3>\n<p>Zeoliit Kliinoptiloliit on looduslikult esinev vulkaanilise p\u00e4ritoluga mineraal, mis on p\u00e4rit T\u00fcrgi L\u00f5una-Egeuse vulkaanilise kaare piirkonnast. See on moodustatud miljoneid aastaid tagasi ja seda on kasutatud juba iidsetest aegadest alates nii sisemiseks kui ka v\u00e4lispidiseks kasutamiseks.Meie aktiivs\u00fctt toodetakse kookosp\u00e4hklitest, mis on auruga tugevalt puhastatud, et eemaldada k\u00f5ik saasteained, et kasutada seda farmatseutilise toimeainena. Seej\u00e4rel segatakse need kokku, et moodustada 1\/3 aktiivs\u00f6e ja 2\/3 ts\u00f6liidi pulbrit.<\/p>","protected":false},"excerpt":{"rendered":"<p>Vegan toidulisand KIKI Health Zeolite With Activated Charcoal Powder seob toksiine seedetraktis. Sobib sooleprobleemide, liigse k\u00f5hupuhituse ja seedeprobleemide korral. Pakend sisaldab: 60g. Gluteenivaba.<\/p>","protected":false},"featured_media":52967,"comment_status":"closed","ping_status":"closed","template":"","meta":{"advanced_seo_description":"","jetpack_seo_html_title":"","jetpack_seo_noindex":false},"pwb-brand":[166],"product_brand":[4573],"product_cat":[2592,596,149],"product_tag":[1067,1278,1277,1090],"class_list":{"0":"post-5162","1":"product","2":"type-product","3":"status-publish","4":"has-post-thumbnail","6":"pwb-brand-kiki-health","7":"product_brand-kiki-health","8":"product_cat-detox","9":"product_cat-digestion","10":"product_cat-superfoods","11":"product_tag-digestion","12":"product_tag-gas","13":"product_tag-intestinal-problems","14":"product_tag-toxins","15":"brand_woo-kiki-health","17":"first","18":"instock","19":"taxable","20":"shipping-taxable","21":"purchasable","22":"product-type-simple"},"jetpack_sharing_enabled":true,"brands":[{"id":166,"name":"KIKI tervis","slug":"kiki-health"}],"_links":{"self":[{"href":"https:\/\/veganova.eu\/et\/wp-json\/wp\/v2\/product\/5162","targetHints":{"allow":["GET"]}}],"collection":[{"href":"https:\/\/veganova.eu\/et\/wp-json\/wp\/v2\/product"}],"about":[{"href":"https:\/\/veganova.eu\/et\/wp-json\/wp\/v2\/types\/product"}],"replies":[{"embeddable":true,"href":"https:\/\/veganova.eu\/et\/wp-json\/wp\/v2\/comments?post=5162"}],"version-history":[{"count":1,"href":"https:\/\/veganova.eu\/et\/wp-json\/wp\/v2\/product\/5162\/revisions"}],"predecessor-version":[{"id":58272,"href":"https:\/\/veganova.eu\/et\/wp-json\/wp\/v2\/product\/5162\/revisions\/58272"}],"wp:featuredmedia":[{"embeddable":true,"href":"https:\/\/veganova.eu\/et\/wp-json\/wp\/v2\/media\/52967"}],"wp:attachment":[{"href":"https:\/\/veganova.eu\/et\/wp-json\/wp\/v2\/media?parent=5162"}],"wp:term":[{"taxonomy":"pwb-brand","embeddable":true,"href":"https:\/\/veganova.eu\/et\/wp-json\/wp\/v2\/pwb-brand?post=5162"},{"taxonomy":"product_brand","embeddable":true,"href":"https:\/\/veganova.eu\/et\/wp-json\/wp\/v2\/product_brand?post=5162"},{"taxonomy":"product_cat","embeddable":true,"href":"https:\/\/veganova.eu\/et\/wp-json\/wp\/v2\/product_cat?post=5162"},{"taxonomy":"product_tag","embeddable":true,"href":"https:\/\/veganova.eu\/et\/wp-json\/wp\/v2\/product_tag?post=5162"}],"curies":[{"name":"wp","href":"https:\/\/api.w.org\/{rel}","templated":true}]}}