{"id":5215,"date":"2023-10-01T17:09:30","date_gmt":"2023-10-01T15:09:30","guid":{"rendered":"https:\/\/veganova.eu\/?post_type=product&#038;p=5215"},"modified":"2026-04-21T07:24:40","modified_gmt":"2026-04-21T05:24:40","slug":"now-foods-magnesium-400mg-180-kaps","status":"publish","type":"product","link":"https:\/\/veganova.eu\/et\/shop\/now-foods-magnesium-400mg-180-kaps\/","title":{"rendered":"NOW Foods Magneesium, 400mg (180 kapslit)"},"content":{"rendered":"<h3>NOW Foods Magneesium, 400mg (180 kapslit)<\/h3>\n<p>Toetab energiatootmist<br \/>\nKriitiline ens\u00fc\u00fcmide toimimiseks<br \/>\nMagneesium on mineraal, mis on kriitilise t\u00e4htsusega energia tootmisel ja ainevahetuses, lihaste kokkut\u00f5mbumisel, n\u00e4rviimpulsside edastamisel ja luude mineraliseerumisel. See on vajalik kofaktor hinnanguliselt 300 ens\u00fc\u00fcmi jaoks. Nende ens\u00fc\u00fcmide poolt katal\u00fc\u00fcsitavate reaktsioonide hulka kuuluvad rasvhapete s\u00fcntees, valgus\u00fcntees ja gl\u00fckoosi ainevahetus. Magneesiumi staatus on oluline ka kaltsiumitasakaalu reguleerimisel, kuna see m\u00f5jutab k\u00f5rvalkilpn\u00e4\u00e4ret.<\/p>","protected":false},"excerpt":{"rendered":"<p>Vegan nutritional supplement NOW Foods Magnesium, 400mg, package contains: 180 capsules. Gluten-free, GMO-free.<\/p>","protected":false},"featured_media":51383,"comment_status":"closed","ping_status":"closed","template":"","meta":{"advanced_seo_description":"","jetpack_seo_html_title":"","jetpack_seo_noindex":false},"pwb-brand":[173],"product_brand":[4580],"product_cat":[152],"product_tag":[1255,1078,1197,1079,1126],"class_list":{"0":"post-5215","1":"product","2":"type-product","3":"status-publish","4":"has-post-thumbnail","6":"pwb-brand-now-foods","7":"product_brand-now-foods","8":"product_cat-vitamins-and-minerals","9":"product_tag-musculature","10":"product_tag-psyche","11":"product_tag-regeneration","12":"product_tag-relaxation","13":"product_tag-stress","14":"brand_woo-now-foods","16":"first","17":"instock","18":"taxable","19":"shipping-taxable","20":"purchasable","21":"product-type-simple"},"jetpack_sharing_enabled":true,"brands":[{"id":173,"name":"NOW Foods","slug":"now-foods"}],"_links":{"self":[{"href":"https:\/\/veganova.eu\/et\/wp-json\/wp\/v2\/product\/5215","targetHints":{"allow":["GET"]}}],"collection":[{"href":"https:\/\/veganova.eu\/et\/wp-json\/wp\/v2\/product"}],"about":[{"href":"https:\/\/veganova.eu\/et\/wp-json\/wp\/v2\/types\/product"}],"replies":[{"embeddable":true,"href":"https:\/\/veganova.eu\/et\/wp-json\/wp\/v2\/comments?post=5215"}],"version-history":[{"count":1,"href":"https:\/\/veganova.eu\/et\/wp-json\/wp\/v2\/product\/5215\/revisions"}],"predecessor-version":[{"id":58323,"href":"https:\/\/veganova.eu\/et\/wp-json\/wp\/v2\/product\/5215\/revisions\/58323"}],"wp:featuredmedia":[{"embeddable":true,"href":"https:\/\/veganova.eu\/et\/wp-json\/wp\/v2\/media\/51383"}],"wp:attachment":[{"href":"https:\/\/veganova.eu\/et\/wp-json\/wp\/v2\/media?parent=5215"}],"wp:term":[{"taxonomy":"pwb-brand","embeddable":true,"href":"https:\/\/veganova.eu\/et\/wp-json\/wp\/v2\/pwb-brand?post=5215"},{"taxonomy":"product_brand","embeddable":true,"href":"https:\/\/veganova.eu\/et\/wp-json\/wp\/v2\/product_brand?post=5215"},{"taxonomy":"product_cat","embeddable":true,"href":"https:\/\/veganova.eu\/et\/wp-json\/wp\/v2\/product_cat?post=5215"},{"taxonomy":"product_tag","embeddable":true,"href":"https:\/\/veganova.eu\/et\/wp-json\/wp\/v2\/product_tag?post=5215"}],"curies":[{"name":"wp","href":"https:\/\/api.w.org\/{rel}","templated":true}]}}