{"id":5318,"date":"2023-10-01T17:10:24","date_gmt":"2023-10-01T15:10:24","guid":{"rendered":"https:\/\/veganova.eu\/?post_type=product&#038;p=5318"},"modified":"2026-04-21T07:24:47","modified_gmt":"2026-04-21T05:24:47","slug":"swanson-bergamot-extract-500mg-30-kaps","status":"publish","type":"product","link":"https:\/\/veganova.eu\/et\/shop\/swanson-bergamot-extract-500mg-30-kaps\/","title":{"rendered":"Swanson Bergamoti ekstrakt, 500mg (30 kapslit)"},"content":{"rendered":"<h3>Swanson Bergamoti ekstrakt, 500mg (30 kapslit)<\/h3>\n<p>Soodustab tervislikku kolesteroolitaset<br \/>\nMitmem\u00f5\u00f5tmeline toetus s\u00fcdame-veresoonkonna tervisele<br \/>\nS\u00e4ilitab arterite tervist ja elastsust.<br \/>\nToetab tervislikku CoQ10 taset<\/p>\n<p>Bergamot on v\u00e4ike, l\u00f5hnav tsitrusvili, mis sarnaneb apelsiniga, kuid on v\u00e4rvilt pigem sidrunile sarnane. Kuigi seda peetakse selle hapu kibeduse t\u00f5ttu mittes\u00f6\u00f6davaks, on see v\u00e4ga n\u00f5utud selle eeterliku \u00f5li t\u00f5ttu, mida on sajandeid kasutatud parf\u00fcmeeriates, kokkades (\u00f5li kasutatakse l\u00f5hna ja maitse lisamiseks) ja traditsioonilistes ravimtaimede valmistajates. Hiljutised edusammud tervishoiualastes uuringutes leiavad uusi rakendusi bergamoti\u00f5lile, mis sisaldab bioloogiliselt aktiivseid flavonoide. Lisage Swanson Superior Herbs Bergamoti ekstrakt oma toidulisandite kavasse, et saavutada terviklik l\u00e4henemine kolesterooli s\u00e4ilitamisele.<\/p>","protected":false},"excerpt":{"rendered":"<p>Taimetoidulisand Swanson Bergamoti ekstrakt, 500mg on ideaalne tervisliku kolesterooli ja koens\u00fc\u00fcm Q10 taseme saavutamiseks, samuti s\u00fcdame-veresoonkonna toetamiseks. Pakend sisaldab: 30 kapslit.<\/p>","protected":false},"featured_media":52929,"comment_status":"closed","ping_status":"closed","template":"","meta":{"advanced_seo_description":"","jetpack_seo_html_title":"","jetpack_seo_noindex":false},"pwb-brand":[450],"product_brand":[4753],"product_cat":[289,149],"product_tag":[1159,1241,1040,1158,1153],"class_list":{"0":"post-5318","1":"product","2":"type-product","3":"status-publish","4":"has-post-thumbnail","6":"pwb-brand-swanson","7":"product_brand-swanson","8":"product_cat-heart-and-blood-vessels","9":"product_cat-superfoods","10":"product_tag-aging","11":"product_tag-cardiovascular-system","12":"product_tag-cholesterol","13":"product_tag-heart","14":"product_tag-vessels","15":"brand_woo-swanson","17":"first","18":"instock","19":"taxable","20":"shipping-taxable","21":"purchasable","22":"product-type-simple"},"jetpack_sharing_enabled":true,"brands":[{"id":450,"name":"Swanson","slug":"swanson"}],"_links":{"self":[{"href":"https:\/\/veganova.eu\/et\/wp-json\/wp\/v2\/product\/5318","targetHints":{"allow":["GET"]}}],"collection":[{"href":"https:\/\/veganova.eu\/et\/wp-json\/wp\/v2\/product"}],"about":[{"href":"https:\/\/veganova.eu\/et\/wp-json\/wp\/v2\/types\/product"}],"replies":[{"embeddable":true,"href":"https:\/\/veganova.eu\/et\/wp-json\/wp\/v2\/comments?post=5318"}],"version-history":[{"count":1,"href":"https:\/\/veganova.eu\/et\/wp-json\/wp\/v2\/product\/5318\/revisions"}],"predecessor-version":[{"id":58416,"href":"https:\/\/veganova.eu\/et\/wp-json\/wp\/v2\/product\/5318\/revisions\/58416"}],"wp:featuredmedia":[{"embeddable":true,"href":"https:\/\/veganova.eu\/et\/wp-json\/wp\/v2\/media\/52929"}],"wp:attachment":[{"href":"https:\/\/veganova.eu\/et\/wp-json\/wp\/v2\/media?parent=5318"}],"wp:term":[{"taxonomy":"pwb-brand","embeddable":true,"href":"https:\/\/veganova.eu\/et\/wp-json\/wp\/v2\/pwb-brand?post=5318"},{"taxonomy":"product_brand","embeddable":true,"href":"https:\/\/veganova.eu\/et\/wp-json\/wp\/v2\/product_brand?post=5318"},{"taxonomy":"product_cat","embeddable":true,"href":"https:\/\/veganova.eu\/et\/wp-json\/wp\/v2\/product_cat?post=5318"},{"taxonomy":"product_tag","embeddable":true,"href":"https:\/\/veganova.eu\/et\/wp-json\/wp\/v2\/product_tag?post=5318"}],"curies":[{"name":"wp","href":"https:\/\/api.w.org\/{rel}","templated":true}]}}