{"id":5340,"date":"2023-10-01T17:10:35","date_gmt":"2023-10-01T15:10:35","guid":{"rendered":"https:\/\/veganova.eu\/?post_type=product&#038;p=5340"},"modified":"2026-04-21T07:24:48","modified_gmt":"2026-04-21T05:24:48","slug":"trace-minerals-electrolyte-stamina-power-pak-raspberry-30-packets","status":"publish","type":"product","link":"https:\/\/veganova.eu\/et\/shop\/trace-minerals-electrolyte-stamina-power-pak-raspberry-30-packets\/","title":{"rendered":"Trace Minerals Electrolyte Stamina Power Pak, vaarikas (30 pakki)"},"content":{"rendered":"<h3>Trace Minerals Electrolyte Stamina Power Pak, vaarikas (30 pakki)<\/h3>\n<p>Electrolyte Stamina Power Pak on kergesti parandatav k\u00f5rge j\u00f5udlusega energiajook, mis ei sisalda kofeiini, kunstlikke l\u00f5hna- ja maitseaineid ega kunstlikke stimulante. Meie koostis on Non-GMO ja sisaldab 1200 mg C-vitamiini, mis on oluline antioks\u00fcdant aktiivsetele ja liikuvatele inimestele. Samuti sisaldab k\u00f5iki peamisi elektrol\u00fc\u00fcte (kaalium, magneesium, kloriid ja naatrium), lisaks kogu spektri ioonilisi mikroelemente ConcenTrace'ist, mis toetavad vitamiinide ja toitainete assimilatsiooni ja imendumist.<\/p>","protected":false},"excerpt":{"rendered":"<p>Trace Minerals Electrolyte Stamina Power Pak toidulisand sisaldab kvaliteetseid ioonilisi mikroelemente, B-grupi vitamiine, C-vitamiini ja elektrol\u00fc\u00fcte. Sobiv jook sporditegevuse ja sportliku soorituse ajal v\u00f5i p\u00e4rast seda. Maitse: Maitse: Vaarikas, pakend sisaldab: 30 kotti. Gluteenivaba.<\/p>","protected":false},"featured_media":52910,"comment_status":"closed","ping_status":"closed","template":"","meta":{"advanced_seo_description":"","jetpack_seo_html_title":"","jetpack_seo_noindex":false},"pwb-brand":[451],"product_brand":[4756],"product_cat":[203,2598,132],"product_tag":[1195,860,1182],"class_list":{"0":"post-5340","1":"product","2":"type-product","3":"status-publish","4":"has-post-thumbnail","6":"pwb-brand-trace-minerals","7":"product_brand-trace-minerals","8":"product_cat-pre-workout","9":"product_cat-recovery","10":"product_cat-sports-nutrition","11":"product_tag-athletic-performance","12":"product_tag-energy","13":"product_tag-hydration","14":"brand_woo-trace-minerals","16":"first","17":"instock","18":"taxable","19":"shipping-taxable","20":"purchasable","21":"product-type-simple"},"jetpack_sharing_enabled":true,"brands":[{"id":451,"name":"J\u00e4lgmised mineraalid","slug":"trace-minerals"}],"_links":{"self":[{"href":"https:\/\/veganova.eu\/et\/wp-json\/wp\/v2\/product\/5340","targetHints":{"allow":["GET"]}}],"collection":[{"href":"https:\/\/veganova.eu\/et\/wp-json\/wp\/v2\/product"}],"about":[{"href":"https:\/\/veganova.eu\/et\/wp-json\/wp\/v2\/types\/product"}],"replies":[{"embeddable":true,"href":"https:\/\/veganova.eu\/et\/wp-json\/wp\/v2\/comments?post=5340"}],"version-history":[{"count":1,"href":"https:\/\/veganova.eu\/et\/wp-json\/wp\/v2\/product\/5340\/revisions"}],"predecessor-version":[{"id":58433,"href":"https:\/\/veganova.eu\/et\/wp-json\/wp\/v2\/product\/5340\/revisions\/58433"}],"wp:featuredmedia":[{"embeddable":true,"href":"https:\/\/veganova.eu\/et\/wp-json\/wp\/v2\/media\/52910"}],"wp:attachment":[{"href":"https:\/\/veganova.eu\/et\/wp-json\/wp\/v2\/media?parent=5340"}],"wp:term":[{"taxonomy":"pwb-brand","embeddable":true,"href":"https:\/\/veganova.eu\/et\/wp-json\/wp\/v2\/pwb-brand?post=5340"},{"taxonomy":"product_brand","embeddable":true,"href":"https:\/\/veganova.eu\/et\/wp-json\/wp\/v2\/product_brand?post=5340"},{"taxonomy":"product_cat","embeddable":true,"href":"https:\/\/veganova.eu\/et\/wp-json\/wp\/v2\/product_cat?post=5340"},{"taxonomy":"product_tag","embeddable":true,"href":"https:\/\/veganova.eu\/et\/wp-json\/wp\/v2\/product_tag?post=5340"}],"curies":[{"name":"wp","href":"https:\/\/api.w.org\/{rel}","templated":true}]}}