{"id":8704,"date":"2023-10-01T17:12:15","date_gmt":"2023-10-01T15:12:15","guid":{"rendered":"https:\/\/veganova.eu\/?post_type=product&#038;p=8704"},"modified":"2026-04-21T07:25:04","modified_gmt":"2026-04-21T05:25:04","slug":"kiki-health-beetroot-powder-organic-200g","status":"publish","type":"product","link":"https:\/\/veganova.eu\/et\/shop\/kiki-health-beetroot-powder-organic-200g\/","title":{"rendered":"KIKI Health Punapeedipulber Organic - 200g"},"content":{"rendered":"<h3>KIKI Health Punapeedipulber Organic - 200g<\/h3>\n<p>Rikkalik toidunitraatide allikas<br \/>\nLooduslik magusaine ja l\u00f5hna- ja maitseaine<br \/>\n100% puhas ja looduslik<br \/>\nEi sisalda s\u00e4ilitusaineid ega keemilisi lisandeid<br \/>\nGMO-vaba<br \/>\nVegan-s\u00f5bralik<br \/>\nV\u00f5ib kasutada kastmetes, suppides, smuutides, jogurtites,<br \/>\ndipid v\u00f5i mis tahes retseptide v\u00e4rvimiseks.<\/p>\n<p>Juurviljana pakendab peedipulber k\u00f5ik peedi muljetavaldavad toitev\u00e4\u00e4rtused kergesti kasutatavasse pulbrisse, mida saab kasutada jookides ja retseptides, et lisada neile magusat maitset ja elavat looduslikku v\u00e4rvust. Meie sertifitseeritud peedipulber on p\u00e4rit j\u00e4tkusuutlikult Euroopast toitaineterikkast pinnasest.<\/p>","protected":false},"excerpt":{"rendered":"<p>Vegan KIKI Health Punapeedipulber Organic on suurep\u00e4rane toidulisand toidu maitsestamiseks (kastmed, supid, smuutid, hommikuhelbed jne). Pakendi sisu: 200g.<\/p>","protected":false},"featured_media":52799,"comment_status":"closed","ping_status":"closed","template":"","meta":{"advanced_seo_description":"","jetpack_seo_html_title":"","jetpack_seo_noindex":false},"pwb-brand":[166],"product_brand":[4573],"product_cat":[149],"product_tag":[1414,1037,1158,1304,1380,1153],"class_list":{"0":"post-8704","1":"product","2":"type-product","3":"status-publish","4":"has-post-thumbnail","6":"pwb-brand-kiki-health","7":"product_brand-kiki-health","8":"product_cat-superfoods","9":"product_tag-antioxidants","10":"product_tag-detox","11":"product_tag-heart","12":"product_tag-hematopoiesis","13":"product_tag-oxidative-stress","14":"product_tag-vessels","15":"brand_woo-kiki-health","17":"first","18":"outofstock","19":"taxable","20":"shipping-taxable","21":"purchasable","22":"product-type-simple"},"jetpack_sharing_enabled":true,"brands":[{"id":166,"name":"KIKI tervis","slug":"kiki-health"}],"_links":{"self":[{"href":"https:\/\/veganova.eu\/et\/wp-json\/wp\/v2\/product\/8704","targetHints":{"allow":["GET"]}}],"collection":[{"href":"https:\/\/veganova.eu\/et\/wp-json\/wp\/v2\/product"}],"about":[{"href":"https:\/\/veganova.eu\/et\/wp-json\/wp\/v2\/types\/product"}],"replies":[{"embeddable":true,"href":"https:\/\/veganova.eu\/et\/wp-json\/wp\/v2\/comments?post=8704"}],"version-history":[{"count":1,"href":"https:\/\/veganova.eu\/et\/wp-json\/wp\/v2\/product\/8704\/revisions"}],"predecessor-version":[{"id":58628,"href":"https:\/\/veganova.eu\/et\/wp-json\/wp\/v2\/product\/8704\/revisions\/58628"}],"wp:featuredmedia":[{"embeddable":true,"href":"https:\/\/veganova.eu\/et\/wp-json\/wp\/v2\/media\/52799"}],"wp:attachment":[{"href":"https:\/\/veganova.eu\/et\/wp-json\/wp\/v2\/media?parent=8704"}],"wp:term":[{"taxonomy":"pwb-brand","embeddable":true,"href":"https:\/\/veganova.eu\/et\/wp-json\/wp\/v2\/pwb-brand?post=8704"},{"taxonomy":"product_brand","embeddable":true,"href":"https:\/\/veganova.eu\/et\/wp-json\/wp\/v2\/product_brand?post=8704"},{"taxonomy":"product_cat","embeddable":true,"href":"https:\/\/veganova.eu\/et\/wp-json\/wp\/v2\/product_cat?post=8704"},{"taxonomy":"product_tag","embeddable":true,"href":"https:\/\/veganova.eu\/et\/wp-json\/wp\/v2\/product_tag?post=8704"}],"curies":[{"name":"wp","href":"https:\/\/api.w.org\/{rel}","templated":true}]}}