{"id":8724,"date":"2023-10-01T17:12:21","date_gmt":"2023-10-01T15:12:21","guid":{"rendered":"https:\/\/veganova.eu\/?post_type=product&#038;p=8724"},"modified":"2026-04-21T07:25:04","modified_gmt":"2026-04-21T05:25:04","slug":"natural-vitality-calm-magnesium-powder-raspberry-lemon-113g","status":"publish","type":"product","link":"https:\/\/veganova.eu\/et\/shop\/natural-vitality-calm-magnesium-powder-raspberry-lemon-113g\/","title":{"rendered":"Natural Vitality Calm magneesiumipulber, vaarikas sidrun - 113g"},"content":{"rendered":"<h3>Natural Vitality Calm magneesiumipulber, vaarikas sidrun - 113g<\/h3>\n<p>We LOVE magnesium for the mood benefits. But the fact is, magnesium is essential for over 300 processes in the body, yet most of us don\u2019t get enough of it. So even if you\u2019re sipping for serenity, know that you\u2019re doing so much more for your well-being.<\/p>\n<p>TASAKAALUSTATUD MEELEOLU<br \/>\nMeie lemmik kasu magneesiumist on muidugi see, kui h\u00e4sti see toetab tasakaalustatud meeleolu ja tervislikku reaktsiooni stressile. Samuti leevendab see pingeid ja aitab teil l\u00f5\u00f5gastuda.*<\/p>\n<p>NIGHTTIME RELAXATION<br \/>\nMagnesium helps ease tension so you can relax for a good night\u2019s sleep.*<\/p>\n<p>LIHASTE FUNKTSIOON<br \/>\nWhen we say magnesium is an essential mineral, we mean it. Your muscles need it in order to contract and relax. The means the more active you are, the more you need it to help support healthy muscle function.*<\/p>\n<p>BRAIN &amp; NERVOUS SYSTEM FUNCTION<br \/>\nMagnesium protects the lining of your nerves and helps your nerves talk to each other. Ultimately, this supports healthy overall nerve and brain function.*<\/p>\n<p>S\u00dcDAME-VERESOONKONNA TERVIS<br \/>\nVeel \u00fcks p\u00f5hjus, miks magneesiumi armastada? Teie s\u00fcda. See ei aita mitte ainult s\u00e4ilitada tervislikku verer\u00f5hku, vaid on vajalik ka normaalseks s\u00fcdame kokkut\u00f5mbumiseks*.<\/p>\n<p>LUUTIHEDUS<br \/>\nIgap\u00e4evase magneesiumitaseme s\u00e4ilitamine aitab teil s\u00e4ilitada luude tervist. Kui te ei saa piisavalt, v\u00f5ib teie keha v\u00f5ime kaltsiumi ja D-vitamiini imenduda v\u00e4heneda.*<\/p>","protected":false},"excerpt":{"rendered":"<p>Vegan nutritional supplement in the form of Natural Vitality Calm powder containing magnesium, is ideal for healthy sleep, good mood, proper function of muscles, brain, nervous system, healthy heart and strong bones. Flavor: Raspberry Lemon. Package contents: 113g.<\/p>","protected":false},"featured_media":52784,"comment_status":"closed","ping_status":"closed","template":"","meta":{"advanced_seo_description":"","jetpack_seo_html_title":"","jetpack_seo_noindex":false},"pwb-brand":[422],"product_brand":[4732],"product_cat":[286,143],"product_tag":[1146,1208,1197,1079,1126,1229],"class_list":{"0":"post-8724","1":"product","2":"type-product","3":"status-publish","4":"has-post-thumbnail","6":"pwb-brand-natural-vitality","7":"product_brand-natural-vitality","8":"product_cat-for-a-better-mood","9":"product_cat-health-issues","10":"product_tag-good-mood","11":"product_tag-muscles","12":"product_tag-regeneration","13":"product_tag-relaxation","14":"product_tag-stress","15":"product_tag-wellness","16":"brand_woo-natural-vitality","18":"first","19":"outofstock","20":"taxable","21":"shipping-taxable","22":"purchasable","23":"product-type-simple"},"jetpack_sharing_enabled":true,"brands":[{"id":422,"name":"Looduslik eluj\u00f5ud","slug":"natural-vitality"}],"_links":{"self":[{"href":"https:\/\/veganova.eu\/et\/wp-json\/wp\/v2\/product\/8724","targetHints":{"allow":["GET"]}}],"collection":[{"href":"https:\/\/veganova.eu\/et\/wp-json\/wp\/v2\/product"}],"about":[{"href":"https:\/\/veganova.eu\/et\/wp-json\/wp\/v2\/types\/product"}],"replies":[{"embeddable":true,"href":"https:\/\/veganova.eu\/et\/wp-json\/wp\/v2\/comments?post=8724"}],"version-history":[{"count":1,"href":"https:\/\/veganova.eu\/et\/wp-json\/wp\/v2\/product\/8724\/revisions"}],"predecessor-version":[{"id":58638,"href":"https:\/\/veganova.eu\/et\/wp-json\/wp\/v2\/product\/8724\/revisions\/58638"}],"wp:featuredmedia":[{"embeddable":true,"href":"https:\/\/veganova.eu\/et\/wp-json\/wp\/v2\/media\/52784"}],"wp:attachment":[{"href":"https:\/\/veganova.eu\/et\/wp-json\/wp\/v2\/media?parent=8724"}],"wp:term":[{"taxonomy":"pwb-brand","embeddable":true,"href":"https:\/\/veganova.eu\/et\/wp-json\/wp\/v2\/pwb-brand?post=8724"},{"taxonomy":"product_brand","embeddable":true,"href":"https:\/\/veganova.eu\/et\/wp-json\/wp\/v2\/product_brand?post=8724"},{"taxonomy":"product_cat","embeddable":true,"href":"https:\/\/veganova.eu\/et\/wp-json\/wp\/v2\/product_cat?post=8724"},{"taxonomy":"product_tag","embeddable":true,"href":"https:\/\/veganova.eu\/et\/wp-json\/wp\/v2\/product_tag?post=8724"}],"curies":[{"name":"wp","href":"https:\/\/api.w.org\/{rel}","templated":true}]}}