{"id":8734,"date":"2023-10-01T17:12:25","date_gmt":"2023-10-01T15:12:25","guid":{"rendered":"https:\/\/veganova.eu\/?post_type=product&#038;p=8734"},"modified":"2026-04-21T07:25:04","modified_gmt":"2026-04-21T05:25:04","slug":"kiki-health-cognitive-60-vcaps","status":"publish","type":"product","link":"https:\/\/veganova.eu\/et\/shop\/kiki-health-cognitive-60-vcaps\/","title":{"rendered":"KIKI Health Cognitive - 60 vcaps"},"content":{"rendered":"<h3>KIKI Health Cognitive - 60 vcaps<\/h3>\n<p>Meie ekspertide meeskond koostas selle uue segu v\u00f5imsatest koostisosadest, mis k\u00f5ik aitavad kaasa aju, m\u00e4lu, stressi ja vaimse v\u00f5imekuse toetamisele.<\/p>\n<p>Iga koostisosa hangiti j\u00e4tkusuutlikult kvaliteetsetelt tarnijatelt, et tagada puhtus ja t\u00f5husus.<\/p>\n<p>See uus omap\u00e4rane valem, mis kombineerib nootroopseid aineid ja adaptogeeni, mis toetavad kognitiivset arengut.<\/p>\n<p>Lisaks mererohust p\u00e4rit joodile, mis toetab kognitiivseid ja neuroloogilisi funktsioone ning on vaimse j\u00f5udluse ja aktiivsuse jaoks \u00fclioluline, sisaldavad meie Cognitive kapslid ka kvaliteetseid Brahmi, l\u00f5vipea, koliini, Gotu Kola ja Gingko ekstrakte.<\/p>\n<p>Need koostisosad koos toetavad aju ja vaimset funktsiooni.<\/p>","protected":false},"excerpt":{"rendered":"<p>Vegan toidulisand KIKI Health Cognitive, mis sisaldab Brahmi, l\u00f5vipeenra, Gotu Kola, koliini ja Ginkgo ekstrakti, tervete ajufunktsioonide, m\u00e4lu parandamise ja suurema vaimse stressi \u00fcletamiseks. Pakendi sisu: 60 vegan kapslit.<\/p>","protected":false},"featured_media":52780,"comment_status":"closed","ping_status":"closed","template":"","meta":{"advanced_seo_description":"","jetpack_seo_html_title":"","jetpack_seo_noindex":false},"pwb-brand":[166],"product_brand":[4573],"product_cat":[294,143],"product_tag":[1221,1223,1078],"class_list":{"0":"post-8734","1":"product","2":"type-product","3":"status-publish","4":"has-post-thumbnail","6":"pwb-brand-kiki-health","7":"product_brand-kiki-health","8":"product_cat-for-seniors","9":"product_cat-health-issues","10":"product_tag-brain","11":"product_tag-memory","12":"product_tag-psyche","13":"brand_woo-kiki-health","15":"first","16":"instock","17":"taxable","18":"shipping-taxable","19":"purchasable","20":"product-type-simple"},"jetpack_sharing_enabled":true,"brands":[{"id":166,"name":"KIKI tervis","slug":"kiki-health"}],"_links":{"self":[{"href":"https:\/\/veganova.eu\/et\/wp-json\/wp\/v2\/product\/8734","targetHints":{"allow":["GET"]}}],"collection":[{"href":"https:\/\/veganova.eu\/et\/wp-json\/wp\/v2\/product"}],"about":[{"href":"https:\/\/veganova.eu\/et\/wp-json\/wp\/v2\/types\/product"}],"replies":[{"embeddable":true,"href":"https:\/\/veganova.eu\/et\/wp-json\/wp\/v2\/comments?post=8734"}],"version-history":[{"count":1,"href":"https:\/\/veganova.eu\/et\/wp-json\/wp\/v2\/product\/8734\/revisions"}],"predecessor-version":[{"id":58642,"href":"https:\/\/veganova.eu\/et\/wp-json\/wp\/v2\/product\/8734\/revisions\/58642"}],"wp:featuredmedia":[{"embeddable":true,"href":"https:\/\/veganova.eu\/et\/wp-json\/wp\/v2\/media\/52780"}],"wp:attachment":[{"href":"https:\/\/veganova.eu\/et\/wp-json\/wp\/v2\/media?parent=8734"}],"wp:term":[{"taxonomy":"pwb-brand","embeddable":true,"href":"https:\/\/veganova.eu\/et\/wp-json\/wp\/v2\/pwb-brand?post=8734"},{"taxonomy":"product_brand","embeddable":true,"href":"https:\/\/veganova.eu\/et\/wp-json\/wp\/v2\/product_brand?post=8734"},{"taxonomy":"product_cat","embeddable":true,"href":"https:\/\/veganova.eu\/et\/wp-json\/wp\/v2\/product_cat?post=8734"},{"taxonomy":"product_tag","embeddable":true,"href":"https:\/\/veganova.eu\/et\/wp-json\/wp\/v2\/product_tag?post=8734"}],"curies":[{"name":"wp","href":"https:\/\/api.w.org\/{rel}","templated":true}]}}