{"id":8772,"date":"2023-10-01T17:12:34","date_gmt":"2023-10-01T15:12:34","guid":{"rendered":"https:\/\/veganova.eu\/?post_type=product&#038;p=8772"},"modified":"2026-04-21T07:25:06","modified_gmt":"2026-04-21T05:25:06","slug":"enzymedica-digest-30-caps","status":"publish","type":"product","link":"https:\/\/veganova.eu\/et\/shop\/enzymedica-digest-30-caps\/","title":{"rendered":"Enzymedica Digest - 30 kapslit"},"content":{"rendered":"<h3>Enzymedica Digest - 30 kapslit<\/h3>\n<p>T\u00e4ielikud ens\u00fc\u00fcmid igap\u00e4evaste toitude lagundamiseks!<br \/>\nDigest Complete sisaldab ens\u00fc\u00fcme, mis lagundavad 2x rohkem kui Digest Basic.<br \/>\nSee valem lagundab t\u00f5husalt s\u00fcsivesikuid, rasvu, kiudaineid ja valke - k\u00f5ike, mida tavaliselt leidub teie igap\u00e4evases toidukoguses. Samuti kiirendab see seedimist ja soodustab toitainete imendumist. Need ens\u00fc\u00fcmid aitavad muuta igap\u00e4evased s\u00f6\u00f6gikorrad kogu p\u00e4eva energiaks. Meie patenteeritud Thera-blend ens\u00fc\u00fcmid on teaduslikult formuleeritud kogu keha jaoks.<\/p>","protected":false},"excerpt":{"rendered":"<p>Enzymedica Digest Vegan Digestive Enzymes annab organismile k\u00f5ik ens\u00fc\u00fcmid, et parandada teie halvenenud seedimist p\u00e4rast halba toitumist, halba elustiili v\u00f5i vanusega seotud seedeh\u00e4ireid. Eriline ens\u00fc\u00fcmide valem aitab organismil korralikult t\u00f6\u00f6delda s\u00fcsivesikuid, rasvu, kiudaineid ja valke. Pakendi sisu: 30 kapslit.<\/p>","protected":false},"featured_media":12112,"comment_status":"closed","ping_status":"closed","template":"","meta":{"advanced_seo_description":"","jetpack_seo_html_title":"","jetpack_seo_noindex":false},"pwb-brand":[467],"product_brand":[4767],"product_cat":[596],"product_tag":[1190,1191],"class_list":{"0":"post-8772","1":"product","2":"type-product","3":"status-publish","4":"has-post-thumbnail","6":"pwb-brand-enzymedica","7":"product_brand-enzymedica","8":"product_cat-digestion","9":"product_tag-digestive-enzymes","10":"product_tag-digestive-problems","11":"brand_woo-enzymedica","13":"first","14":"instock","15":"sale","16":"taxable","17":"shipping-taxable","18":"purchasable","19":"product-type-simple"},"jetpack_sharing_enabled":true,"brands":[{"id":467,"name":"Enzymedica","slug":"enzymedica"}],"_links":{"self":[{"href":"https:\/\/veganova.eu\/et\/wp-json\/wp\/v2\/product\/8772","targetHints":{"allow":["GET"]}}],"collection":[{"href":"https:\/\/veganova.eu\/et\/wp-json\/wp\/v2\/product"}],"about":[{"href":"https:\/\/veganova.eu\/et\/wp-json\/wp\/v2\/types\/product"}],"replies":[{"embeddable":true,"href":"https:\/\/veganova.eu\/et\/wp-json\/wp\/v2\/comments?post=8772"}],"version-history":[{"count":1,"href":"https:\/\/veganova.eu\/et\/wp-json\/wp\/v2\/product\/8772\/revisions"}],"predecessor-version":[{"id":58660,"href":"https:\/\/veganova.eu\/et\/wp-json\/wp\/v2\/product\/8772\/revisions\/58660"}],"wp:featuredmedia":[{"embeddable":true,"href":"https:\/\/veganova.eu\/et\/wp-json\/wp\/v2\/media\/12112"}],"wp:attachment":[{"href":"https:\/\/veganova.eu\/et\/wp-json\/wp\/v2\/media?parent=8772"}],"wp:term":[{"taxonomy":"pwb-brand","embeddable":true,"href":"https:\/\/veganova.eu\/et\/wp-json\/wp\/v2\/pwb-brand?post=8772"},{"taxonomy":"product_brand","embeddable":true,"href":"https:\/\/veganova.eu\/et\/wp-json\/wp\/v2\/product_brand?post=8772"},{"taxonomy":"product_cat","embeddable":true,"href":"https:\/\/veganova.eu\/et\/wp-json\/wp\/v2\/product_cat?post=8772"},{"taxonomy":"product_tag","embeddable":true,"href":"https:\/\/veganova.eu\/et\/wp-json\/wp\/v2\/product_tag?post=8772"}],"curies":[{"name":"wp","href":"https:\/\/api.w.org\/{rel}","templated":true}]}}