{"id":8780,"date":"2023-10-01T17:12:35","date_gmt":"2023-10-01T15:12:35","guid":{"rendered":"https:\/\/veganova.eu\/?post_type=product&#038;p=8780"},"modified":"2026-04-21T07:25:07","modified_gmt":"2026-04-21T05:25:07","slug":"enzymedica-digest-gold-with-atpro-90-caps","status":"publish","type":"product","link":"https:\/\/veganova.eu\/et\/shop\/enzymedica-digest-gold-with-atpro-90-caps\/","title":{"rendered":"Enzymedica Digest Gold koos ATPro-ga - 90 kapslit"},"content":{"rendered":"<h3>Enzymedica Digest Gold koos ATPro-ga - 90 kapslit<\/h3>\n<p>Ens\u00fc\u00fcmide puudulikkus v\u00f5ib tuleneda vanuse, toitumise ja elustiili kombinatsioonist. Need puudused v\u00f5ivad p\u00f5hjustada mitmesuguseid seedetrakti vaevusi, sealhulgas aeg-ajalt esinevaid gaase, puhitust, seedeh\u00e4ireid ja ebakorrap\u00e4rasust.<\/p>\n<p>Digest Gold is an advanced formula that breaks down carbohydrates, fats, fiber and protein. The enzymes in Digest Gold support optimal digestion by helping the body absorb nutrients and convert food into energy. Digestive well-being improves concentration and increases vitality. Digest Gold is an excellent choice for individuals seeking a high-potency enzyme formula.<\/p>","protected":false},"excerpt":{"rendered":"<p>Vegan digestive enzymes in high concentration for higher requirements Enzymedica Digest Gold with ATPro provides the body with all the enzymes that will correct your impaired digestion after an incorrect diet, bad lifestyle or impaired digestion due to age. The special formula of enzymes will help the body to properly process carbohydrates, fats, fiber and proteins. Package contents: 90 capsules.<\/p>","protected":false},"featured_media":52751,"comment_status":"closed","ping_status":"closed","template":"","meta":{"advanced_seo_description":"","jetpack_seo_html_title":"","jetpack_seo_noindex":false},"pwb-brand":[467],"product_brand":[4767],"product_cat":[596],"product_tag":[1188,1501,1191,1278,1234,1277],"class_list":{"0":"post-8780","1":"product","2":"type-product","3":"status-publish","4":"has-post-thumbnail","6":"pwb-brand-enzymedica","7":"product_brand-enzymedica","8":"product_cat-digestion","9":"product_tag-bloating","10":"product_tag-diets","11":"product_tag-digestive-problems","12":"product_tag-gas","13":"product_tag-gut-recovery","14":"product_tag-intestinal-problems","15":"brand_woo-enzymedica","17":"first","18":"outofstock","19":"taxable","20":"shipping-taxable","21":"purchasable","22":"product-type-simple"},"jetpack_sharing_enabled":true,"brands":[{"id":467,"name":"Enzymedica","slug":"enzymedica"}],"_links":{"self":[{"href":"https:\/\/veganova.eu\/et\/wp-json\/wp\/v2\/product\/8780","targetHints":{"allow":["GET"]}}],"collection":[{"href":"https:\/\/veganova.eu\/et\/wp-json\/wp\/v2\/product"}],"about":[{"href":"https:\/\/veganova.eu\/et\/wp-json\/wp\/v2\/types\/product"}],"replies":[{"embeddable":true,"href":"https:\/\/veganova.eu\/et\/wp-json\/wp\/v2\/comments?post=8780"}],"version-history":[{"count":1,"href":"https:\/\/veganova.eu\/et\/wp-json\/wp\/v2\/product\/8780\/revisions"}],"predecessor-version":[{"id":58664,"href":"https:\/\/veganova.eu\/et\/wp-json\/wp\/v2\/product\/8780\/revisions\/58664"}],"wp:featuredmedia":[{"embeddable":true,"href":"https:\/\/veganova.eu\/et\/wp-json\/wp\/v2\/media\/52751"}],"wp:attachment":[{"href":"https:\/\/veganova.eu\/et\/wp-json\/wp\/v2\/media?parent=8780"}],"wp:term":[{"taxonomy":"pwb-brand","embeddable":true,"href":"https:\/\/veganova.eu\/et\/wp-json\/wp\/v2\/pwb-brand?post=8780"},{"taxonomy":"product_brand","embeddable":true,"href":"https:\/\/veganova.eu\/et\/wp-json\/wp\/v2\/product_brand?post=8780"},{"taxonomy":"product_cat","embeddable":true,"href":"https:\/\/veganova.eu\/et\/wp-json\/wp\/v2\/product_cat?post=8780"},{"taxonomy":"product_tag","embeddable":true,"href":"https:\/\/veganova.eu\/et\/wp-json\/wp\/v2\/product_tag?post=8780"}],"curies":[{"name":"wp","href":"https:\/\/api.w.org\/{rel}","templated":true}]}}