{"id":8976,"date":"2023-10-01T17:13:27","date_gmt":"2023-10-01T15:13:27","guid":{"rendered":"https:\/\/veganova.eu\/?post_type=product&#038;p=8976"},"modified":"2026-04-21T07:25:14","modified_gmt":"2026-04-21T05:25:14","slug":"kiki-health-mushroom-cacao-organic-105g","status":"publish","type":"product","link":"https:\/\/veganova.eu\/et\/shop\/kiki-health-mushroom-cacao-organic-105g\/","title":{"rendered":"KIKI Health Mushroom Cacao Organic - 105g"},"content":{"rendered":"<h3>KIKI Health Mushroom Cacao Organic - 105g<\/h3>\n<p>Meie seenekakao segu \u00fchendab sertifitseeritud seente ekstrakte metsikust Chagast, Shiitakest ja Auricularia'st.<\/p>\n<p>K\u00f5ik seened on kasvatatud looduslikult, toitaineterikkal puidu- v\u00f5i vegan-substraadil, mis annab tugevad ja kvaliteetsed ekstraktid, mis on standardiseeritud 30% beeta-d-gl\u00fckaanpol\u00fcsahhariididena, mis on seente k\u00f5ige olulisem \u00fchend.<\/p>\n<p>Kasutame temperatuurikontrollitud tehnoloogiat, et eraldada v\u00e4\u00e4rtuslikke funktsionaalseid komponente seenerakkude sees; kaasaegne tootmisprotsess v\u00f5imaldab saada k\u00f5rgeima taseme aktiivseid toitaineid, mille tulemuseks on t\u00e4isspektrilised ekstraktid.<\/p>\n<p>Seenteekstraktid on segatud kakaopulbriga, mis on valmistatud hoolikalt valitud kaunadest, mis ei sisalda v\u00e4etisi ega keemilisi t\u00f6\u00f6tlemisvahendeid.<\/p>\n<p>Meie seenekakao segu on tasakaalustatud kuuma \u0161okolaadi alternatiiv, mis on rikastatud t\u00e4isspektri seeneekstraktidega.<\/p>","protected":false},"excerpt":{"rendered":"<p>Toidulisand kakao ja ravimseenedega tervisliku joogi KIKI Health Mushroom Cacao Organic loomiseks. Vegan sertifikaat.  105g.<\/p>","protected":false},"featured_media":52639,"comment_status":"closed","ping_status":"closed","template":"","meta":{"advanced_seo_description":"","jetpack_seo_html_title":"","jetpack_seo_noindex":false},"pwb-brand":[166],"product_brand":[4573],"product_cat":[2597,149],"product_tag":[1164,1117,1155,1242],"class_list":{"0":"post-8976","1":"product","2":"type-product","3":"status-publish","4":"has-post-thumbnail","6":"pwb-brand-kiki-health","7":"product_brand-kiki-health","8":"product_cat-mushrooms","9":"product_cat-superfoods","10":"product_tag-bacteria","11":"product_tag-immunity","12":"product_tag-inflammation","13":"product_tag-medicinal-fungi","14":"brand_woo-kiki-health","16":"first","17":"outofstock","18":"taxable","19":"shipping-taxable","20":"purchasable","21":"product-type-simple"},"jetpack_sharing_enabled":true,"brands":[{"id":166,"name":"KIKI tervis","slug":"kiki-health"}],"_links":{"self":[{"href":"https:\/\/veganova.eu\/et\/wp-json\/wp\/v2\/product\/8976","targetHints":{"allow":["GET"]}}],"collection":[{"href":"https:\/\/veganova.eu\/et\/wp-json\/wp\/v2\/product"}],"about":[{"href":"https:\/\/veganova.eu\/et\/wp-json\/wp\/v2\/types\/product"}],"replies":[{"embeddable":true,"href":"https:\/\/veganova.eu\/et\/wp-json\/wp\/v2\/comments?post=8976"}],"version-history":[{"count":1,"href":"https:\/\/veganova.eu\/et\/wp-json\/wp\/v2\/product\/8976\/revisions"}],"predecessor-version":[{"id":58752,"href":"https:\/\/veganova.eu\/et\/wp-json\/wp\/v2\/product\/8976\/revisions\/58752"}],"wp:featuredmedia":[{"embeddable":true,"href":"https:\/\/veganova.eu\/et\/wp-json\/wp\/v2\/media\/52639"}],"wp:attachment":[{"href":"https:\/\/veganova.eu\/et\/wp-json\/wp\/v2\/media?parent=8976"}],"wp:term":[{"taxonomy":"pwb-brand","embeddable":true,"href":"https:\/\/veganova.eu\/et\/wp-json\/wp\/v2\/pwb-brand?post=8976"},{"taxonomy":"product_brand","embeddable":true,"href":"https:\/\/veganova.eu\/et\/wp-json\/wp\/v2\/product_brand?post=8976"},{"taxonomy":"product_cat","embeddable":true,"href":"https:\/\/veganova.eu\/et\/wp-json\/wp\/v2\/product_cat?post=8976"},{"taxonomy":"product_tag","embeddable":true,"href":"https:\/\/veganova.eu\/et\/wp-json\/wp\/v2\/product_tag?post=8976"}],"curies":[{"name":"wp","href":"https:\/\/api.w.org\/{rel}","templated":true}]}}