{"id":9036,"date":"2023-10-01T17:13:42","date_gmt":"2023-10-01T15:13:42","guid":{"rendered":"https:\/\/veganova.eu\/?post_type=product&#038;p=9036"},"modified":"2026-04-26T02:21:35","modified_gmt":"2026-04-26T00:21:35","slug":"nordic-naturals-nordic-flora-probiotic-comfort-15-billion-cfu-30-caps","status":"publish","type":"product","link":"https:\/\/veganova.eu\/et\/shop\/nordic-naturals-nordic-flora-probiotic-comfort-15-billion-cfu-30-caps\/","title":{"rendered":"Nordic Naturals Nordic Flora Probiotic Comfort, 15 miljardit CFU - 30 kapslit."},"content":{"rendered":"<h3>Nordic Naturals Nordic Flora Probiotic Comfort, 15 miljardit CFU - 30 kapslit.<\/h3>\n<p>See laia toimespektriga probiootikum, mis on koostatud seedetrakti probleemide leevendamiseks ja toidutundlikkusega inimestele, sisaldab 13 erinevat t\u00fcve ja 15 miljardit eluskultuuri.<\/p>\n<p>MIKS SEE TEILE MEELDIB:<br \/>\n- 15 miljardit CFU; 5 mg prebiootilist FOS.<br \/>\n- 13 teadusuuringutega t\u00f5estatud probiootilist t\u00fcve, mis on koostatud korrap\u00e4rasuse toetamiseks ja puhituse leevendamiseks.<br \/>\n- Ei vaja jahutamist; ideaalne reisimiseks.<br \/>\n- Allergeenivaba, vegan ja GMO-vaba.<br \/>\n- Ei sisalda piimatooteid, nisu, gluteeni, maisi ega soja.<\/p>","protected":false},"excerpt":{"rendered":"<p>Nordic Naturals Nordic Flora Probiotic Comfort on tervislikke baktereid sisaldav toidulisand, mis sobib ideaalselt toiduallergikutele ja sisaldab 13 erinevat t\u00fc\u00fcpi soolebakterit, 15 triljonit eluskultuuri, 5 mg oligosahhariide. Ei vaja jahutada, ideaalne reisimiseks. Vegan, GMO-vaba, gluteenivaba, sojavaba, maisivaba. Pakendi sisu: 30 kapslit.<\/p>","protected":false},"featured_media":12091,"comment_status":"closed","ping_status":"closed","template":"","meta":{"advanced_seo_description":"","jetpack_seo_html_title":"","jetpack_seo_noindex":false},"pwb-brand":[171],"product_brand":[4579],"product_cat":[596],"product_tag":[1270,1502,1234],"class_list":{"0":"post-9036","1":"product","2":"type-product","3":"status-publish","4":"has-post-thumbnail","6":"pwb-brand-nordic-naturals","7":"product_brand-nordic-naturals","8":"product_cat-digestion","9":"product_tag-digestion-and-travel","10":"product_tag-food-allergies","11":"product_tag-gut-recovery","12":"brand_woo-nordic-naturals","14":"first","15":"outofstock","16":"taxable","17":"shipping-taxable","18":"purchasable","19":"product-type-simple"},"jetpack_sharing_enabled":true,"brands":[{"id":171,"name":"Nordic Naturals","slug":"nordic-naturals"}],"_links":{"self":[{"href":"https:\/\/veganova.eu\/et\/wp-json\/wp\/v2\/product\/9036","targetHints":{"allow":["GET"]}}],"collection":[{"href":"https:\/\/veganova.eu\/et\/wp-json\/wp\/v2\/product"}],"about":[{"href":"https:\/\/veganova.eu\/et\/wp-json\/wp\/v2\/types\/product"}],"replies":[{"embeddable":true,"href":"https:\/\/veganova.eu\/et\/wp-json\/wp\/v2\/comments?post=9036"}],"version-history":[{"count":1,"href":"https:\/\/veganova.eu\/et\/wp-json\/wp\/v2\/product\/9036\/revisions"}],"predecessor-version":[{"id":58778,"href":"https:\/\/veganova.eu\/et\/wp-json\/wp\/v2\/product\/9036\/revisions\/58778"}],"wp:featuredmedia":[{"embeddable":true,"href":"https:\/\/veganova.eu\/et\/wp-json\/wp\/v2\/media\/12091"}],"wp:attachment":[{"href":"https:\/\/veganova.eu\/et\/wp-json\/wp\/v2\/media?parent=9036"}],"wp:term":[{"taxonomy":"pwb-brand","embeddable":true,"href":"https:\/\/veganova.eu\/et\/wp-json\/wp\/v2\/pwb-brand?post=9036"},{"taxonomy":"product_brand","embeddable":true,"href":"https:\/\/veganova.eu\/et\/wp-json\/wp\/v2\/product_brand?post=9036"},{"taxonomy":"product_cat","embeddable":true,"href":"https:\/\/veganova.eu\/et\/wp-json\/wp\/v2\/product_cat?post=9036"},{"taxonomy":"product_tag","embeddable":true,"href":"https:\/\/veganova.eu\/et\/wp-json\/wp\/v2\/product_tag?post=9036"}],"curies":[{"name":"wp","href":"https:\/\/api.w.org\/{rel}","templated":true}]}}