{"id":9150,"date":"2023-10-01T17:14:14","date_gmt":"2023-10-01T15:14:14","guid":{"rendered":"https:\/\/veganova.eu\/?post_type=product&#038;p=9150"},"modified":"2026-04-21T07:25:19","modified_gmt":"2026-04-21T05:25:19","slug":"swanson-pure-brainpower-60-vcaps","status":"publish","type":"product","link":"https:\/\/veganova.eu\/et\/shop\/swanson-pure-brainpower-60-vcaps\/","title":{"rendered":"Swanson Pure Brainpower - 60 kapslit"},"content":{"rendered":"<h3>Swanson Pure Brainpower - 60 kapslit<\/h3>\n<ul>\n<li>Kliiniliselt uuritud ravimtaimed, mis t\u00f5endatult edendavad m\u00e4lu ja \u00fcldist aju tervist<\/li>\n<li>Sisaldab Ginkgo biloba, BaCognize Bacopa monnieri ja NeuroFactor kohvi puuviljaekstrakti.<\/li>\n<li>Adaptogeenne valem pakub teaduslikult uuritud annuseid kognitiivsete funktsioonide ja keskendumise jaoks.<\/li>\n<\/ul>\n<p>Kui me m\u00f5tleme tervislikule vananemisele, on lihtne keskenduda peamiselt f\u00fc\u00fcsilisele tervisele - sellistele asjadele nagu liikuvus, paindlikkus ja vastupidavus. Me kipume t\u00e4helepanuta j\u00e4tma teisi tervisliku vananemise olulisi komponente - meie vaimset, emotsionaalset ja ps\u00fchholoogilist tervist. L\u00fchidalt \u00f6eldes unustame m\u00f5elda aju tervisele. Kognitiivsed funktsioonid ja j\u00f5udlus v\u00f5ivad vanusega v\u00e4heneda, eriti kuna uuringud on n\u00e4idanud, et terve ajust saadava neurotroofilise faktori (BDNF) tootmine, mis on seotud terve kognitiivse funktsiooniga, v\u00f5ib vananedes v\u00e4heneda.<\/p>\n<p>Swanson Pure Science Herbals toob teile Pure Brainpoweri, et muuta aju toitmine lihtsaks kliiniliselt uuritud koostisosadega, mis toetavad kognitiivset funktsiooni, keskendumist ja meeldej\u00e4tmist toetavaid elut\u00e4htsaid neurotransmittereid. Pure Brainpower on segu traditsioonilistest adaptogeensetest ravimtaimedest ja tipptasemel taimeekstraktidest teaduslikult uuritud annustes, mis on t\u00f5estatud, et soodustavad \u00fcldist vaimset keskendumist, kognitiivset funktsiooni, samuti tervet verevoolu ajus. Swanson Pure Science Herbals toob teile selle puhta ja v\u00f5imsa ajutervise valemi ka murdosa hinnaga v\u00f5rreldes juhtivate riiklike brands-ga.<\/p>","protected":false},"excerpt":{"rendered":"<p>Vegan toidulisand terve aju ja m\u00e4lu toetamiseks Swanson Pure Brainpower, mis sisaldab Ginkgo Biloba, Bacognize Bacopa monnieri ja kohvimarja ekstrakti. Vegan sertifitseerimine.  60 vegan kapslit.<\/p>","protected":false},"featured_media":53897,"comment_status":"closed","ping_status":"closed","template":"","meta":{"advanced_seo_description":"","jetpack_seo_html_title":"","jetpack_seo_noindex":false},"pwb-brand":[450],"product_brand":[4753],"product_cat":[2599,294,143],"product_tag":[1221,855,1223],"class_list":{"0":"post-9150","1":"product","2":"type-product","3":"status-publish","4":"has-post-thumbnail","6":"pwb-brand-swanson","7":"product_brand-swanson","8":"product_cat-brain-and-memory","9":"product_cat-for-seniors","10":"product_cat-health-issues","11":"product_tag-brain","12":"product_tag-for-seniors","13":"product_tag-memory","14":"brand_woo-swanson","16":"first","17":"outofstock","18":"taxable","19":"shipping-taxable","20":"purchasable","21":"product-type-simple"},"jetpack_sharing_enabled":true,"brands":[{"id":450,"name":"Swanson","slug":"swanson"}],"_links":{"self":[{"href":"https:\/\/veganova.eu\/et\/wp-json\/wp\/v2\/product\/9150","targetHints":{"allow":["GET"]}}],"collection":[{"href":"https:\/\/veganova.eu\/et\/wp-json\/wp\/v2\/product"}],"about":[{"href":"https:\/\/veganova.eu\/et\/wp-json\/wp\/v2\/types\/product"}],"replies":[{"embeddable":true,"href":"https:\/\/veganova.eu\/et\/wp-json\/wp\/v2\/comments?post=9150"}],"version-history":[{"count":1,"href":"https:\/\/veganova.eu\/et\/wp-json\/wp\/v2\/product\/9150\/revisions"}],"predecessor-version":[{"id":58834,"href":"https:\/\/veganova.eu\/et\/wp-json\/wp\/v2\/product\/9150\/revisions\/58834"}],"wp:featuredmedia":[{"embeddable":true,"href":"https:\/\/veganova.eu\/et\/wp-json\/wp\/v2\/media\/53897"}],"wp:attachment":[{"href":"https:\/\/veganova.eu\/et\/wp-json\/wp\/v2\/media?parent=9150"}],"wp:term":[{"taxonomy":"pwb-brand","embeddable":true,"href":"https:\/\/veganova.eu\/et\/wp-json\/wp\/v2\/pwb-brand?post=9150"},{"taxonomy":"product_brand","embeddable":true,"href":"https:\/\/veganova.eu\/et\/wp-json\/wp\/v2\/product_brand?post=9150"},{"taxonomy":"product_cat","embeddable":true,"href":"https:\/\/veganova.eu\/et\/wp-json\/wp\/v2\/product_cat?post=9150"},{"taxonomy":"product_tag","embeddable":true,"href":"https:\/\/veganova.eu\/et\/wp-json\/wp\/v2\/product_tag?post=9150"}],"curies":[{"name":"wp","href":"https:\/\/api.w.org\/{rel}","templated":true}]}}