{"id":9216,"date":"2023-10-01T17:14:34","date_gmt":"2023-10-01T15:14:34","guid":{"rendered":"https:\/\/veganova.eu\/?post_type=product&#038;p=9216"},"modified":"2026-04-21T07:25:21","modified_gmt":"2026-04-21T05:25:21","slug":"kiki-health-shiitake-extract-powder-organic-50g","status":"publish","type":"product","link":"https:\/\/veganova.eu\/et\/shop\/kiki-health-shiitake-extract-powder-organic-50g\/","title":{"rendered":"KIKI Health Shiitake ekstrakti pulber orgaaniline - 50g"},"content":{"rendered":"<h3>KIKI Health Shiitake ekstrakti pulber orgaaniline - 50g<\/h3>\n<p>Meie Shiitake ekstrakti pulber saadakse seente viljakehade ekstraheerimise teel, mis on t\u00f5estatud, et need on palju rikkamad toimeainetes ja sisaldavad rohkem beeta-D-gl\u00fckaane, mis on rikkalikult pol\u00fcsahhariide, kui seened, mis on ekstraheeritud m\u00fctseelist.<\/p>\n<p>Meie puhas ja kontsentreeritud Shiitake ekstrakti pulber on asjatundlikult standardiseeritud, et saavutada muljetavaldav 50% pol\u00fcsahhariidide sisaldus ning sisaldab m\u00e4rkimisv\u00e4\u00e4rset hulka triterpeene, steroole ja pol\u00fcfenoole.<\/p>\n<p>Meie ekstrakt ei sisalda t\u00e4iteaineid, nagu t\u00e4rklis ja teravili, ega mingeid lisandeid.<\/p>\n<p>Saate 100% puhast seeneekstrakti meie Shiitake seenekstraktist.<\/p>\n<p>Sobib taimetoitlastele ja veganitele.<\/p>\n<p>Ei mingeid lisandeid, m\u00fctseeli, terasid v\u00f5i mida iganes. Puhas ja kontsentreeritud.<\/p>","protected":false},"excerpt":{"rendered":"<p>Ravimseent Shitake sisaldav toidulisand KIKI Health Shiitake Extract Powder Organic on gluteenivaba, vegan ja mahep\u00f5llumajanduslikult sertifitseeritud. Pakendi sisu: 50g.<\/p>","protected":false},"featured_media":52557,"comment_status":"closed","ping_status":"closed","template":"","meta":{"advanced_seo_description":"","jetpack_seo_html_title":"","jetpack_seo_noindex":false},"pwb-brand":[166],"product_brand":[4573],"product_cat":[149],"product_tag":[860,1117,1155,1063],"class_list":{"0":"post-9216","1":"product","2":"type-product","3":"status-publish","4":"has-post-thumbnail","6":"pwb-brand-kiki-health","7":"product_brand-kiki-health","8":"product_cat-superfoods","9":"product_tag-energy","10":"product_tag-immunity","11":"product_tag-inflammation","12":"product_tag-medicinal-mushrooms","13":"brand_woo-kiki-health","15":"first","16":"outofstock","17":"taxable","18":"shipping-taxable","19":"purchasable","20":"product-type-simple"},"jetpack_sharing_enabled":true,"brands":[{"id":166,"name":"KIKI tervis","slug":"kiki-health"}],"_links":{"self":[{"href":"https:\/\/veganova.eu\/et\/wp-json\/wp\/v2\/product\/9216","targetHints":{"allow":["GET"]}}],"collection":[{"href":"https:\/\/veganova.eu\/et\/wp-json\/wp\/v2\/product"}],"about":[{"href":"https:\/\/veganova.eu\/et\/wp-json\/wp\/v2\/types\/product"}],"replies":[{"embeddable":true,"href":"https:\/\/veganova.eu\/et\/wp-json\/wp\/v2\/comments?post=9216"}],"version-history":[{"count":1,"href":"https:\/\/veganova.eu\/et\/wp-json\/wp\/v2\/product\/9216\/revisions"}],"predecessor-version":[{"id":58861,"href":"https:\/\/veganova.eu\/et\/wp-json\/wp\/v2\/product\/9216\/revisions\/58861"}],"wp:featuredmedia":[{"embeddable":true,"href":"https:\/\/veganova.eu\/et\/wp-json\/wp\/v2\/media\/52557"}],"wp:attachment":[{"href":"https:\/\/veganova.eu\/et\/wp-json\/wp\/v2\/media?parent=9216"}],"wp:term":[{"taxonomy":"pwb-brand","embeddable":true,"href":"https:\/\/veganova.eu\/et\/wp-json\/wp\/v2\/pwb-brand?post=9216"},{"taxonomy":"product_brand","embeddable":true,"href":"https:\/\/veganova.eu\/et\/wp-json\/wp\/v2\/product_brand?post=9216"},{"taxonomy":"product_cat","embeddable":true,"href":"https:\/\/veganova.eu\/et\/wp-json\/wp\/v2\/product_cat?post=9216"},{"taxonomy":"product_tag","embeddable":true,"href":"https:\/\/veganova.eu\/et\/wp-json\/wp\/v2\/product_tag?post=9216"}],"curies":[{"name":"wp","href":"https:\/\/api.w.org\/{rel}","templated":true}]}}