{"id":14665,"date":"2023-11-13T19:30:04","date_gmt":"2023-11-13T18:30:04","guid":{"rendered":"https:\/\/veganova.eu\/?post_type=product&#038;p=14665"},"modified":"2026-04-21T07:25:28","modified_gmt":"2026-04-21T05:25:28","slug":"allnutrition-flex-all-complete-cherry-400g","status":"publish","type":"product","link":"https:\/\/veganova.eu\/fi\/shop\/allnutrition-flex-all-complete-cherry-400g\/","title":{"rendered":"Allnutrition Flex All Complete, kirsikka - 400g"},"content":{"rendered":"<h3>Allnutrition Flex All Complete, kirsikka - 400g<\/h3>\n<p>Nivelrustoa kutsutaan rustokudokseksi, ja se est\u00e4\u00e4 toisiinsa kosketuksissa olevien luiden kulumista. I\u00e4kk\u00e4\u00e4mm\u00e4ll\u00e4 i\u00e4ll\u00e4 nivelrusto ei pysty uusiutumaan, jolloin se voi h\u00e4vit\u00e4.<\/p>\n<p>FLEX ALL COMPLETE -valmisteen ansiosta voit nopeuttaa uudistumista ja tukea vaurioituneen rustorakenteen j\u00e4lleenrakentamista, mik\u00e4 stimuloi kollageenin tuotantoa ja palauttaa nivelten kimmoisuuden. Helposti sulavat ainesosat, jotka ovat saatavilla jauheena, ovat tehokkaimpia t\u00e4ss\u00e4 uudistumisprosessissa.<\/p>\n<p>FLEX ALL COMPLETE on tuote, joka perustuu p\u00e4\u00e4asiassa kollageeniin. Kollageeni on proteiini, joka auttaa yll\u00e4pit\u00e4m\u00e4\u00e4n terveit\u00e4 luita. Lis\u00e4ksi siin\u00e4 on useita tukevia ainesosia. N\u00e4it\u00e4 ovat muun muassa C-vitamiini, joka auttaa kollageenin asianmukaisessa tuotannossa ruston ja ihon asianmukaisen toiminnan varmistamiseksi.<\/p>","protected":false},"excerpt":{"rendered":"<p>Kauneus- ja terveyslis\u00e4 Allnutrition Flex All Complete Sis\u00e4lt\u00e4\u00e4 hydrolysoitua naudan kollageenia, L-proliinia, glukosamiinia, MSM:\u00e4\u00e4, C-vitamiinia, magnesiumia ja B6-vitamiinia.  Kirsikka.  400g.<\/p>","protected":false},"featured_media":53753,"comment_status":"closed","ping_status":"closed","template":"","meta":{"advanced_seo_description":"","jetpack_seo_html_title":"","jetpack_seo_noindex":false},"pwb-brand":[475],"product_brand":[4774],"product_cat":[688,684],"product_tag":[],"class_list":{"0":"post-14665","1":"product","2":"type-product","3":"status-publish","4":"has-post-thumbnail","6":"pwb-brand-allnutrition","7":"product_brand-allnutrition","8":"product_cat-beauty-supplements","9":"product_cat-clean-beauty","10":"brand_woo-allnutrition","12":"first","13":"outofstock","14":"taxable","15":"shipping-taxable","16":"purchasable","17":"product-type-simple"},"jetpack_sharing_enabled":true,"brands":[{"id":475,"name":"Allnutrition","slug":"allnutrition"}],"_links":{"self":[{"href":"https:\/\/veganova.eu\/fi\/wp-json\/wp\/v2\/product\/14665","targetHints":{"allow":["GET"]}}],"collection":[{"href":"https:\/\/veganova.eu\/fi\/wp-json\/wp\/v2\/product"}],"about":[{"href":"https:\/\/veganova.eu\/fi\/wp-json\/wp\/v2\/types\/product"}],"replies":[{"embeddable":true,"href":"https:\/\/veganova.eu\/fi\/wp-json\/wp\/v2\/comments?post=14665"}],"version-history":[{"count":1,"href":"https:\/\/veganova.eu\/fi\/wp-json\/wp\/v2\/product\/14665\/revisions"}],"predecessor-version":[{"id":58918,"href":"https:\/\/veganova.eu\/fi\/wp-json\/wp\/v2\/product\/14665\/revisions\/58918"}],"wp:featuredmedia":[{"embeddable":true,"href":"https:\/\/veganova.eu\/fi\/wp-json\/wp\/v2\/media\/53753"}],"wp:attachment":[{"href":"https:\/\/veganova.eu\/fi\/wp-json\/wp\/v2\/media?parent=14665"}],"wp:term":[{"taxonomy":"pwb-brand","embeddable":true,"href":"https:\/\/veganova.eu\/fi\/wp-json\/wp\/v2\/pwb-brand?post=14665"},{"taxonomy":"product_brand","embeddable":true,"href":"https:\/\/veganova.eu\/fi\/wp-json\/wp\/v2\/product_brand?post=14665"},{"taxonomy":"product_cat","embeddable":true,"href":"https:\/\/veganova.eu\/fi\/wp-json\/wp\/v2\/product_cat?post=14665"},{"taxonomy":"product_tag","embeddable":true,"href":"https:\/\/veganova.eu\/fi\/wp-json\/wp\/v2\/product_tag?post=14665"}],"curies":[{"name":"wp","href":"https:\/\/api.w.org\/{rel}","templated":true}]}}